{"id":122,"date":"2023-10-30T14:49:40","date_gmt":"2023-10-30T13:49:40","guid":{"rendered":"https:\/\/www.aquaprofit.com\/?page_id=122"},"modified":"2024-04-23T12:30:11","modified_gmt":"2024-04-23T10:30:11","slug":"contact-us","status":"publish","type":"page","link":"https:\/\/www.aquaprofit.com\/en\/contact-us\/","title":{"rendered":"Contact us"},"content":{"rendered":"<h1>OUR CONTACTS<\/h1>\n<h2>OFFICE<\/h2>\n<ul>\n<li><strong>CENTRAL OFFICE<\/strong>\u00a0 Buda\u00f6rsi \u00fat 131\/A, Budapest 1118, Hungary\n<ul>\n<li><a href=\"https:\/\/www.google.hu\/maps\/dir\/\/Buda%C3%B6rsi+%C3%BAt+131a,+Budapest,+1118\/@47.4652131,19.0126452,20z\/data=!4m8!4m7!1m0!1m5!1m1!1s0x4741dddd57254b89:0x4713eab64a72c4b!2m2!1d19.0124797!2d47.4653493?entry=ttu\" target=\"_blank\" rel=\"noopener\"><em>Start route planning<\/em><\/a><\/li>\n<\/ul>\n<\/li>\n<\/ul>\n<h2>WAREHOUSE<\/h2>\n<ul>\n<li><strong>P\u00c9CS SITE<\/strong>\u00a0Nagyh\u00eddi \u00fat 5., P\u00e9cs 7621, Hungary<\/li>\n<\/ul>\n<h2>MAIN CONTACTS<\/h2>\n<ul>\n<li><strong>postal address:<\/strong> Buda\u00f6rsi \u00fat 131\/A, Budapest 1118, Hungary<\/li>\n<li><strong>phone:<\/strong>\u00a0+36 30 70 99 320<\/li>\n<li><strong>e-mail:<\/strong>\u00a0<a href=\"mailto:aquaprofit@aquaprofit.com\" target=\"_blank\" rel=\"noopener\">aquaprofit@aquaprofit.com<\/a><\/li>\n<\/ul>\n<h2>BILLING ADDRESS<\/h2>\n<ul>\n<li><strong>address:<\/strong> Buda\u00f6rsi \u00fat 131\/A, Budapest 1118, Hungary<\/li>\n<li><strong>e-mail:<\/strong>\u00a0<a href=\"mailto:penzugy@aquaprofit.com\" target=\"_blank\" rel=\"noopener\">penzugy@aquaprofit.com<\/a><\/li>\n<\/ul>\n<h2>WE LOOK FORWARD TO YOUR BUSINESS INTEREST HERE<\/h2>\n<ul>\n<li><a href=\"mailto:vallalkozas@aquaprofit.com\">vallalkozas@aquaprofit.com<\/a><\/li>\n<\/ul>\n<p>&nbsp;<\/p>\n<p><img loading=\"lazy\" decoding=\"async\" class=\"aligncenter wp-image-441 img-fluid\" src=\"https:\/\/www.aquaprofit.com\/files\/logo_vegleges2.jpg\" alt=\"\" width=\"600\" height=\"92\" \/><\/p>\n","protected":false},"excerpt":{"rendered":"<p>OUR CONTACTS OFFICE CENTRAL OFFICE\u00a0 Buda\u00f6rsi \u00fat 131\/A, Budapest 1118, Hungary Start route planning WAREHOUSE P\u00c9CS SITE\u00a0Nagyh\u00eddi \u00fat 5., P\u00e9cs 7621, Hungary MAIN CONTACTS postal address: Buda\u00f6rsi \u00fat 131\/A, Budapest 1118, Hungary phone:\u00a0+36 30 70 99 320 e-mail:\u00a0aquaprofit@aquaprofit.com BILLING ADDRESS address: Buda\u00f6rsi \u00fat 131\/A, Budapest 1118, Hungary e-mail:\u00a0penzugy@aquaprofit.com WE LOOK FORWARD TO YOUR BUSINESS INTEREST <a href=\"https:\/\/www.aquaprofit.com\/en\/contact-us\/\" class=\"more-link\">&#8230;<span class=\"screen-reader-text\">  Contact us<\/span><\/a><\/p>\n","protected":false},"author":1,"featured_media":638,"parent":0,"menu_order":4,"comment_status":"closed","ping_status":"closed","template":"","meta":{"footnotes":""},"class_list":["post-122","page","type-page","status-publish","has-post-thumbnail","hentry"],"yoast_head":"<!-- This site is optimized with the Yoast SEO plugin v26.7 - https:\/\/yoast.com\/wordpress\/plugins\/seo\/ -->\n<title>Contact us - Aquaprofit Zrt.<\/title>\n<meta name=\"description\" content=\"Our contacts\" \/>\n<meta name=\"robots\" content=\"index, follow, max-snippet:-1, max-image-preview:large, max-video-preview:-1\" \/>\n<link rel=\"canonical\" href=\"https:\/\/www.aquaprofit.com\/en\/contact-us\/\" \/>\n<meta property=\"og:locale\" content=\"en_US\" \/>\n<meta property=\"og:type\" content=\"article\" \/>\n<meta property=\"og:title\" content=\"Contact us - Aquaprofit Zrt.\" \/>\n<meta property=\"og:description\" content=\"Our contacts\" \/>\n<meta property=\"og:url\" content=\"https:\/\/www.aquaprofit.com\/en\/contact-us\/\" \/>\n<meta property=\"og:site_name\" content=\"Aquaprofit Zrt.\" \/>\n<meta property=\"article:modified_time\" content=\"2024-04-23T10:30:11+00:00\" \/>\n<meta property=\"og:image\" content=\"https:\/\/www.aquaprofit.com\/files\/bp_iroda_kulso.jpg\" \/>\n\t<meta property=\"og:image:width\" content=\"3265\" \/>\n\t<meta property=\"og:image:height\" content=\"1844\" \/>\n\t<meta property=\"og:image:type\" content=\"image\/jpeg\" \/>\n<meta name=\"twitter:card\" content=\"summary_large_image\" \/>\n<meta name=\"twitter:label1\" content=\"Est. reading time\" \/>\n\t<meta name=\"twitter:data1\" content=\"1 minute\" \/>\n<script type=\"application\/ld+json\" class=\"yoast-schema-graph\">{\"@context\":\"https:\/\/schema.org\",\"@graph\":[{\"@type\":\"WebPage\",\"@id\":\"https:\/\/www.aquaprofit.com\/en\/contact-us\/\",\"url\":\"https:\/\/www.aquaprofit.com\/en\/contact-us\/\",\"name\":\"Contact us - Aquaprofit Zrt.\",\"isPartOf\":{\"@id\":\"https:\/\/www.aquaprofit.com\/en\/#website\"},\"primaryImageOfPage\":{\"@id\":\"https:\/\/www.aquaprofit.com\/en\/contact-us\/#primaryimage\"},\"image\":{\"@id\":\"https:\/\/www.aquaprofit.com\/en\/contact-us\/#primaryimage\"},\"thumbnailUrl\":\"https:\/\/www.aquaprofit.com\/files\/bp_iroda_kulso.jpg\",\"datePublished\":\"2023-10-30T13:49:40+00:00\",\"dateModified\":\"2024-04-23T10:30:11+00:00\",\"description\":\"Our contacts\",\"inLanguage\":\"en-US\",\"potentialAction\":[{\"@type\":\"ReadAction\",\"target\":[\"https:\/\/www.aquaprofit.com\/en\/contact-us\/\"]}]},{\"@type\":\"ImageObject\",\"inLanguage\":\"en-US\",\"@id\":\"https:\/\/www.aquaprofit.com\/en\/contact-us\/#primaryimage\",\"url\":\"https:\/\/www.aquaprofit.com\/files\/bp_iroda_kulso.jpg\",\"contentUrl\":\"https:\/\/www.aquaprofit.com\/files\/bp_iroda_kulso.jpg\",\"width\":3265,\"height\":1844},{\"@type\":\"WebSite\",\"@id\":\"https:\/\/www.aquaprofit.com\/en\/#website\",\"url\":\"https:\/\/www.aquaprofit.com\/en\/\",\"name\":\"Aquaprofit Zrt.\",\"description\":\"\",\"potentialAction\":[{\"@type\":\"SearchAction\",\"target\":{\"@type\":\"EntryPoint\",\"urlTemplate\":\"https:\/\/www.aquaprofit.com\/en\/?s={search_term_string}\"},\"query-input\":{\"@type\":\"PropertyValueSpecification\",\"valueRequired\":true,\"valueName\":\"search_term_string\"}}],\"inLanguage\":\"en-US\"}]}<\/script>\n<!-- \/ Yoast SEO plugin. -->","yoast_head_json":{"title":"Contact us - Aquaprofit Zrt.","description":"Our contacts","robots":{"index":"index","follow":"follow","max-snippet":"max-snippet:-1","max-image-preview":"max-image-preview:large","max-video-preview":"max-video-preview:-1"},"canonical":"https:\/\/www.aquaprofit.com\/en\/contact-us\/","og_locale":"en_US","og_type":"article","og_title":"Contact us - Aquaprofit Zrt.","og_description":"Our contacts","og_url":"https:\/\/www.aquaprofit.com\/en\/contact-us\/","og_site_name":"Aquaprofit Zrt.","article_modified_time":"2024-04-23T10:30:11+00:00","og_image":[{"width":3265,"height":1844,"url":"https:\/\/www.aquaprofit.com\/files\/bp_iroda_kulso.jpg","type":"image\/jpeg"}],"twitter_card":"summary_large_image","twitter_misc":{"Est. reading time":"1 minute"},"schema":{"@context":"https:\/\/schema.org","@graph":[{"@type":"WebPage","@id":"https:\/\/www.aquaprofit.com\/en\/contact-us\/","url":"https:\/\/www.aquaprofit.com\/en\/contact-us\/","name":"Contact us - Aquaprofit Zrt.","isPartOf":{"@id":"https:\/\/www.aquaprofit.com\/en\/#website"},"primaryImageOfPage":{"@id":"https:\/\/www.aquaprofit.com\/en\/contact-us\/#primaryimage"},"image":{"@id":"https:\/\/www.aquaprofit.com\/en\/contact-us\/#primaryimage"},"thumbnailUrl":"https:\/\/www.aquaprofit.com\/files\/bp_iroda_kulso.jpg","datePublished":"2023-10-30T13:49:40+00:00","dateModified":"2024-04-23T10:30:11+00:00","description":"Our contacts","inLanguage":"en-US","potentialAction":[{"@type":"ReadAction","target":["https:\/\/www.aquaprofit.com\/en\/contact-us\/"]}]},{"@type":"ImageObject","inLanguage":"en-US","@id":"https:\/\/www.aquaprofit.com\/en\/contact-us\/#primaryimage","url":"https:\/\/www.aquaprofit.com\/files\/bp_iroda_kulso.jpg","contentUrl":"https:\/\/www.aquaprofit.com\/files\/bp_iroda_kulso.jpg","width":3265,"height":1844},{"@type":"WebSite","@id":"https:\/\/www.aquaprofit.com\/en\/#website","url":"https:\/\/www.aquaprofit.com\/en\/","name":"Aquaprofit Zrt.","description":"","potentialAction":[{"@type":"SearchAction","target":{"@type":"EntryPoint","urlTemplate":"https:\/\/www.aquaprofit.com\/en\/?s={search_term_string}"},"query-input":{"@type":"PropertyValueSpecification","valueRequired":true,"valueName":"search_term_string"}}],"inLanguage":"en-US"}]}},"_links":{"self":[{"href":"https:\/\/www.aquaprofit.com\/en\/wp-json\/wp\/v2\/pages\/122","targetHints":{"allow":["GET"]}}],"collection":[{"href":"https:\/\/www.aquaprofit.com\/en\/wp-json\/wp\/v2\/pages"}],"about":[{"href":"https:\/\/www.aquaprofit.com\/en\/wp-json\/wp\/v2\/types\/page"}],"author":[{"embeddable":true,"href":"https:\/\/www.aquaprofit.com\/en\/wp-json\/wp\/v2\/users\/1"}],"replies":[{"embeddable":true,"href":"https:\/\/www.aquaprofit.com\/en\/wp-json\/wp\/v2\/comments?post=122"}],"version-history":[{"count":0,"href":"https:\/\/www.aquaprofit.com\/en\/wp-json\/wp\/v2\/pages\/122\/revisions"}],"wp:featuredmedia":[{"embeddable":true,"href":"https:\/\/www.aquaprofit.com\/en\/wp-json\/wp\/v2\/media\/638"}],"wp:attachment":[{"href":"https:\/\/www.aquaprofit.com\/en\/wp-json\/wp\/v2\/media?parent=122"}],"curies":[{"name":"wp","href":"https:\/\/api.w.org\/{rel}","templated":true}]}}