{"id":126,"date":"2023-10-30T13:05:17","date_gmt":"2023-10-30T12:05:17","guid":{"rendered":"https:\/\/www.aquaprofit.com\/?page_id=126"},"modified":"2024-04-11T13:11:30","modified_gmt":"2024-04-11T11:11:30","slug":"water-and-landscape-ecological-project-planning","status":"publish","type":"page","link":"https:\/\/www.aquaprofit.com\/en\/services\/water-and-landscape-ecological-project-planning\/","title":{"rendered":"Water and landscape: ecological project planning"},"content":{"rendered":"<h1>ENVIRONMENTAL SUSTAINABILITY IN THE 21ST CENTURY<\/h1>\n<p><strong>The biggest challenge of our century, as demonstrated by the 2019\u00a0<a href=\"https:\/\/www.budapestwatersummit.hu\/hu\/Jovokep\" target=\"_blank\" rel=\"noopener\">World Water Summit<\/a>\u00a0in Budapest, is the drama of three forms of imminent water crisis, the scarcity of water, the too much water and the polluted water.<\/strong><\/p>\n<p>In order to prevent the water crisis, it is necessary to switch from the intensive landscape and water management to ecological or sustainable landscape and water management. The first step in this is to get to know the traditional natural and social environment of the landscape. To this end, the prehistoric conditions, the effects of historical and cultural events, the role and place of man in the landscape must be examined.<\/p>\n<p>As water is a central element of landscape management, plans must be made for the management of water entering the area in a natural way.<\/p>\n<blockquote>\n<h4>In the entire planning area, it is necessary to develop such land use forms, that can help retain water in areas with poor water supply and extreme water management and at the same time create a landscape with unique image that can be preserved in the long run.<\/h4>\n<\/blockquote>\n<p>Drainage areas are particularly suitable for creating this \u201cimage\u201d, because only in these can the water retention system be impemented, which is the basic structure of water management.<\/p>\n<p>During the planning, we pay special attention to the technology of \u201cbenefits\u201d belonging to each possible management method, the potential productive capacity of the planning area, the economic environment of implementation and maintenance, especially fishing \/ reed management, beekeeping, forestry and forest products, other goods, large game stocks, grassland management, animal husbandry, collection of herbs and handicraft materials.<\/p>\n<h2>SERVICE BENEFITS<\/h2>\n<ul>\n<li>expert support<\/li>\n<li>integrated design<\/li>\n<li>full complexity<\/li>\n<li>high level of professional knowledge and preparedness<\/li>\n<li>25 years of experience in similar procedures<\/li>\n<\/ul>\n<h2>FIELDS OF APPLICATION<\/h2>\n<ul>\n<li>regional development<\/li>\n<li>economic development<\/li>\n<li>water management<\/li>\n<li>tourism<\/li>\n<\/ul>\n<h2>REFERENCES<\/h2>\n<ul>\n<li><strong>Ancient-Dr\u00e1va Program: Water for the Revival of Orm\u00e1ns\u00e1g<\/strong>\u00a0<em>(Preliminary Feasibility Study, Orm\u00e1ns\u00e1g Development Association, 2005)<\/em><\/li>\n<li><strong>Complex rehabilitation and regional development of Orm\u00e1ns\u00e1g<\/strong>\u00a0<em>(Hungarian Office for Regional and Regional Development, 2005)<\/em><\/li>\n<li><strong>Working together to boost Orm\u00e1ns\u00e1g &#8211; INTERREG III \/ A\u00a0<\/strong><em>(Orm\u00e1ns\u00e1g Development Association, 2010)\u00a0<\/em><\/li>\n<li><strong>Planning for water retention and land use change in the \u0150s-Dr\u00e1va program<\/strong>\u00a0<em>(OVF, 2017-21.)<\/em><\/li>\n<\/ul>\n<div class=\"fulltext_article_image_caption_placeholder app_mediakeret\">\n<div class=\"fulltext_article_image_gallery\"><\/div>\n<\/div>\n","protected":false},"excerpt":{"rendered":"<p>ENVIRONMENTAL SUSTAINABILITY IN THE 21ST CENTURY The biggest challenge of our century, as demonstrated by the 2019\u00a0World Water Summit\u00a0in Budapest, is the drama of three forms of imminent water crisis, the scarcity of water, the too much water and the polluted water. In order to prevent the water crisis, it is necessary to switch from <a href=\"https:\/\/www.aquaprofit.com\/en\/services\/water-and-landscape-ecological-project-planning\/\" class=\"more-link\">&#8230;<span class=\"screen-reader-text\">  Water and landscape: ecological project planning<\/span><\/a><\/p>\n","protected":false},"author":1,"featured_media":477,"parent":120,"menu_order":32,"comment_status":"closed","ping_status":"closed","template":"","meta":{"footnotes":""},"class_list":["post-126","page","type-page","status-publish","has-post-thumbnail","hentry"],"yoast_head":"<!-- This site is optimized with the Yoast SEO plugin v26.7 - https:\/\/yoast.com\/wordpress\/plugins\/seo\/ -->\n<title>Water and landscape: ecological project planning - Aquaprofit Zrt.<\/title>\n<meta name=\"robots\" content=\"index, follow, max-snippet:-1, max-image-preview:large, max-video-preview:-1\" \/>\n<link rel=\"canonical\" href=\"https:\/\/www.aquaprofit.com\/en\/services\/water-and-landscape-ecological-project-planning\/\" \/>\n<meta property=\"og:locale\" content=\"en_US\" \/>\n<meta property=\"og:type\" content=\"article\" \/>\n<meta property=\"og:title\" content=\"Water and landscape: ecological project planning - Aquaprofit Zrt.\" \/>\n<meta property=\"og:description\" content=\"ENVIRONMENTAL SUSTAINABILITY IN THE 21ST CENTURY The biggest challenge of our century, as demonstrated by the 2019\u00a0World Water Summit\u00a0in Budapest, is the drama of three forms of imminent water crisis, the scarcity of water, the too much water and the polluted water. In order to prevent the water crisis, it is necessary to switch from ... Water and landscape: ecological project planning\" \/>\n<meta property=\"og:url\" content=\"https:\/\/www.aquaprofit.com\/en\/services\/water-and-landscape-ecological-project-planning\/\" \/>\n<meta property=\"og:site_name\" content=\"Aquaprofit Zrt.\" \/>\n<meta property=\"article:modified_time\" content=\"2024-04-11T11:11:30+00:00\" \/>\n<meta property=\"og:image\" content=\"https:\/\/www.aquaprofit.com\/files\/95b42913-9d5d-42fc-b085-467eda9d686d_N_shutterstock_742387474.jpg\" \/>\n\t<meta property=\"og:image:width\" content=\"982\" \/>\n\t<meta property=\"og:image:height\" content=\"655\" \/>\n\t<meta property=\"og:image:type\" content=\"image\/jpeg\" \/>\n<meta name=\"twitter:card\" content=\"summary_large_image\" \/>\n<meta name=\"twitter:label1\" content=\"Est. reading time\" \/>\n\t<meta name=\"twitter:data1\" content=\"2 minutes\" \/>\n<script type=\"application\/ld+json\" class=\"yoast-schema-graph\">{\"@context\":\"https:\/\/schema.org\",\"@graph\":[{\"@type\":\"WebPage\",\"@id\":\"https:\/\/www.aquaprofit.com\/en\/services\/water-and-landscape-ecological-project-planning\/\",\"url\":\"https:\/\/www.aquaprofit.com\/en\/services\/water-and-landscape-ecological-project-planning\/\",\"name\":\"Water and landscape: ecological project planning - Aquaprofit Zrt.\",\"isPartOf\":{\"@id\":\"https:\/\/www.aquaprofit.com\/en\/#website\"},\"primaryImageOfPage\":{\"@id\":\"https:\/\/www.aquaprofit.com\/en\/services\/water-and-landscape-ecological-project-planning\/#primaryimage\"},\"image\":{\"@id\":\"https:\/\/www.aquaprofit.com\/en\/services\/water-and-landscape-ecological-project-planning\/#primaryimage\"},\"thumbnailUrl\":\"https:\/\/www.aquaprofit.com\/files\/95b42913-9d5d-42fc-b085-467eda9d686d_N_shutterstock_742387474.jpg\",\"datePublished\":\"2023-10-30T12:05:17+00:00\",\"dateModified\":\"2024-04-11T11:11:30+00:00\",\"breadcrumb\":{\"@id\":\"https:\/\/www.aquaprofit.com\/en\/services\/water-and-landscape-ecological-project-planning\/#breadcrumb\"},\"inLanguage\":\"en-US\",\"potentialAction\":[{\"@type\":\"ReadAction\",\"target\":[\"https:\/\/www.aquaprofit.com\/en\/services\/water-and-landscape-ecological-project-planning\/\"]}]},{\"@type\":\"ImageObject\",\"inLanguage\":\"en-US\",\"@id\":\"https:\/\/www.aquaprofit.com\/en\/services\/water-and-landscape-ecological-project-planning\/#primaryimage\",\"url\":\"https:\/\/www.aquaprofit.com\/files\/95b42913-9d5d-42fc-b085-467eda9d686d_N_shutterstock_742387474.jpg\",\"contentUrl\":\"https:\/\/www.aquaprofit.com\/files\/95b42913-9d5d-42fc-b085-467eda9d686d_N_shutterstock_742387474.jpg\",\"width\":982,\"height\":655},{\"@type\":\"BreadcrumbList\",\"@id\":\"https:\/\/www.aquaprofit.com\/en\/services\/water-and-landscape-ecological-project-planning\/#breadcrumb\",\"itemListElement\":[{\"@type\":\"ListItem\",\"position\":1,\"name\":\"Services\",\"item\":\"https:\/\/www.aquaprofit.com\/en\/services\/\"},{\"@type\":\"ListItem\",\"position\":2,\"name\":\"Water and landscape: ecological project planning\"}]},{\"@type\":\"WebSite\",\"@id\":\"https:\/\/www.aquaprofit.com\/en\/#website\",\"url\":\"https:\/\/www.aquaprofit.com\/en\/\",\"name\":\"Aquaprofit Zrt.\",\"description\":\"\",\"potentialAction\":[{\"@type\":\"SearchAction\",\"target\":{\"@type\":\"EntryPoint\",\"urlTemplate\":\"https:\/\/www.aquaprofit.com\/en\/?s={search_term_string}\"},\"query-input\":{\"@type\":\"PropertyValueSpecification\",\"valueRequired\":true,\"valueName\":\"search_term_string\"}}],\"inLanguage\":\"en-US\"}]}<\/script>\n<!-- \/ Yoast SEO plugin. -->","yoast_head_json":{"title":"Water and landscape: ecological project planning - Aquaprofit Zrt.","robots":{"index":"index","follow":"follow","max-snippet":"max-snippet:-1","max-image-preview":"max-image-preview:large","max-video-preview":"max-video-preview:-1"},"canonical":"https:\/\/www.aquaprofit.com\/en\/services\/water-and-landscape-ecological-project-planning\/","og_locale":"en_US","og_type":"article","og_title":"Water and landscape: ecological project planning - Aquaprofit Zrt.","og_description":"ENVIRONMENTAL SUSTAINABILITY IN THE 21ST CENTURY The biggest challenge of our century, as demonstrated by the 2019\u00a0World Water Summit\u00a0in Budapest, is the drama of three forms of imminent water crisis, the scarcity of water, the too much water and the polluted water. In order to prevent the water crisis, it is necessary to switch from ... Water and landscape: ecological project planning","og_url":"https:\/\/www.aquaprofit.com\/en\/services\/water-and-landscape-ecological-project-planning\/","og_site_name":"Aquaprofit Zrt.","article_modified_time":"2024-04-11T11:11:30+00:00","og_image":[{"width":982,"height":655,"url":"https:\/\/www.aquaprofit.com\/files\/95b42913-9d5d-42fc-b085-467eda9d686d_N_shutterstock_742387474.jpg","type":"image\/jpeg"}],"twitter_card":"summary_large_image","twitter_misc":{"Est. reading time":"2 minutes"},"schema":{"@context":"https:\/\/schema.org","@graph":[{"@type":"WebPage","@id":"https:\/\/www.aquaprofit.com\/en\/services\/water-and-landscape-ecological-project-planning\/","url":"https:\/\/www.aquaprofit.com\/en\/services\/water-and-landscape-ecological-project-planning\/","name":"Water and landscape: ecological project planning - Aquaprofit Zrt.","isPartOf":{"@id":"https:\/\/www.aquaprofit.com\/en\/#website"},"primaryImageOfPage":{"@id":"https:\/\/www.aquaprofit.com\/en\/services\/water-and-landscape-ecological-project-planning\/#primaryimage"},"image":{"@id":"https:\/\/www.aquaprofit.com\/en\/services\/water-and-landscape-ecological-project-planning\/#primaryimage"},"thumbnailUrl":"https:\/\/www.aquaprofit.com\/files\/95b42913-9d5d-42fc-b085-467eda9d686d_N_shutterstock_742387474.jpg","datePublished":"2023-10-30T12:05:17+00:00","dateModified":"2024-04-11T11:11:30+00:00","breadcrumb":{"@id":"https:\/\/www.aquaprofit.com\/en\/services\/water-and-landscape-ecological-project-planning\/#breadcrumb"},"inLanguage":"en-US","potentialAction":[{"@type":"ReadAction","target":["https:\/\/www.aquaprofit.com\/en\/services\/water-and-landscape-ecological-project-planning\/"]}]},{"@type":"ImageObject","inLanguage":"en-US","@id":"https:\/\/www.aquaprofit.com\/en\/services\/water-and-landscape-ecological-project-planning\/#primaryimage","url":"https:\/\/www.aquaprofit.com\/files\/95b42913-9d5d-42fc-b085-467eda9d686d_N_shutterstock_742387474.jpg","contentUrl":"https:\/\/www.aquaprofit.com\/files\/95b42913-9d5d-42fc-b085-467eda9d686d_N_shutterstock_742387474.jpg","width":982,"height":655},{"@type":"BreadcrumbList","@id":"https:\/\/www.aquaprofit.com\/en\/services\/water-and-landscape-ecological-project-planning\/#breadcrumb","itemListElement":[{"@type":"ListItem","position":1,"name":"Services","item":"https:\/\/www.aquaprofit.com\/en\/services\/"},{"@type":"ListItem","position":2,"name":"Water and landscape: ecological project planning"}]},{"@type":"WebSite","@id":"https:\/\/www.aquaprofit.com\/en\/#website","url":"https:\/\/www.aquaprofit.com\/en\/","name":"Aquaprofit Zrt.","description":"","potentialAction":[{"@type":"SearchAction","target":{"@type":"EntryPoint","urlTemplate":"https:\/\/www.aquaprofit.com\/en\/?s={search_term_string}"},"query-input":{"@type":"PropertyValueSpecification","valueRequired":true,"valueName":"search_term_string"}}],"inLanguage":"en-US"}]}},"_links":{"self":[{"href":"https:\/\/www.aquaprofit.com\/en\/wp-json\/wp\/v2\/pages\/126","targetHints":{"allow":["GET"]}}],"collection":[{"href":"https:\/\/www.aquaprofit.com\/en\/wp-json\/wp\/v2\/pages"}],"about":[{"href":"https:\/\/www.aquaprofit.com\/en\/wp-json\/wp\/v2\/types\/page"}],"author":[{"embeddable":true,"href":"https:\/\/www.aquaprofit.com\/en\/wp-json\/wp\/v2\/users\/1"}],"replies":[{"embeddable":true,"href":"https:\/\/www.aquaprofit.com\/en\/wp-json\/wp\/v2\/comments?post=126"}],"version-history":[{"count":0,"href":"https:\/\/www.aquaprofit.com\/en\/wp-json\/wp\/v2\/pages\/126\/revisions"}],"up":[{"embeddable":true,"href":"https:\/\/www.aquaprofit.com\/en\/wp-json\/wp\/v2\/pages\/120"}],"wp:featuredmedia":[{"embeddable":true,"href":"https:\/\/www.aquaprofit.com\/en\/wp-json\/wp\/v2\/media\/477"}],"wp:attachment":[{"href":"https:\/\/www.aquaprofit.com\/en\/wp-json\/wp\/v2\/media?parent=126"}],"curies":[{"name":"wp","href":"https:\/\/api.w.org\/{rel}","templated":true}]}}