{"id":130,"date":"2023-10-30T13:06:49","date_gmt":"2023-10-30T12:06:49","guid":{"rendered":"https:\/\/www.aquaprofit.com\/?page_id=130"},"modified":"2024-04-11T09:58:32","modified_gmt":"2024-04-11T07:58:32","slug":"integrated-surface-water-management-systems","status":"publish","type":"page","link":"https:\/\/www.aquaprofit.com\/en\/services\/integrated-surface-water-management-systems\/","title":{"rendered":"Integrated surface water management systems"},"content":{"rendered":"<h1>WATER SAFETY IN FOCUS &#8211; A COMPLEX APPROACH, EFFICIENT SOLUTIONS<\/h1>\n<p><strong>The integrated design of surface water management systems serves the water safety of the area.<\/strong><\/p>\n<p>Nowadays, we can witness the drama of a lot of water and a little water at the same time, that is, we need to be prepared for short and intense periods as well, sometimes with extreme rainfall, and for prolonged, severe droughts. The former raises issues of life, infrastructure and property protection due to the increasing frequency of lightning floods, while the latter fundamentally affects agriculture and, in extreme cases, the security of public and industrial water supply.<\/p>\n<blockquote>That is why it is important to see water as a resource that we need to manage sustainably. Our service helps our clients in this.<\/blockquote>\n<p>In order to develop complex water management systems for water safety, we examine the possibilities of treating the excess water and \/ or missing surface water generated by our partners, document the test results and propose the necessary technical solutions.<\/p>\n<div id=\"attachment_227\" style=\"width: 710px\" class=\"wp-caption aligncenter\"><img loading=\"lazy\" decoding=\"async\" aria-describedby=\"caption-attachment-227\" class=\"wp-image-227 img-fluid\" src=\"https:\/\/www.aquaprofit.com\/files\/DJI_0315.jpg\" alt=\"Dr\u00e1va v\u00edzkiv\u00e9teli m\u0171, szivatty\u00fag\u00e9ph\u00e1z \u00e9s elektromos vez\u00e9rl\u0151egys\u00e9g, Dr\u00e1vag\u00e1rdony (\u0150s-Dr\u00e1va Program)\" width=\"700\" height=\"394\" srcset=\"https:\/\/www.aquaprofit.com\/files\/DJI_0315.jpg 1000w, https:\/\/www.aquaprofit.com\/files\/DJI_0315-534x300.jpg 534w\" sizes=\"auto, (max-width: 700px) 100vw, 700px\" \/><p id=\"caption-attachment-227\" class=\"wp-caption-text\">Drava water abstraction plant, pump house and electric control unit, Dr\u00e1vag\u00e1rdony (Ancient-Dr\u00e1va Program)<\/p><\/div>\n<h2>WHAT CAN YOU EXPECT FROM US?<\/h2>\n<p>As part of our service, our specialists prepare the design documentation for the proposed technical solutions, participate in the conduct of the authorization procedure and in obtaining the necessary permits for its implementation.<\/p>\n<p>Of course, our partners can also count on our expertise in the preparation of construction design documentation. Based on the completed construction plans, our specialists will carry out the construction of the drainage and water level control facilities, then carry out the test operation and participate in the acquisition of the operating permits.<\/p>\n<h2>SERVICE BENEFITS<\/h2>\n<ul>\n<li>expert support<\/li>\n<li>full implementation<\/li>\n<li>professional knowledge and efficiency<\/li>\n<li>25 years of experience<\/li>\n<\/ul>\n<h2>FIELDS OF APPLICATION<\/h2>\n<ul>\n<li>surface drainage systems (ditches, canals)<\/li>\n<li>structures &#8211; dams, sluices, culverts, water abstraction works<\/li>\n<\/ul>\n<h2>FROM OUR REFERENCES<\/h2>\n<ul>\n<li><strong>C\u00fan Szaporca backwater replenishment<\/strong>\u00a0<em>(South Transdanubia Water Directorate, 2016)<\/em><\/li>\n<li><strong>Dredging of the Danube Riverbed<\/strong>\u00a0<em>(Danube-Drava National Park Directorate, 2015)<\/em><\/li>\n<li><strong>\u00d3b\u00e1nya, Old stream bed management<\/strong>\u00a0<em>(\u00d3b\u00e1nya Municipality, 2014)<\/em><\/li>\n<\/ul>\n<p>&nbsp;<\/p>\n<div class=\"gallery-imgs row\">\n            <div class=\"gallery-item col-sm-6 col-lg-4\">\n                    <a href=\"https:\/\/www.aquaprofit.com\/files\/vkm-2.jpg\">\n                        <img decoding=\"async\" src=\"https:\/\/www.aquaprofit.com\/files\/vkm-2-534x300.jpg\" alt=\"\" class=\"img-fluid\">\n\t\t\t\t\t\t\t\t<span class=\"wp-caption-text\">Drava water abstraction work, Ancient-Dr\u00e1va project<\/span>\n                    <\/a>\n            <\/div>\n            <div class=\"gallery-item col-sm-6 col-lg-4\">\n                    <a href=\"https:\/\/www.aquaprofit.com\/files\/ncso-csillmt-2.jpg\">\n                        <img decoding=\"async\" src=\"https:\/\/www.aquaprofit.com\/files\/ncso-csillmt-2-534x300.jpg\" alt=\"\" class=\"img-fluid\">\n\t\t\t\t\t\t\t\t<span class=\"wp-caption-text\">Receiving-damping structure of the 1,300 m long, 1,600 mm diameter pressure pipe between the Drava water abstraction plant and the Main Canal, Ancient-Dr\u00e1va project<\/span>\n                    <\/a>\n            <\/div>\n            <div class=\"gallery-item col-sm-6 col-lg-4\">\n                    <a href=\"https:\/\/www.aquaprofit.com\/files\/S3.jpg\">\n                        <img decoding=\"async\" src=\"https:\/\/www.aquaprofit.com\/files\/S3-534x300.jpg\" alt=\"\" class=\"img-fluid\">\n\t\t\t\t\t\t\t\t\n                    <\/a>\n            <\/div>\n            <div class=\"gallery-item col-sm-6 col-lg-4\">\n                    <a href=\"https:\/\/www.aquaprofit.com\/files\/20160526_095342.jpg\">\n                        <img decoding=\"async\" src=\"https:\/\/www.aquaprofit.com\/files\/20160526_095342-534x300.jpg\" alt=\"\" class=\"img-fluid\">\n\t\t\t\t\t\t\t\t<span class=\"wp-caption-text\">Integr\u00e1lt felsz\u00edni v\u00edzgazd\u00e1lkod\u00e1s<\/span>\n                    <\/a>\n            <\/div>\n            <div class=\"gallery-item col-sm-6 col-lg-4\">\n                    <a href=\"https:\/\/www.aquaprofit.com\/files\/VKM_kint_DJI_0322.jpg\">\n                        <img decoding=\"async\" src=\"https:\/\/www.aquaprofit.com\/files\/VKM_kint_DJI_0322-534x300.jpg\" alt=\"\" class=\"img-fluid\">\n\t\t\t\t\t\t\t\t<span class=\"wp-caption-text\">Napelemes szivatty\u00fakkal ell\u00e1tott v\u00edzkiv\u00e9teli m\u0171t\u00e1rgy, mely az \u0150s-Dr\u00e1va Program fenntarthat\u00f3 v\u00edzkorm\u00e1nyz\u00e1s\u00e1t szolg\u00e1lja<\/span>\n                    <\/a>\n            <\/div><\/div>\n","protected":false},"excerpt":{"rendered":"<p>WATER SAFETY IN FOCUS &#8211; A COMPLEX APPROACH, EFFICIENT SOLUTIONS The integrated design of surface water management systems serves the water safety of the area. Nowadays, we can witness the drama of a lot of water and a little water at the same time, that is, we need to be prepared for short and intense <a href=\"https:\/\/www.aquaprofit.com\/en\/services\/integrated-surface-water-management-systems\/\" class=\"more-link\">&#8230;<span class=\"screen-reader-text\">  Integrated surface water management systems<\/span><\/a><\/p>\n","protected":false},"author":1,"featured_media":224,"parent":120,"menu_order":20,"comment_status":"closed","ping_status":"closed","template":"","meta":{"footnotes":""},"class_list":["post-130","page","type-page","status-publish","has-post-thumbnail","hentry"],"yoast_head":"<!-- This site is optimized with the Yoast SEO plugin v26.7 - https:\/\/yoast.com\/wordpress\/plugins\/seo\/ -->\n<title>Integrated surface water management systems - Aquaprofit Zrt.<\/title>\n<meta name=\"description\" content=\"As part of our service, we prepare the design documentation for the proposed technical solutions, participate in the conduct of the authorization procedure and in obtaining the necessary permits for its implementation.\" \/>\n<meta name=\"robots\" content=\"index, follow, max-snippet:-1, max-image-preview:large, max-video-preview:-1\" \/>\n<link rel=\"canonical\" href=\"https:\/\/www.aquaprofit.com\/en\/services\/integrated-surface-water-management-systems\/\" \/>\n<meta property=\"og:locale\" content=\"en_US\" \/>\n<meta property=\"og:type\" content=\"article\" \/>\n<meta property=\"og:title\" content=\"Integrated surface water management systems - Aquaprofit Zrt.\" \/>\n<meta property=\"og:description\" content=\"As part of our service, we prepare the design documentation for the proposed technical solutions, participate in the conduct of the authorization procedure and in obtaining the necessary permits for its implementation.\" \/>\n<meta property=\"og:url\" content=\"https:\/\/www.aquaprofit.com\/en\/services\/integrated-surface-water-management-systems\/\" \/>\n<meta property=\"og:site_name\" content=\"Aquaprofit Zrt.\" \/>\n<meta property=\"article:modified_time\" content=\"2024-04-11T07:58:32+00:00\" \/>\n<meta property=\"og:image\" content=\"https:\/\/www.aquaprofit.com\/files\/20160526_095342.jpg\" \/>\n\t<meta property=\"og:image:width\" content=\"2560\" \/>\n\t<meta property=\"og:image:height\" content=\"1536\" \/>\n\t<meta property=\"og:image:type\" content=\"image\/jpeg\" \/>\n<meta name=\"twitter:card\" content=\"summary_large_image\" \/>\n<meta name=\"twitter:label1\" content=\"Est. reading time\" \/>\n\t<meta name=\"twitter:data1\" content=\"2 minutes\" \/>\n<script type=\"application\/ld+json\" class=\"yoast-schema-graph\">{\"@context\":\"https:\/\/schema.org\",\"@graph\":[{\"@type\":\"WebPage\",\"@id\":\"https:\/\/www.aquaprofit.com\/en\/services\/integrated-surface-water-management-systems\/\",\"url\":\"https:\/\/www.aquaprofit.com\/en\/services\/integrated-surface-water-management-systems\/\",\"name\":\"Integrated surface water management systems - Aquaprofit Zrt.\",\"isPartOf\":{\"@id\":\"https:\/\/www.aquaprofit.com\/en\/#website\"},\"primaryImageOfPage\":{\"@id\":\"https:\/\/www.aquaprofit.com\/en\/services\/integrated-surface-water-management-systems\/#primaryimage\"},\"image\":{\"@id\":\"https:\/\/www.aquaprofit.com\/en\/services\/integrated-surface-water-management-systems\/#primaryimage\"},\"thumbnailUrl\":\"https:\/\/www.aquaprofit.com\/files\/20160526_095342.jpg\",\"datePublished\":\"2023-10-30T12:06:49+00:00\",\"dateModified\":\"2024-04-11T07:58:32+00:00\",\"description\":\"As part of our service, we prepare the design documentation for the proposed technical solutions, participate in the conduct of the authorization procedure and in obtaining the necessary permits for its implementation.\",\"breadcrumb\":{\"@id\":\"https:\/\/www.aquaprofit.com\/en\/services\/integrated-surface-water-management-systems\/#breadcrumb\"},\"inLanguage\":\"en-US\",\"potentialAction\":[{\"@type\":\"ReadAction\",\"target\":[\"https:\/\/www.aquaprofit.com\/en\/services\/integrated-surface-water-management-systems\/\"]}]},{\"@type\":\"ImageObject\",\"inLanguage\":\"en-US\",\"@id\":\"https:\/\/www.aquaprofit.com\/en\/services\/integrated-surface-water-management-systems\/#primaryimage\",\"url\":\"https:\/\/www.aquaprofit.com\/files\/20160526_095342.jpg\",\"contentUrl\":\"https:\/\/www.aquaprofit.com\/files\/20160526_095342.jpg\",\"width\":2560,\"height\":1536,\"caption\":\"Integr\u00e1lt felsz\u00edni v\u00edzgazd\u00e1lkod\u00e1s\"},{\"@type\":\"BreadcrumbList\",\"@id\":\"https:\/\/www.aquaprofit.com\/en\/services\/integrated-surface-water-management-systems\/#breadcrumb\",\"itemListElement\":[{\"@type\":\"ListItem\",\"position\":1,\"name\":\"Services\",\"item\":\"https:\/\/www.aquaprofit.com\/en\/services\/\"},{\"@type\":\"ListItem\",\"position\":2,\"name\":\"Integrated surface water management systems\"}]},{\"@type\":\"WebSite\",\"@id\":\"https:\/\/www.aquaprofit.com\/en\/#website\",\"url\":\"https:\/\/www.aquaprofit.com\/en\/\",\"name\":\"Aquaprofit Zrt.\",\"description\":\"\",\"potentialAction\":[{\"@type\":\"SearchAction\",\"target\":{\"@type\":\"EntryPoint\",\"urlTemplate\":\"https:\/\/www.aquaprofit.com\/en\/?s={search_term_string}\"},\"query-input\":{\"@type\":\"PropertyValueSpecification\",\"valueRequired\":true,\"valueName\":\"search_term_string\"}}],\"inLanguage\":\"en-US\"}]}<\/script>\n<!-- \/ Yoast SEO plugin. -->","yoast_head_json":{"title":"Integrated surface water management systems - Aquaprofit Zrt.","description":"As part of our service, we prepare the design documentation for the proposed technical solutions, participate in the conduct of the authorization procedure and in obtaining the necessary permits for its implementation.","robots":{"index":"index","follow":"follow","max-snippet":"max-snippet:-1","max-image-preview":"max-image-preview:large","max-video-preview":"max-video-preview:-1"},"canonical":"https:\/\/www.aquaprofit.com\/en\/services\/integrated-surface-water-management-systems\/","og_locale":"en_US","og_type":"article","og_title":"Integrated surface water management systems - Aquaprofit Zrt.","og_description":"As part of our service, we prepare the design documentation for the proposed technical solutions, participate in the conduct of the authorization procedure and in obtaining the necessary permits for its implementation.","og_url":"https:\/\/www.aquaprofit.com\/en\/services\/integrated-surface-water-management-systems\/","og_site_name":"Aquaprofit Zrt.","article_modified_time":"2024-04-11T07:58:32+00:00","og_image":[{"width":2560,"height":1536,"url":"https:\/\/www.aquaprofit.com\/files\/20160526_095342.jpg","type":"image\/jpeg"}],"twitter_card":"summary_large_image","twitter_misc":{"Est. reading time":"2 minutes"},"schema":{"@context":"https:\/\/schema.org","@graph":[{"@type":"WebPage","@id":"https:\/\/www.aquaprofit.com\/en\/services\/integrated-surface-water-management-systems\/","url":"https:\/\/www.aquaprofit.com\/en\/services\/integrated-surface-water-management-systems\/","name":"Integrated surface water management systems - Aquaprofit Zrt.","isPartOf":{"@id":"https:\/\/www.aquaprofit.com\/en\/#website"},"primaryImageOfPage":{"@id":"https:\/\/www.aquaprofit.com\/en\/services\/integrated-surface-water-management-systems\/#primaryimage"},"image":{"@id":"https:\/\/www.aquaprofit.com\/en\/services\/integrated-surface-water-management-systems\/#primaryimage"},"thumbnailUrl":"https:\/\/www.aquaprofit.com\/files\/20160526_095342.jpg","datePublished":"2023-10-30T12:06:49+00:00","dateModified":"2024-04-11T07:58:32+00:00","description":"As part of our service, we prepare the design documentation for the proposed technical solutions, participate in the conduct of the authorization procedure and in obtaining the necessary permits for its implementation.","breadcrumb":{"@id":"https:\/\/www.aquaprofit.com\/en\/services\/integrated-surface-water-management-systems\/#breadcrumb"},"inLanguage":"en-US","potentialAction":[{"@type":"ReadAction","target":["https:\/\/www.aquaprofit.com\/en\/services\/integrated-surface-water-management-systems\/"]}]},{"@type":"ImageObject","inLanguage":"en-US","@id":"https:\/\/www.aquaprofit.com\/en\/services\/integrated-surface-water-management-systems\/#primaryimage","url":"https:\/\/www.aquaprofit.com\/files\/20160526_095342.jpg","contentUrl":"https:\/\/www.aquaprofit.com\/files\/20160526_095342.jpg","width":2560,"height":1536,"caption":"Integr\u00e1lt felsz\u00edni v\u00edzgazd\u00e1lkod\u00e1s"},{"@type":"BreadcrumbList","@id":"https:\/\/www.aquaprofit.com\/en\/services\/integrated-surface-water-management-systems\/#breadcrumb","itemListElement":[{"@type":"ListItem","position":1,"name":"Services","item":"https:\/\/www.aquaprofit.com\/en\/services\/"},{"@type":"ListItem","position":2,"name":"Integrated surface water management systems"}]},{"@type":"WebSite","@id":"https:\/\/www.aquaprofit.com\/en\/#website","url":"https:\/\/www.aquaprofit.com\/en\/","name":"Aquaprofit Zrt.","description":"","potentialAction":[{"@type":"SearchAction","target":{"@type":"EntryPoint","urlTemplate":"https:\/\/www.aquaprofit.com\/en\/?s={search_term_string}"},"query-input":{"@type":"PropertyValueSpecification","valueRequired":true,"valueName":"search_term_string"}}],"inLanguage":"en-US"}]}},"_links":{"self":[{"href":"https:\/\/www.aquaprofit.com\/en\/wp-json\/wp\/v2\/pages\/130","targetHints":{"allow":["GET"]}}],"collection":[{"href":"https:\/\/www.aquaprofit.com\/en\/wp-json\/wp\/v2\/pages"}],"about":[{"href":"https:\/\/www.aquaprofit.com\/en\/wp-json\/wp\/v2\/types\/page"}],"author":[{"embeddable":true,"href":"https:\/\/www.aquaprofit.com\/en\/wp-json\/wp\/v2\/users\/1"}],"replies":[{"embeddable":true,"href":"https:\/\/www.aquaprofit.com\/en\/wp-json\/wp\/v2\/comments?post=130"}],"version-history":[{"count":0,"href":"https:\/\/www.aquaprofit.com\/en\/wp-json\/wp\/v2\/pages\/130\/revisions"}],"up":[{"embeddable":true,"href":"https:\/\/www.aquaprofit.com\/en\/wp-json\/wp\/v2\/pages\/120"}],"wp:featuredmedia":[{"embeddable":true,"href":"https:\/\/www.aquaprofit.com\/en\/wp-json\/wp\/v2\/media\/224"}],"wp:attachment":[{"href":"https:\/\/www.aquaprofit.com\/en\/wp-json\/wp\/v2\/media?parent=130"}],"curies":[{"name":"wp","href":"https:\/\/api.w.org\/{rel}","templated":true}]}}