{"id":133,"date":"2023-10-30T13:08:20","date_gmt":"2023-10-30T12:08:20","guid":{"rendered":"https:\/\/www.aquaprofit.com\/?page_id=133"},"modified":"2024-04-11T13:06:47","modified_gmt":"2024-04-11T11:06:47","slug":"drinking-water-supply-systems-at-masters-degree","status":"publish","type":"page","link":"https:\/\/www.aquaprofit.com\/en\/services\/drinking-water-supply-systems-at-masters-degree\/","title":{"rendered":"Drinking water treatment technologies"},"content":{"rendered":"<h1>RELIABLE SOLUTIONS FROM DESIGN TO IMPLEMENTATION<\/h1>\n<p><strong>Every drop of healthy drinking water is a treasure, as the water resources of our planet have been available in unchanged quantities for billions of years. What this actually means is also well illustrated by the info graphics in the video below.<\/strong><\/p>\n<div class=\"ratio ratio-16x9\"><iframe loading=\"lazy\" title=\"Mennyi v\u00edz van a f\u00f6ld\u00f6n?\" width=\"1778\" height=\"1000\" src=\"https:\/\/www.youtube.com\/embed\/NKQAUzFVpvQ?feature=oembed\" frameborder=\"0\" allow=\"accelerometer; autoplay; clipboard-write; encrypted-media; gyroscope; picture-in-picture; web-share\" referrerpolicy=\"strict-origin-when-cross-origin\" allowfullscreen><\/iframe><\/div>\n<p>&nbsp;<\/p>\n<p>The sustainable exploitation and protection of water resources that can be used for drinking water is one of the top priority issues of responsible water management in our time.<\/p>\n<div id=\"attachment_205\" style=\"width: 710px\" class=\"wp-caption aligncenter\"><img loading=\"lazy\" decoding=\"async\" aria-describedby=\"caption-attachment-205\" class=\"wp-image-205 img-fluid\" src=\"https:\/\/www.aquaprofit.com\/files\/DSC_0223.jpg\" alt=\"\u00d6tt\u00f6m\u00f6s waterworks - raw and purified water storage basin\" width=\"700\" height=\"467\" \/><p id=\"caption-attachment-205\" class=\"wp-caption-text\">\u00d6tt\u00f6m\u00f6s waterworks &#8211; raw and purified water storage basin<\/p><\/div>\n<p>Our integrated service package provides expert assistance in finding the most suitable solutions for the given water conditions. As part of this, you can entrust AQUAPROFIT&#8217;s engineers and specialists with the design, regulatory approval and even full implementation of complex water supply systems based on groundwater.<\/p>\n<p>We recommend this service to municipalities, municipal associations, water utilities, our corporate clients and private customers.<\/p>\n<h2>WHAT CAN YOU EXPECT FROM US?<\/h2>\n<ul>\n<li>We examine the hydrogeological conditions of the groundwater (well water) and water base of our clients and \/ or the quality of the water from the existing drinking water quality improvement technology.<\/li>\n<li>Document the results of the test.<\/li>\n<li>In case of non-compliance, we propose the necessary technical intervention in order to achieve the desired water quality.<\/li>\n<li>If required, we prepare the authorization plan documentation, participate in the conduct of official procedures and obtain the necessary permits for implementation.<\/li>\n<li>We prepare the construction plan documentation, then on the basis of this we carry out the construction \/ renovation of the wells, the construction \/ reconstruction of the well connection lines.<\/li>\n<li>Construction of the facilities receiving the water treatment technology and installation of the water treatment technology, then we will carry out the test operation and participate in the acquisition of the operating permits.<\/li>\n<li>If required, the construction and reconstruction of the water distribution network can be integrated into the process of complex implementation.<\/li>\n<\/ul>\n<div id=\"attachment_203\" style=\"width: 710px\" class=\"wp-caption aligncenter\"><img loading=\"lazy\" decoding=\"async\" aria-describedby=\"caption-attachment-203\" class=\"wp-image-203 img-fluid\" src=\"https:\/\/www.aquaprofit.com\/files\/K_eszak_hajdusag_1.jpg\" alt=\"Hajd\u00fadorog waterworks \u2013 pump room\" width=\"700\" height=\"467\" \/><p id=\"caption-attachment-203\" class=\"wp-caption-text\">Hajd\u00fadorog waterworks \u2013 pump room<\/p><\/div>\n<h2>SERVICE BENEFITS<\/h2>\n<ul>\n<li>expert support<\/li>\n<li>full implementation<\/li>\n<li>professional knowledge, 25 years of experience<\/li>\n<\/ul>\n<h2>FIELDS OF APPLICATION<\/h2>\n<ul>\n<li>technology to improve drinking water quality<\/li>\n<li>complete waterworks<\/li>\n<li>construction of wells<\/li>\n<li>water network construction and reconstruction<\/li>\n<\/ul>\n<h2>FROM OUR REFERENCES<\/h2>\n<ul>\n<li><strong>Tiszazug Drinking Water Quality Improvement Project<\/strong>\u00a0<em>(Tiszazug Drinking Water Quality Improvement Association, 2017)<\/em><\/li>\n<li><strong>Fels\u0151-B\u00e1cska Drinking Water Quality Improvement Project<\/strong>\u00a0<em>(Fels\u0151-B\u00e1cskai Drinking Water Quality Improvement Association, 2015)<\/em><\/li>\n<li><strong>Northern Hungary Region Drinking Water Quality Improvement Project<\/strong>\u00a0<em>(Borsod-Aba\u00faj-Zempl\u00e9n Regional Drinking Water Management Association, 2016)<\/em><\/li>\n<li><strong>South Heves Drinking Water Quality Improvement Project<\/strong>\u00a0<em>(South Heves Drinking Water Quality Improvement Association, 2015)<\/em><\/li>\n<li><strong>Drinking water quality improvement project around Kalocsa<\/strong>\u00a0<em>(Local Government Association for Drinking Water Quality Improvement around Kalocsa, 2015)<\/em><\/li>\n<li><strong>Kom\u00e1d and Magyarhomorog Drinking Water Quality Improvement Project<\/strong>\u00a0<em>(Kom\u00e1di and Magyarhomorog Drinking Water Quality Improvement Association, 2015)<\/em><\/li>\n<li><strong>Tassel and Region Drinking Water Quality Improvement Project<\/strong>\u00a0<em>(Tassel and Region Drinking Water Quality Improvement Association, 2015)<\/em><\/li>\n<li><strong>Northern Hajd\u00fas\u00e1g Drinking Water Quality Improvement Project<\/strong>\u00a0<em>(Northern Hajd\u00fas\u00e1g Drinking Water Quality Improvement Association, 2013)<\/em><\/li>\n<\/ul>\n","protected":false},"excerpt":{"rendered":"<p>RELIABLE SOLUTIONS FROM DESIGN TO IMPLEMENTATION Every drop of healthy drinking water is a treasure, as the water resources of our planet have been available in unchanged quantities for billions of years. What this actually means is also well illustrated by the info graphics in the video below. &nbsp; The sustainable exploitation and protection of <a href=\"https:\/\/www.aquaprofit.com\/en\/services\/drinking-water-supply-systems-at-masters-degree\/\" class=\"more-link\">&#8230;<span class=\"screen-reader-text\">  Drinking water treatment technologies<\/span><\/a><\/p>\n","protected":false},"author":1,"featured_media":207,"parent":120,"menu_order":32,"comment_status":"closed","ping_status":"closed","template":"","meta":{"footnotes":""},"class_list":["post-133","page","type-page","status-publish","has-post-thumbnail","hentry"],"yoast_head":"<!-- This site is optimized with the Yoast SEO plugin v26.7 - https:\/\/yoast.com\/wordpress\/plugins\/seo\/ -->\n<title>Drinking water treatment technologies - Aquaprofit Zrt.<\/title>\n<meta name=\"description\" content=\"you can entrust us with the design, regulatory approval and even full implementation of complex water supply systems based on groundwater.\" \/>\n<meta name=\"robots\" content=\"index, follow, max-snippet:-1, max-image-preview:large, max-video-preview:-1\" \/>\n<link rel=\"canonical\" href=\"https:\/\/www.aquaprofit.com\/en\/services\/drinking-water-supply-systems-at-masters-degree\/\" \/>\n<meta property=\"og:locale\" content=\"en_US\" \/>\n<meta property=\"og:type\" content=\"article\" \/>\n<meta property=\"og:title\" content=\"Drinking water treatment technologies - Aquaprofit Zrt.\" \/>\n<meta property=\"og:description\" content=\"you can entrust us with the design, regulatory approval and even full implementation of complex water supply systems based on groundwater.\" \/>\n<meta property=\"og:url\" content=\"https:\/\/www.aquaprofit.com\/en\/services\/drinking-water-supply-systems-at-masters-degree\/\" \/>\n<meta property=\"og:site_name\" content=\"Aquaprofit Zrt.\" \/>\n<meta property=\"article:modified_time\" content=\"2024-04-11T11:06:47+00:00\" \/>\n<meta property=\"og:image\" content=\"https:\/\/www.aquaprofit.com\/files\/K_eszak_hajdusag_2.jpg\" \/>\n\t<meta property=\"og:image:width\" content=\"1110\" \/>\n\t<meta property=\"og:image:height\" content=\"740\" \/>\n\t<meta property=\"og:image:type\" content=\"image\/jpeg\" \/>\n<meta name=\"twitter:card\" content=\"summary_large_image\" \/>\n<meta name=\"twitter:label1\" content=\"Est. reading time\" \/>\n\t<meta name=\"twitter:data1\" content=\"4 minutes\" \/>\n<script type=\"application\/ld+json\" class=\"yoast-schema-graph\">{\"@context\":\"https:\/\/schema.org\",\"@graph\":[{\"@type\":\"WebPage\",\"@id\":\"https:\/\/www.aquaprofit.com\/en\/services\/drinking-water-supply-systems-at-masters-degree\/\",\"url\":\"https:\/\/www.aquaprofit.com\/en\/services\/drinking-water-supply-systems-at-masters-degree\/\",\"name\":\"Drinking water treatment technologies - Aquaprofit Zrt.\",\"isPartOf\":{\"@id\":\"https:\/\/www.aquaprofit.com\/en\/#website\"},\"primaryImageOfPage\":{\"@id\":\"https:\/\/www.aquaprofit.com\/en\/services\/drinking-water-supply-systems-at-masters-degree\/#primaryimage\"},\"image\":{\"@id\":\"https:\/\/www.aquaprofit.com\/en\/services\/drinking-water-supply-systems-at-masters-degree\/#primaryimage\"},\"thumbnailUrl\":\"https:\/\/www.aquaprofit.com\/files\/K_eszak_hajdusag_2.jpg\",\"datePublished\":\"2023-10-30T12:08:20+00:00\",\"dateModified\":\"2024-04-11T11:06:47+00:00\",\"description\":\"you can entrust us with the design, regulatory approval and even full implementation of complex water supply systems based on groundwater.\",\"breadcrumb\":{\"@id\":\"https:\/\/www.aquaprofit.com\/en\/services\/drinking-water-supply-systems-at-masters-degree\/#breadcrumb\"},\"inLanguage\":\"en-US\",\"potentialAction\":[{\"@type\":\"ReadAction\",\"target\":[\"https:\/\/www.aquaprofit.com\/en\/services\/drinking-water-supply-systems-at-masters-degree\/\"]}]},{\"@type\":\"ImageObject\",\"inLanguage\":\"en-US\",\"@id\":\"https:\/\/www.aquaprofit.com\/en\/services\/drinking-water-supply-systems-at-masters-degree\/#primaryimage\",\"url\":\"https:\/\/www.aquaprofit.com\/files\/K_eszak_hajdusag_2.jpg\",\"contentUrl\":\"https:\/\/www.aquaprofit.com\/files\/K_eszak_hajdusag_2.jpg\",\"width\":1110,\"height\":740,\"caption\":\"komplex iv\u00f3v\u00edz ell\u00e1t\u00f3 rendszerek\"},{\"@type\":\"BreadcrumbList\",\"@id\":\"https:\/\/www.aquaprofit.com\/en\/services\/drinking-water-supply-systems-at-masters-degree\/#breadcrumb\",\"itemListElement\":[{\"@type\":\"ListItem\",\"position\":1,\"name\":\"Services\",\"item\":\"https:\/\/www.aquaprofit.com\/en\/services\/\"},{\"@type\":\"ListItem\",\"position\":2,\"name\":\"Drinking water treatment technologies\"}]},{\"@type\":\"WebSite\",\"@id\":\"https:\/\/www.aquaprofit.com\/en\/#website\",\"url\":\"https:\/\/www.aquaprofit.com\/en\/\",\"name\":\"Aquaprofit Zrt.\",\"description\":\"\",\"potentialAction\":[{\"@type\":\"SearchAction\",\"target\":{\"@type\":\"EntryPoint\",\"urlTemplate\":\"https:\/\/www.aquaprofit.com\/en\/?s={search_term_string}\"},\"query-input\":{\"@type\":\"PropertyValueSpecification\",\"valueRequired\":true,\"valueName\":\"search_term_string\"}}],\"inLanguage\":\"en-US\"}]}<\/script>\n<!-- \/ Yoast SEO plugin. -->","yoast_head_json":{"title":"Drinking water treatment technologies - Aquaprofit Zrt.","description":"you can entrust us with the design, regulatory approval and even full implementation of complex water supply systems based on groundwater.","robots":{"index":"index","follow":"follow","max-snippet":"max-snippet:-1","max-image-preview":"max-image-preview:large","max-video-preview":"max-video-preview:-1"},"canonical":"https:\/\/www.aquaprofit.com\/en\/services\/drinking-water-supply-systems-at-masters-degree\/","og_locale":"en_US","og_type":"article","og_title":"Drinking water treatment technologies - Aquaprofit Zrt.","og_description":"you can entrust us with the design, regulatory approval and even full implementation of complex water supply systems based on groundwater.","og_url":"https:\/\/www.aquaprofit.com\/en\/services\/drinking-water-supply-systems-at-masters-degree\/","og_site_name":"Aquaprofit Zrt.","article_modified_time":"2024-04-11T11:06:47+00:00","og_image":[{"width":1110,"height":740,"url":"https:\/\/www.aquaprofit.com\/files\/K_eszak_hajdusag_2.jpg","type":"image\/jpeg"}],"twitter_card":"summary_large_image","twitter_misc":{"Est. reading time":"4 minutes"},"schema":{"@context":"https:\/\/schema.org","@graph":[{"@type":"WebPage","@id":"https:\/\/www.aquaprofit.com\/en\/services\/drinking-water-supply-systems-at-masters-degree\/","url":"https:\/\/www.aquaprofit.com\/en\/services\/drinking-water-supply-systems-at-masters-degree\/","name":"Drinking water treatment technologies - Aquaprofit Zrt.","isPartOf":{"@id":"https:\/\/www.aquaprofit.com\/en\/#website"},"primaryImageOfPage":{"@id":"https:\/\/www.aquaprofit.com\/en\/services\/drinking-water-supply-systems-at-masters-degree\/#primaryimage"},"image":{"@id":"https:\/\/www.aquaprofit.com\/en\/services\/drinking-water-supply-systems-at-masters-degree\/#primaryimage"},"thumbnailUrl":"https:\/\/www.aquaprofit.com\/files\/K_eszak_hajdusag_2.jpg","datePublished":"2023-10-30T12:08:20+00:00","dateModified":"2024-04-11T11:06:47+00:00","description":"you can entrust us with the design, regulatory approval and even full implementation of complex water supply systems based on groundwater.","breadcrumb":{"@id":"https:\/\/www.aquaprofit.com\/en\/services\/drinking-water-supply-systems-at-masters-degree\/#breadcrumb"},"inLanguage":"en-US","potentialAction":[{"@type":"ReadAction","target":["https:\/\/www.aquaprofit.com\/en\/services\/drinking-water-supply-systems-at-masters-degree\/"]}]},{"@type":"ImageObject","inLanguage":"en-US","@id":"https:\/\/www.aquaprofit.com\/en\/services\/drinking-water-supply-systems-at-masters-degree\/#primaryimage","url":"https:\/\/www.aquaprofit.com\/files\/K_eszak_hajdusag_2.jpg","contentUrl":"https:\/\/www.aquaprofit.com\/files\/K_eszak_hajdusag_2.jpg","width":1110,"height":740,"caption":"komplex iv\u00f3v\u00edz ell\u00e1t\u00f3 rendszerek"},{"@type":"BreadcrumbList","@id":"https:\/\/www.aquaprofit.com\/en\/services\/drinking-water-supply-systems-at-masters-degree\/#breadcrumb","itemListElement":[{"@type":"ListItem","position":1,"name":"Services","item":"https:\/\/www.aquaprofit.com\/en\/services\/"},{"@type":"ListItem","position":2,"name":"Drinking water treatment technologies"}]},{"@type":"WebSite","@id":"https:\/\/www.aquaprofit.com\/en\/#website","url":"https:\/\/www.aquaprofit.com\/en\/","name":"Aquaprofit Zrt.","description":"","potentialAction":[{"@type":"SearchAction","target":{"@type":"EntryPoint","urlTemplate":"https:\/\/www.aquaprofit.com\/en\/?s={search_term_string}"},"query-input":{"@type":"PropertyValueSpecification","valueRequired":true,"valueName":"search_term_string"}}],"inLanguage":"en-US"}]}},"_links":{"self":[{"href":"https:\/\/www.aquaprofit.com\/en\/wp-json\/wp\/v2\/pages\/133","targetHints":{"allow":["GET"]}}],"collection":[{"href":"https:\/\/www.aquaprofit.com\/en\/wp-json\/wp\/v2\/pages"}],"about":[{"href":"https:\/\/www.aquaprofit.com\/en\/wp-json\/wp\/v2\/types\/page"}],"author":[{"embeddable":true,"href":"https:\/\/www.aquaprofit.com\/en\/wp-json\/wp\/v2\/users\/1"}],"replies":[{"embeddable":true,"href":"https:\/\/www.aquaprofit.com\/en\/wp-json\/wp\/v2\/comments?post=133"}],"version-history":[{"count":0,"href":"https:\/\/www.aquaprofit.com\/en\/wp-json\/wp\/v2\/pages\/133\/revisions"}],"up":[{"embeddable":true,"href":"https:\/\/www.aquaprofit.com\/en\/wp-json\/wp\/v2\/pages\/120"}],"wp:featuredmedia":[{"embeddable":true,"href":"https:\/\/www.aquaprofit.com\/en\/wp-json\/wp\/v2\/media\/207"}],"wp:attachment":[{"href":"https:\/\/www.aquaprofit.com\/en\/wp-json\/wp\/v2\/media?parent=133"}],"curies":[{"name":"wp","href":"https:\/\/api.w.org\/{rel}","templated":true}]}}