{"id":134,"date":"2023-10-30T13:08:41","date_gmt":"2023-10-30T12:08:41","guid":{"rendered":"https:\/\/www.aquaprofit.com\/?page_id=134"},"modified":"2023-11-15T09:59:31","modified_gmt":"2023-11-15T08:59:31","slug":"environmental-protection-expertise-consulting","status":"publish","type":"page","link":"https:\/\/www.aquaprofit.com\/en\/services\/environmental-protection-expertise-consulting\/","title":{"rendered":"Environmental protection expertise, consulting"},"content":{"rendered":"<h1>THE CHALLENGE OF THE 21ST CENTURY: MEETING ENVIRONMENTAL SUSTAINABILITY<\/h1>\n<p><strong>Our age is the age of climate change caused by human activity. This recognition will significantly transform and continually change our production and consumption habits, our outlook for the 21st century, and the extent of our responsibility for the future.<\/strong><\/p>\n<p>That is why many people today see the protection of our natural values \u200b\u200bas the need for self-defense to guarantee the sustainability of our future. D\u00e9nes G\u00e1bor, the Nobel Prize-winning Hungarian scientist, said wisely and aptly that &#8220;Till now man has been up against Nature; from now on he will be up against his own nature.&#8221;<\/p>\n<p><img loading=\"lazy\" decoding=\"async\" class=\"aligncenter wp-image-496 img-fluid\" src=\"https:\/\/www.aquaprofit.com\/files\/2073a514-3ecc-422c-bfc7-cccd16c10bfe_N_shutterstock_1045399849.jpg\" alt=\"\" width=\"700\" height=\"466\" \/><\/p>\n<p>&nbsp;<\/p>\n<p>Compliance with environmental sustainability is an inalienable part of the 21st century economy.<\/p>\n<blockquote>Flexible and rapid adaptation to the complex and constantly evolving regulatory environment today is therefore one of the keys to success for any major project, investment or development.<\/blockquote>\n<p>Our highly qualified expert staff has great experience in environmental expertise and consulting. Contact us with confidence if you need well-founded environmental documentation and up-to-date expertise in the changes of the tightening regulatory environment.<\/p>\n<h2>FROM OUR ENVIRONMENTAL SERVICES PORTFOLIO<\/h2>\n<ul>\n<li>Preparation of\u00a0<strong>Preliminary Environmental Assessment (EIA)<\/strong><\/li>\n<li>Preparation of\u00a0<strong>Preliminary Analysis Documentation (EVD)<\/strong><\/li>\n<li>Preparation of an\u00a0<strong>Environmental Impact Assessment (EIA)<\/strong><\/li>\n<li>Preparation of\u00a0<strong>Environmental Impact Assessment (EIA)<\/strong><\/li>\n<li>Preparation of\u00a0<strong>an environmental impact assessment\u00a0<\/strong>with a unique specification for the environmental element (s) specified by the Client<\/li>\n<li><strong>Survey of the environmental condition of the project area,\u00a0<\/strong>determination of the basic condition<\/li>\n<li>Preparation of<strong>\u00a0planning chapters and authorization documentation in the field of environmental protection<\/strong><\/li>\n<li>Preparation of<strong>\u00a0monitoring plans, operation of monitoring systems<\/strong><\/li>\n<li><strong>Climate risk audit and evaluation of projects<\/strong><\/li>\n<li><strong>Climate risk reduction,\u00a0<\/strong>preparation of project-specific design documentation<\/li>\n<\/ul>\n<h2>SERVICE BENEFITS<\/h2>\n<ul>\n<li>reliable expert support<\/li>\n<li>flexible, fast, efficient solutions<\/li>\n<li>full complexity<\/li>\n<li>high level of professional knowledge, 25 years of experience in similar procedures<\/li>\n<li>successful environmental management of hundreds of projects<\/li>\n<\/ul>\n<h2>FIELDS OF APPLICATION<\/h2>\n<ul>\n<li>in environmental projects<\/li>\n<li>investments in water law and building permit procedures<\/li>\n<li>as part of feasibility studies<\/li>\n<\/ul>\n<h2>FROM OUR MOST IMPORTANT REFERENCES<\/h2>\n<ul>\n<li><strong>Rehabilitation of Drava tributaries<\/strong>\u00a0(EKV)<\/li>\n<li><strong>Habitat protection and restoration in BfNPI areas<\/strong>\u00a0(EKV)<\/li>\n<li><strong>Improving the navigability of the Danube<\/strong>\u00a0(EIA)<\/li>\n<li><strong>H\u00e9v\u00edz-Nemesb\u00fck Thermal Hotel *****<\/strong>\u00a0(EKV)<\/li>\n<li><strong>Rehabilitation of the Dr\u00e1vakereszt\u00far tributary<\/strong>\u00a0(EIA)<\/li>\n<li><strong>Development of Visegr\u00e1d ferry port<\/strong>\u00a0(environmental impact assessment according to individual specifications)<\/li>\n<li><strong>Zalav\u00e1r drinking water quality improvement project<\/strong>\u00a0(EKV)<\/li>\n<li><strong>Tiszazug regional water supply system<\/strong>\u00a0(EKV)<\/li>\n<li><strong>Port Hotel H\u00e9v\u00edz I. and II. Phase<\/strong>\u00a0(Environmental Planning Chapter and EIA)<\/li>\n<li><strong>Water retention and land use change planning in the Ancient-Dr\u00e1va program<\/strong>\u00a0(EKV + KHV)<\/li>\n<\/ul>\n","protected":false},"excerpt":{"rendered":"<p>THE CHALLENGE OF THE 21ST CENTURY: MEETING ENVIRONMENTAL SUSTAINABILITY Our age is the age of climate change caused by human activity. This recognition will significantly transform and continually change our production and consumption habits, our outlook for the 21st century, and the extent of our responsibility for the future. That is why many people today <a href=\"https:\/\/www.aquaprofit.com\/en\/services\/environmental-protection-expertise-consulting\/\" class=\"more-link\">&#8230;<span class=\"screen-reader-text\">  Environmental protection expertise, consulting<\/span><\/a><\/p>\n","protected":false},"author":1,"featured_media":237,"parent":120,"menu_order":99,"comment_status":"closed","ping_status":"closed","template":"","meta":{"footnotes":""},"class_list":["post-134","page","type-page","status-publish","has-post-thumbnail","hentry"],"yoast_head":"<!-- This site is optimized with the Yoast SEO plugin v26.7 - https:\/\/yoast.com\/wordpress\/plugins\/seo\/ -->\n<title>Environmental protection expertise, consulting - Aquaprofit Zrt.<\/title>\n<meta name=\"description\" content=\"Contact us if you need well-founded environmental documentation and up-to-date expertise in the changes of the tightening regulatory environment.\" \/>\n<meta name=\"robots\" content=\"index, follow, max-snippet:-1, max-image-preview:large, max-video-preview:-1\" \/>\n<link rel=\"canonical\" href=\"https:\/\/www.aquaprofit.com\/en\/services\/environmental-protection-expertise-consulting\/\" \/>\n<meta property=\"og:locale\" content=\"en_US\" \/>\n<meta property=\"og:type\" content=\"article\" \/>\n<meta property=\"og:title\" content=\"Environmental protection expertise, consulting - Aquaprofit Zrt.\" \/>\n<meta property=\"og:description\" content=\"Contact us if you need well-founded environmental documentation and up-to-date expertise in the changes of the tightening regulatory environment.\" \/>\n<meta property=\"og:url\" content=\"https:\/\/www.aquaprofit.com\/en\/services\/environmental-protection-expertise-consulting\/\" \/>\n<meta property=\"og:site_name\" content=\"Aquaprofit Zrt.\" \/>\n<meta property=\"article:modified_time\" content=\"2023-11-15T08:59:31+00:00\" \/>\n<meta property=\"og:image\" content=\"https:\/\/www.aquaprofit.com\/files\/Bolygonk.jpg\" \/>\n\t<meta property=\"og:image:width\" content=\"1280\" \/>\n\t<meta property=\"og:image:height\" content=\"848\" \/>\n\t<meta property=\"og:image:type\" content=\"image\/jpeg\" \/>\n<meta name=\"twitter:card\" content=\"summary_large_image\" \/>\n<meta name=\"twitter:label1\" content=\"Est. reading time\" \/>\n\t<meta name=\"twitter:data1\" content=\"3 minutes\" \/>\n<script type=\"application\/ld+json\" class=\"yoast-schema-graph\">{\"@context\":\"https:\/\/schema.org\",\"@graph\":[{\"@type\":\"WebPage\",\"@id\":\"https:\/\/www.aquaprofit.com\/en\/services\/environmental-protection-expertise-consulting\/\",\"url\":\"https:\/\/www.aquaprofit.com\/en\/services\/environmental-protection-expertise-consulting\/\",\"name\":\"Environmental protection expertise, consulting - Aquaprofit Zrt.\",\"isPartOf\":{\"@id\":\"https:\/\/www.aquaprofit.com\/en\/#website\"},\"primaryImageOfPage\":{\"@id\":\"https:\/\/www.aquaprofit.com\/en\/services\/environmental-protection-expertise-consulting\/#primaryimage\"},\"image\":{\"@id\":\"https:\/\/www.aquaprofit.com\/en\/services\/environmental-protection-expertise-consulting\/#primaryimage\"},\"thumbnailUrl\":\"https:\/\/www.aquaprofit.com\/files\/Bolygonk.jpg\",\"datePublished\":\"2023-10-30T12:08:41+00:00\",\"dateModified\":\"2023-11-15T08:59:31+00:00\",\"description\":\"Contact us if you need well-founded environmental documentation and up-to-date expertise in the changes of the tightening regulatory environment.\",\"breadcrumb\":{\"@id\":\"https:\/\/www.aquaprofit.com\/en\/services\/environmental-protection-expertise-consulting\/#breadcrumb\"},\"inLanguage\":\"en-US\",\"potentialAction\":[{\"@type\":\"ReadAction\",\"target\":[\"https:\/\/www.aquaprofit.com\/en\/services\/environmental-protection-expertise-consulting\/\"]}]},{\"@type\":\"ImageObject\",\"inLanguage\":\"en-US\",\"@id\":\"https:\/\/www.aquaprofit.com\/en\/services\/environmental-protection-expertise-consulting\/#primaryimage\",\"url\":\"https:\/\/www.aquaprofit.com\/files\/Bolygonk.jpg\",\"contentUrl\":\"https:\/\/www.aquaprofit.com\/files\/Bolygonk.jpg\",\"width\":1280,\"height\":848,\"caption\":\"\u00c9l\u0151 bolyg\u00f3nk\"},{\"@type\":\"BreadcrumbList\",\"@id\":\"https:\/\/www.aquaprofit.com\/en\/services\/environmental-protection-expertise-consulting\/#breadcrumb\",\"itemListElement\":[{\"@type\":\"ListItem\",\"position\":1,\"name\":\"Services\",\"item\":\"https:\/\/www.aquaprofit.com\/en\/services\/\"},{\"@type\":\"ListItem\",\"position\":2,\"name\":\"Environmental protection expertise, consulting\"}]},{\"@type\":\"WebSite\",\"@id\":\"https:\/\/www.aquaprofit.com\/en\/#website\",\"url\":\"https:\/\/www.aquaprofit.com\/en\/\",\"name\":\"Aquaprofit Zrt.\",\"description\":\"\",\"potentialAction\":[{\"@type\":\"SearchAction\",\"target\":{\"@type\":\"EntryPoint\",\"urlTemplate\":\"https:\/\/www.aquaprofit.com\/en\/?s={search_term_string}\"},\"query-input\":{\"@type\":\"PropertyValueSpecification\",\"valueRequired\":true,\"valueName\":\"search_term_string\"}}],\"inLanguage\":\"en-US\"}]}<\/script>\n<!-- \/ Yoast SEO plugin. -->","yoast_head_json":{"title":"Environmental protection expertise, consulting - Aquaprofit Zrt.","description":"Contact us if you need well-founded environmental documentation and up-to-date expertise in the changes of the tightening regulatory environment.","robots":{"index":"index","follow":"follow","max-snippet":"max-snippet:-1","max-image-preview":"max-image-preview:large","max-video-preview":"max-video-preview:-1"},"canonical":"https:\/\/www.aquaprofit.com\/en\/services\/environmental-protection-expertise-consulting\/","og_locale":"en_US","og_type":"article","og_title":"Environmental protection expertise, consulting - Aquaprofit Zrt.","og_description":"Contact us if you need well-founded environmental documentation and up-to-date expertise in the changes of the tightening regulatory environment.","og_url":"https:\/\/www.aquaprofit.com\/en\/services\/environmental-protection-expertise-consulting\/","og_site_name":"Aquaprofit Zrt.","article_modified_time":"2023-11-15T08:59:31+00:00","og_image":[{"width":1280,"height":848,"url":"https:\/\/www.aquaprofit.com\/files\/Bolygonk.jpg","type":"image\/jpeg"}],"twitter_card":"summary_large_image","twitter_misc":{"Est. reading time":"3 minutes"},"schema":{"@context":"https:\/\/schema.org","@graph":[{"@type":"WebPage","@id":"https:\/\/www.aquaprofit.com\/en\/services\/environmental-protection-expertise-consulting\/","url":"https:\/\/www.aquaprofit.com\/en\/services\/environmental-protection-expertise-consulting\/","name":"Environmental protection expertise, consulting - Aquaprofit Zrt.","isPartOf":{"@id":"https:\/\/www.aquaprofit.com\/en\/#website"},"primaryImageOfPage":{"@id":"https:\/\/www.aquaprofit.com\/en\/services\/environmental-protection-expertise-consulting\/#primaryimage"},"image":{"@id":"https:\/\/www.aquaprofit.com\/en\/services\/environmental-protection-expertise-consulting\/#primaryimage"},"thumbnailUrl":"https:\/\/www.aquaprofit.com\/files\/Bolygonk.jpg","datePublished":"2023-10-30T12:08:41+00:00","dateModified":"2023-11-15T08:59:31+00:00","description":"Contact us if you need well-founded environmental documentation and up-to-date expertise in the changes of the tightening regulatory environment.","breadcrumb":{"@id":"https:\/\/www.aquaprofit.com\/en\/services\/environmental-protection-expertise-consulting\/#breadcrumb"},"inLanguage":"en-US","potentialAction":[{"@type":"ReadAction","target":["https:\/\/www.aquaprofit.com\/en\/services\/environmental-protection-expertise-consulting\/"]}]},{"@type":"ImageObject","inLanguage":"en-US","@id":"https:\/\/www.aquaprofit.com\/en\/services\/environmental-protection-expertise-consulting\/#primaryimage","url":"https:\/\/www.aquaprofit.com\/files\/Bolygonk.jpg","contentUrl":"https:\/\/www.aquaprofit.com\/files\/Bolygonk.jpg","width":1280,"height":848,"caption":"\u00c9l\u0151 bolyg\u00f3nk"},{"@type":"BreadcrumbList","@id":"https:\/\/www.aquaprofit.com\/en\/services\/environmental-protection-expertise-consulting\/#breadcrumb","itemListElement":[{"@type":"ListItem","position":1,"name":"Services","item":"https:\/\/www.aquaprofit.com\/en\/services\/"},{"@type":"ListItem","position":2,"name":"Environmental protection expertise, consulting"}]},{"@type":"WebSite","@id":"https:\/\/www.aquaprofit.com\/en\/#website","url":"https:\/\/www.aquaprofit.com\/en\/","name":"Aquaprofit Zrt.","description":"","potentialAction":[{"@type":"SearchAction","target":{"@type":"EntryPoint","urlTemplate":"https:\/\/www.aquaprofit.com\/en\/?s={search_term_string}"},"query-input":{"@type":"PropertyValueSpecification","valueRequired":true,"valueName":"search_term_string"}}],"inLanguage":"en-US"}]}},"_links":{"self":[{"href":"https:\/\/www.aquaprofit.com\/en\/wp-json\/wp\/v2\/pages\/134","targetHints":{"allow":["GET"]}}],"collection":[{"href":"https:\/\/www.aquaprofit.com\/en\/wp-json\/wp\/v2\/pages"}],"about":[{"href":"https:\/\/www.aquaprofit.com\/en\/wp-json\/wp\/v2\/types\/page"}],"author":[{"embeddable":true,"href":"https:\/\/www.aquaprofit.com\/en\/wp-json\/wp\/v2\/users\/1"}],"replies":[{"embeddable":true,"href":"https:\/\/www.aquaprofit.com\/en\/wp-json\/wp\/v2\/comments?post=134"}],"version-history":[{"count":0,"href":"https:\/\/www.aquaprofit.com\/en\/wp-json\/wp\/v2\/pages\/134\/revisions"}],"up":[{"embeddable":true,"href":"https:\/\/www.aquaprofit.com\/en\/wp-json\/wp\/v2\/pages\/120"}],"wp:featuredmedia":[{"embeddable":true,"href":"https:\/\/www.aquaprofit.com\/en\/wp-json\/wp\/v2\/media\/237"}],"wp:attachment":[{"href":"https:\/\/www.aquaprofit.com\/en\/wp-json\/wp\/v2\/media?parent=134"}],"curies":[{"name":"wp","href":"https:\/\/api.w.org\/{rel}","templated":true}]}}