{"id":135,"date":"2023-10-30T13:09:08","date_gmt":"2023-10-30T12:09:08","guid":{"rendered":"https:\/\/www.aquaprofit.com\/?page_id=135"},"modified":"2023-11-15T10:07:09","modified_gmt":"2023-11-15T09:07:09","slug":"water-monitoring-system-development","status":"publish","type":"page","link":"https:\/\/www.aquaprofit.com\/en\/services\/water-monitoring-system-development\/","title":{"rendered":"Water monitoring system development"},"content":{"rendered":"<h1>AT THE SERVICE OF OUR PARTNERS FOR THE PROTECTION OF OUR NATURAL WATERS<\/h1>\n<p><strong>Water is an invaluable natural resource that has been present on Earth in unchanged quantities for billions of years.<\/strong><\/p>\n<p>We can protect our natural waters and water bases with modern monitoring systems. AQUAPROFIT Co. has extensive experience in their design, construction and operation, as well as in the preparation of assessment reports on the condition of water bases. It is in the interest of all water users to protect the quality and quantity of water produced from their own water base, whatever the type of water is (drinking water, irrigation water, industrial water, mineral water, thermal water, medicinal water). The supply areas of production wells must be kept secure.<\/p>\n<blockquote>With the establishment and operation of the monitoring system &#8211; continuous water level registration and water quality monitoring &#8211; the change of state of the water base can be monitored.<\/blockquote>\n<p>The safety monitoring tasks ensure the protection of the water base from pollution and other water abstractions, as well as provide strategically important data on future expansion opportunities.<\/p>\n<div id=\"attachment_189\" style=\"width: 710px\" class=\"wp-caption aligncenter\"><img loading=\"lazy\" decoding=\"async\" aria-describedby=\"caption-attachment-189\" class=\"wp-image-189 img-fluid\" src=\"https:\/\/www.aquaprofit.com\/files\/26_Aquaprofit_figykut_mintavetel3.jpg\" alt=\"On-site water sample analysis from a monitoring well\" width=\"700\" height=\"525\" \/><p id=\"caption-attachment-189\" class=\"wp-caption-text\">On-site water sample analysis from a monitoring well<\/p><\/div>\n<h2>SERVICE BENEFITS<\/h2>\n<ul>\n<li>design and operation of monitoring systems for the control of the quantitative and qualitative conditions of water production for any purpose, preparation of official monitoring reports<\/li>\n<li>professional knowledge, 25 years of experience<\/li>\n<\/ul>\n<h2>FIELDS OF APPLICATION<\/h2>\n<ul>\n<li>to protect the tied water demand, quantity and quality of existing water production facilities (mineral water bottling, waterworks, thermal bath, etc.)<\/li>\n<li>during the operation of planned water production facilities<\/li>\n<li>when expanding existing water production facilities<\/li>\n<\/ul>\n<h2>FROM OUR REFERENCES<\/h2>\n<ul>\n<li>Szentkir\u00e1lyi Magyarorsz\u00e1g Kft. Theodora K\u00e9kk\u00fati, Theodora Kereki and Nestl\u00e9 Aquarel water bases protection monitoring<\/li>\n<li>Design of a monitoring system (10 wells) in the Balaton Uplands National Park<\/li>\n<li>Design and implementation of monitoring systems for nearly 40 operating and long-term drinking water bases (pollution source and water level monitoring wells)<\/li>\n<\/ul>\n<div id=\"attachment_197\" style=\"width: 710px\" class=\"wp-caption aligncenter\"><img loading=\"lazy\" decoding=\"async\" aria-describedby=\"caption-attachment-197\" class=\"wp-image-197 img-fluid\" src=\"https:\/\/www.aquaprofit.com\/files\/Kekkut_monkut_vedtertabla.jpg\" alt=\"Water quality testing from a monitoring well\" width=\"700\" height=\"525\" \/><p id=\"caption-attachment-197\" class=\"wp-caption-text\">Water quality testing from a monitoring well<\/p><\/div>\n","protected":false},"excerpt":{"rendered":"<p>AT THE SERVICE OF OUR PARTNERS FOR THE PROTECTION OF OUR NATURAL WATERS Water is an invaluable natural resource that has been present on Earth in unchanged quantities for billions of years. We can protect our natural waters and water bases with modern monitoring systems. AQUAPROFIT Co. has extensive experience in their design, construction and <a href=\"https:\/\/www.aquaprofit.com\/en\/services\/water-monitoring-system-development\/\" class=\"more-link\">&#8230;<span class=\"screen-reader-text\">  Water monitoring system development<\/span><\/a><\/p>\n","protected":false},"author":1,"featured_media":191,"parent":120,"menu_order":65,"comment_status":"closed","ping_status":"closed","template":"","meta":{"footnotes":""},"class_list":["post-135","page","type-page","status-publish","has-post-thumbnail","hentry"],"yoast_head":"<!-- This site is optimized with the Yoast SEO plugin v27.5 - https:\/\/yoast.com\/product\/yoast-seo-wordpress\/ -->\n<title>Water monitoring system development - Aquaprofit Zrt.<\/title>\n<meta name=\"robots\" content=\"index, follow, max-snippet:-1, max-image-preview:large, max-video-preview:-1\" \/>\n<link rel=\"canonical\" href=\"https:\/\/www.aquaprofit.com\/en\/services\/water-monitoring-system-development\/\" \/>\n<meta property=\"og:locale\" content=\"en_US\" \/>\n<meta property=\"og:type\" content=\"article\" \/>\n<meta property=\"og:title\" content=\"Water monitoring system development - Aquaprofit Zrt.\" \/>\n<meta property=\"og:description\" content=\"AT THE SERVICE OF OUR PARTNERS FOR THE PROTECTION OF OUR NATURAL WATERS Water is an invaluable natural resource that has been present on Earth in unchanged quantities for billions of years. We can protect our natural waters and water bases with modern monitoring systems. AQUAPROFIT Co. has extensive experience in their design, construction and ... Water monitoring system development\" \/>\n<meta property=\"og:url\" content=\"https:\/\/www.aquaprofit.com\/en\/services\/water-monitoring-system-development\/\" \/>\n<meta property=\"og:site_name\" content=\"Aquaprofit Zrt.\" \/>\n<meta property=\"article:modified_time\" content=\"2023-11-15T09:07:09+00:00\" \/>\n<meta property=\"og:image\" content=\"https:\/\/www.aquaprofit.com\/files\/monitoring_-vizmintavetel.jpg\" \/>\n\t<meta property=\"og:image:width\" content=\"2530\" \/>\n\t<meta property=\"og:image:height\" content=\"1898\" \/>\n\t<meta property=\"og:image:type\" content=\"image\/jpeg\" \/>\n<meta name=\"twitter:card\" content=\"summary_large_image\" \/>\n<meta name=\"twitter:label1\" content=\"Est. reading time\" \/>\n\t<meta name=\"twitter:data1\" content=\"3 minutes\" \/>\n<script type=\"application\/ld+json\" class=\"yoast-schema-graph\">{\"@context\":\"https:\\\/\\\/schema.org\",\"@graph\":[{\"@type\":\"WebPage\",\"@id\":\"https:\\\/\\\/www.aquaprofit.com\\\/en\\\/services\\\/water-monitoring-system-development\\\/\",\"url\":\"https:\\\/\\\/www.aquaprofit.com\\\/en\\\/services\\\/water-monitoring-system-development\\\/\",\"name\":\"Water monitoring system development - Aquaprofit Zrt.\",\"isPartOf\":{\"@id\":\"https:\\\/\\\/www.aquaprofit.com\\\/en\\\/#website\"},\"primaryImageOfPage\":{\"@id\":\"https:\\\/\\\/www.aquaprofit.com\\\/en\\\/services\\\/water-monitoring-system-development\\\/#primaryimage\"},\"image\":{\"@id\":\"https:\\\/\\\/www.aquaprofit.com\\\/en\\\/services\\\/water-monitoring-system-development\\\/#primaryimage\"},\"thumbnailUrl\":\"https:\\\/\\\/www.aquaprofit.com\\\/files\\\/monitoring_-vizmintavetel.jpg\",\"datePublished\":\"2023-10-30T12:09:08+00:00\",\"dateModified\":\"2023-11-15T09:07:09+00:00\",\"breadcrumb\":{\"@id\":\"https:\\\/\\\/www.aquaprofit.com\\\/en\\\/services\\\/water-monitoring-system-development\\\/#breadcrumb\"},\"inLanguage\":\"en-US\",\"potentialAction\":[{\"@type\":\"ReadAction\",\"target\":[\"https:\\\/\\\/www.aquaprofit.com\\\/en\\\/services\\\/water-monitoring-system-development\\\/\"]}]},{\"@type\":\"ImageObject\",\"inLanguage\":\"en-US\",\"@id\":\"https:\\\/\\\/www.aquaprofit.com\\\/en\\\/services\\\/water-monitoring-system-development\\\/#primaryimage\",\"url\":\"https:\\\/\\\/www.aquaprofit.com\\\/files\\\/monitoring_-vizmintavetel.jpg\",\"contentUrl\":\"https:\\\/\\\/www.aquaprofit.com\\\/files\\\/monitoring_-vizmintavetel.jpg\",\"width\":2530,\"height\":1898,\"caption\":\"cof\"},{\"@type\":\"BreadcrumbList\",\"@id\":\"https:\\\/\\\/www.aquaprofit.com\\\/en\\\/services\\\/water-monitoring-system-development\\\/#breadcrumb\",\"itemListElement\":[{\"@type\":\"ListItem\",\"position\":1,\"name\":\"Services\",\"item\":\"https:\\\/\\\/www.aquaprofit.com\\\/en\\\/services\\\/\"},{\"@type\":\"ListItem\",\"position\":2,\"name\":\"Water monitoring system development\"}]},{\"@type\":\"WebSite\",\"@id\":\"https:\\\/\\\/www.aquaprofit.com\\\/en\\\/#website\",\"url\":\"https:\\\/\\\/www.aquaprofit.com\\\/en\\\/\",\"name\":\"Aquaprofit Zrt.\",\"description\":\"\",\"potentialAction\":[{\"@type\":\"SearchAction\",\"target\":{\"@type\":\"EntryPoint\",\"urlTemplate\":\"https:\\\/\\\/www.aquaprofit.com\\\/en\\\/?s={search_term_string}\"},\"query-input\":{\"@type\":\"PropertyValueSpecification\",\"valueRequired\":true,\"valueName\":\"search_term_string\"}}],\"inLanguage\":\"en-US\"}]}<\/script>\n<!-- \/ Yoast SEO plugin. -->","yoast_head_json":{"title":"Water monitoring system development - Aquaprofit Zrt.","robots":{"index":"index","follow":"follow","max-snippet":"max-snippet:-1","max-image-preview":"max-image-preview:large","max-video-preview":"max-video-preview:-1"},"canonical":"https:\/\/www.aquaprofit.com\/en\/services\/water-monitoring-system-development\/","og_locale":"en_US","og_type":"article","og_title":"Water monitoring system development - Aquaprofit Zrt.","og_description":"AT THE SERVICE OF OUR PARTNERS FOR THE PROTECTION OF OUR NATURAL WATERS Water is an invaluable natural resource that has been present on Earth in unchanged quantities for billions of years. We can protect our natural waters and water bases with modern monitoring systems. AQUAPROFIT Co. has extensive experience in their design, construction and ... Water monitoring system development","og_url":"https:\/\/www.aquaprofit.com\/en\/services\/water-monitoring-system-development\/","og_site_name":"Aquaprofit Zrt.","article_modified_time":"2023-11-15T09:07:09+00:00","og_image":[{"width":2530,"height":1898,"url":"https:\/\/www.aquaprofit.com\/files\/monitoring_-vizmintavetel.jpg","type":"image\/jpeg"}],"twitter_card":"summary_large_image","twitter_misc":{"Est. reading time":"3 minutes"},"schema":{"@context":"https:\/\/schema.org","@graph":[{"@type":"WebPage","@id":"https:\/\/www.aquaprofit.com\/en\/services\/water-monitoring-system-development\/","url":"https:\/\/www.aquaprofit.com\/en\/services\/water-monitoring-system-development\/","name":"Water monitoring system development - Aquaprofit Zrt.","isPartOf":{"@id":"https:\/\/www.aquaprofit.com\/en\/#website"},"primaryImageOfPage":{"@id":"https:\/\/www.aquaprofit.com\/en\/services\/water-monitoring-system-development\/#primaryimage"},"image":{"@id":"https:\/\/www.aquaprofit.com\/en\/services\/water-monitoring-system-development\/#primaryimage"},"thumbnailUrl":"https:\/\/www.aquaprofit.com\/files\/monitoring_-vizmintavetel.jpg","datePublished":"2023-10-30T12:09:08+00:00","dateModified":"2023-11-15T09:07:09+00:00","breadcrumb":{"@id":"https:\/\/www.aquaprofit.com\/en\/services\/water-monitoring-system-development\/#breadcrumb"},"inLanguage":"en-US","potentialAction":[{"@type":"ReadAction","target":["https:\/\/www.aquaprofit.com\/en\/services\/water-monitoring-system-development\/"]}]},{"@type":"ImageObject","inLanguage":"en-US","@id":"https:\/\/www.aquaprofit.com\/en\/services\/water-monitoring-system-development\/#primaryimage","url":"https:\/\/www.aquaprofit.com\/files\/monitoring_-vizmintavetel.jpg","contentUrl":"https:\/\/www.aquaprofit.com\/files\/monitoring_-vizmintavetel.jpg","width":2530,"height":1898,"caption":"cof"},{"@type":"BreadcrumbList","@id":"https:\/\/www.aquaprofit.com\/en\/services\/water-monitoring-system-development\/#breadcrumb","itemListElement":[{"@type":"ListItem","position":1,"name":"Services","item":"https:\/\/www.aquaprofit.com\/en\/services\/"},{"@type":"ListItem","position":2,"name":"Water monitoring system development"}]},{"@type":"WebSite","@id":"https:\/\/www.aquaprofit.com\/en\/#website","url":"https:\/\/www.aquaprofit.com\/en\/","name":"Aquaprofit Zrt.","description":"","potentialAction":[{"@type":"SearchAction","target":{"@type":"EntryPoint","urlTemplate":"https:\/\/www.aquaprofit.com\/en\/?s={search_term_string}"},"query-input":{"@type":"PropertyValueSpecification","valueRequired":true,"valueName":"search_term_string"}}],"inLanguage":"en-US"}]}},"_links":{"self":[{"href":"https:\/\/www.aquaprofit.com\/en\/wp-json\/wp\/v2\/pages\/135","targetHints":{"allow":["GET"]}}],"collection":[{"href":"https:\/\/www.aquaprofit.com\/en\/wp-json\/wp\/v2\/pages"}],"about":[{"href":"https:\/\/www.aquaprofit.com\/en\/wp-json\/wp\/v2\/types\/page"}],"author":[{"embeddable":true,"href":"https:\/\/www.aquaprofit.com\/en\/wp-json\/wp\/v2\/users\/1"}],"replies":[{"embeddable":true,"href":"https:\/\/www.aquaprofit.com\/en\/wp-json\/wp\/v2\/comments?post=135"}],"version-history":[{"count":0,"href":"https:\/\/www.aquaprofit.com\/en\/wp-json\/wp\/v2\/pages\/135\/revisions"}],"up":[{"embeddable":true,"href":"https:\/\/www.aquaprofit.com\/en\/wp-json\/wp\/v2\/pages\/120"}],"wp:featuredmedia":[{"embeddable":true,"href":"https:\/\/www.aquaprofit.com\/en\/wp-json\/wp\/v2\/media\/191"}],"wp:attachment":[{"href":"https:\/\/www.aquaprofit.com\/en\/wp-json\/wp\/v2\/media?parent=135"}],"curies":[{"name":"wp","href":"https:\/\/api.w.org\/{rel}","templated":true}]}}