{"id":138,"date":"2023-10-30T13:10:30","date_gmt":"2023-10-30T12:10:30","guid":{"rendered":"https:\/\/www.aquaprofit.com\/?page_id=138"},"modified":"2023-11-16T10:48:36","modified_gmt":"2023-11-16T09:48:36","slug":"sustainable-water-management","status":"publish","type":"page","link":"https:\/\/www.aquaprofit.com\/en\/services\/sustainable-water-management\/","title":{"rendered":"Sustainable water management"},"content":{"rendered":"<h1>WITH SMART PLANNING AGAINST FLOOD AND DROUGHT<\/h1>\n<p><strong>As one of the direct effects of global warming, seasonal precipitation has become extremely fluctuating. Prolonged periods of water scarcity and drought have become common, as well as the rainfall events when many times the amount of usual precipitation can fall in just a few days.<\/strong><\/p>\n<p>Extreme amounts of water put an increased stress on both our natural and built environment. In the absence of adequate protection, lightning floods are a direct threat, while a lack of rainfall can lead to supply problems in many places. Therefore, it is extremely important to plan territorial and municipal water management and plant management with a high degree of competence, expertise and foresight.<\/p>\n<blockquote>Complex water management systems are an effective solution for dealing with water damage and drought damage in the areas.<\/blockquote>\n<p>The drainage of surplus water must be planned in the knowledge of the water demand of the areas, accordingly it must be possible to retain the water in the area and to designate the necessary storage places and storm reservoirs in the case of both indoor and outdoor water management.<\/p>\n<div id=\"attachment_335\" style=\"width: 710px\" class=\"wp-caption aligncenter\"><img loading=\"lazy\" decoding=\"async\" aria-describedby=\"caption-attachment-335\" class=\"wp-image-335 img-fluid\" src=\"https:\/\/www.aquaprofit.com\/files\/vkm-1.jpg\" alt=\"Water abstraction work from the direction of the inlet channel, which can provide 5m3\/s water supply (Dr\u00e1vag\u00e1rdony, Ancient-Dr\u00e1va project)\" width=\"700\" height=\"394\" srcset=\"https:\/\/www.aquaprofit.com\/files\/vkm-1.jpg 1000w, https:\/\/www.aquaprofit.com\/files\/vkm-1-534x300.jpg 534w\" sizes=\"auto, (max-width: 700px) 100vw, 700px\" \/><p id=\"caption-attachment-335\" class=\"wp-caption-text\">Water abstraction work from the direction of the inlet channel, which can provide 5m3\/s water supply (Dr\u00e1vag\u00e1rdony, Ancient-Dr\u00e1va project)<\/p><\/div>\n<p>In the case of complex water management, water controlling tasks must be performed, which can be ensured by the construction of double-acting water controlling structures. Where the conditions required for the above technical solutions are not given (ownership, land use, existing development), it must first be possible to drain water without damage. In the case of large-scale and complex water management, modern plant management technologies (remote operation, monitoring, automatic control) must be used in order to properly operate the facilities and to adapt them to the changing weather conditions and territorial water needs in time.<\/p>\n<p><strong>In order to establish the above technical solutions, we are at the disposal of our partners in performing the following<\/strong><strong> desi<\/strong><strong>gn<\/strong><strong> tasks:<\/strong><\/p>\n<ul>\n<li>hydrological examination of the area, hydrological modeling, exploration of water needs, drainage, geodetic and soil physical conditions;<\/li>\n<li>consultations with owners, land users, public utility managers;<\/li>\n<li>elaboration of water management concept, preparatory design, feasibility studies;<\/li>\n<li>carrying out detailed design work for the selected concept, preparation of authorization and construction plans, plant management plans, implementation plans;<\/li>\n<li>professional assistance, expert advice during the licensing procedure.<\/li>\n<\/ul>\n<h2>SERVICE BENEFITS<\/h2>\n<ul>\n<li>expert support<\/li>\n<li>extensive professional experience<\/li>\n<li>full complexity<\/li>\n<li>unique proficiency and preparedness in the design of complex water systems<\/li>\n<li>25 years of experience<\/li>\n<\/ul>\n<h2>FIELDS OF APPLICATION<\/h2>\n<ul>\n<li>indoor and outdoor water management<\/li>\n<li>protection and revitalization of wetlands<\/li>\n<li>construction of lakes and reservoirs<\/li>\n<\/ul>\n<h2>REFERENCES<\/h2>\n<ul>\n<li><strong>\u0150s-Dr\u00e1va Program \/ Water for the Revival of Orm\u00e1ns\u00e1g<\/strong>\u00a0<em>(Preliminary Feasibility Study; Orm\u00e1ns\u00e1g Development Association, 2005)<\/em><\/li>\n<li><strong>Improving the navigability of the Danube<\/strong>\u00a0<em>(GKM-VITUKI, 2006-2007)<\/em><\/li>\n<li><strong>V\u00e1s\u00e1rhelyi plan, Szamos-Kraszna flood reduction reservoir<\/strong>\u00a0<em>(VKKI, 2008)<\/em><\/li>\n<li><strong>Kis-Balaton water protection system, II. pace<\/strong>\u00a0<em>(VKKI, 2009)<\/em><\/li>\n<li><strong>Danube project<\/strong>\u00a0<em>(VKKI, 2009)<\/em><\/li>\n<li><strong>Rehabilitation of watercourses crossing borders<\/strong>\u00a0<em>(DDVIZIG, 2009-10.)<\/em><\/li>\n<li><strong>Revitalization of the Upper Martin branch on the Drava<\/strong>\u00a0<em>(DDVIZIG, 2009-10)<\/em><\/li>\n<li><strong>Ancient-Dr\u00e1va Program &#8211; Working together to boost Orm\u00e1ns\u00e1g &#8211; INTERREG III \/ A<\/strong>\u00a0<em>(Orm\u00e1ns\u00e1g Development Association, 2010)<\/em><\/li>\n<li><strong>Preparation of Water Damage Prevention Protection Plans in 98 settlements Borsod-Aba\u00faj-Zempl\u00e9n county<\/strong>\u00a0<em>(OVF, 2011.)<\/em><\/li>\n<li><strong>Design of the B\u00f3dvaszilas stormwater reservoir<\/strong>\u00a0<em>(OVF, 2011)<\/em><\/li>\n<li><strong>Design of the Edel\u00e9ny storm reservoir<\/strong>\u00a0<em>(OVF, 2011)<\/em><\/li>\n<li><strong>Design of a bridgehead storm reservoir<\/strong>\u00a0<em>(OVF, 2011)<\/em><\/li>\n<li><strong>Water replenishment of the C\u00fan \u2013 Szapolca backwater<\/strong>\u00a0<em>(DDVIZIG, 2012)<\/em><\/li>\n<li><strong>Planning for water retention and land use change in the Ancient Drava Program<\/strong>\u00a0<em>(OVF, 2017-21.)<\/em><\/li>\n<\/ul>\n","protected":false},"excerpt":{"rendered":"<p>WITH SMART PLANNING AGAINST FLOOD AND DROUGHT As one of the direct effects of global warming, seasonal precipitation has become extremely fluctuating. Prolonged periods of water scarcity and drought have become common, as well as the rainfall events when many times the amount of usual precipitation can fall in just a few days. Extreme amounts <a href=\"https:\/\/www.aquaprofit.com\/en\/services\/sustainable-water-management\/\" class=\"more-link\">&#8230;<span class=\"screen-reader-text\">  Sustainable water management<\/span><\/a><\/p>\n","protected":false},"author":1,"featured_media":377,"parent":120,"menu_order":43,"comment_status":"closed","ping_status":"closed","template":"","meta":{"footnotes":""},"class_list":["post-138","page","type-page","status-publish","has-post-thumbnail","hentry"],"yoast_head":"<!-- This site is optimized with the Yoast SEO plugin v27.5 - https:\/\/yoast.com\/product\/yoast-seo-wordpress\/ -->\n<title>Sustainable water management - Aquaprofit Zrt.<\/title>\n<meta name=\"description\" content=\"The drainage of surplus water must be planned in the knowledge of the water demand of the areas, we are at the disposal of our partners in performing the required design tasks\" \/>\n<meta name=\"robots\" content=\"index, follow, max-snippet:-1, max-image-preview:large, max-video-preview:-1\" \/>\n<link rel=\"canonical\" href=\"https:\/\/www.aquaprofit.com\/en\/services\/sustainable-water-management\/\" \/>\n<meta property=\"og:locale\" content=\"en_US\" \/>\n<meta property=\"og:type\" content=\"article\" \/>\n<meta property=\"og:title\" content=\"Sustainable water management - Aquaprofit Zrt.\" \/>\n<meta property=\"og:description\" content=\"The drainage of surplus water must be planned in the knowledge of the water demand of the areas, we are at the disposal of our partners in performing the required design tasks\" \/>\n<meta property=\"og:url\" content=\"https:\/\/www.aquaprofit.com\/en\/services\/sustainable-water-management\/\" \/>\n<meta property=\"og:site_name\" content=\"Aquaprofit Zrt.\" \/>\n<meta property=\"article:modified_time\" content=\"2023-11-16T09:48:36+00:00\" \/>\n<meta property=\"og:image\" content=\"https:\/\/www.aquaprofit.com\/files\/dreamstime_xxl_16690515.jpg\" \/>\n\t<meta property=\"og:image:width\" content=\"567\" \/>\n\t<meta property=\"og:image:height\" content=\"847\" \/>\n\t<meta property=\"og:image:type\" content=\"image\/jpeg\" \/>\n<meta name=\"twitter:card\" content=\"summary_large_image\" \/>\n<meta name=\"twitter:label1\" content=\"Est. reading time\" \/>\n\t<meta name=\"twitter:data1\" content=\"4 minutes\" \/>\n<script type=\"application\/ld+json\" class=\"yoast-schema-graph\">{\"@context\":\"https:\\\/\\\/schema.org\",\"@graph\":[{\"@type\":\"WebPage\",\"@id\":\"https:\\\/\\\/www.aquaprofit.com\\\/en\\\/services\\\/sustainable-water-management\\\/\",\"url\":\"https:\\\/\\\/www.aquaprofit.com\\\/en\\\/services\\\/sustainable-water-management\\\/\",\"name\":\"Sustainable water management - Aquaprofit Zrt.\",\"isPartOf\":{\"@id\":\"https:\\\/\\\/www.aquaprofit.com\\\/en\\\/#website\"},\"primaryImageOfPage\":{\"@id\":\"https:\\\/\\\/www.aquaprofit.com\\\/en\\\/services\\\/sustainable-water-management\\\/#primaryimage\"},\"image\":{\"@id\":\"https:\\\/\\\/www.aquaprofit.com\\\/en\\\/services\\\/sustainable-water-management\\\/#primaryimage\"},\"thumbnailUrl\":\"https:\\\/\\\/www.aquaprofit.com\\\/files\\\/dreamstime_xxl_16690515.jpg\",\"datePublished\":\"2023-10-30T12:10:30+00:00\",\"dateModified\":\"2023-11-16T09:48:36+00:00\",\"description\":\"The drainage of surplus water must be planned in the knowledge of the water demand of the areas, we are at the disposal of our partners in performing the required design tasks\",\"breadcrumb\":{\"@id\":\"https:\\\/\\\/www.aquaprofit.com\\\/en\\\/services\\\/sustainable-water-management\\\/#breadcrumb\"},\"inLanguage\":\"en-US\",\"potentialAction\":[{\"@type\":\"ReadAction\",\"target\":[\"https:\\\/\\\/www.aquaprofit.com\\\/en\\\/services\\\/sustainable-water-management\\\/\"]}]},{\"@type\":\"ImageObject\",\"inLanguage\":\"en-US\",\"@id\":\"https:\\\/\\\/www.aquaprofit.com\\\/en\\\/services\\\/sustainable-water-management\\\/#primaryimage\",\"url\":\"https:\\\/\\\/www.aquaprofit.com\\\/files\\\/dreamstime_xxl_16690515.jpg\",\"contentUrl\":\"https:\\\/\\\/www.aquaprofit.com\\\/files\\\/dreamstime_xxl_16690515.jpg\",\"width\":567,\"height\":847},{\"@type\":\"BreadcrumbList\",\"@id\":\"https:\\\/\\\/www.aquaprofit.com\\\/en\\\/services\\\/sustainable-water-management\\\/#breadcrumb\",\"itemListElement\":[{\"@type\":\"ListItem\",\"position\":1,\"name\":\"Services\",\"item\":\"https:\\\/\\\/www.aquaprofit.com\\\/en\\\/services\\\/\"},{\"@type\":\"ListItem\",\"position\":2,\"name\":\"Sustainable water management\"}]},{\"@type\":\"WebSite\",\"@id\":\"https:\\\/\\\/www.aquaprofit.com\\\/en\\\/#website\",\"url\":\"https:\\\/\\\/www.aquaprofit.com\\\/en\\\/\",\"name\":\"Aquaprofit Zrt.\",\"description\":\"\",\"potentialAction\":[{\"@type\":\"SearchAction\",\"target\":{\"@type\":\"EntryPoint\",\"urlTemplate\":\"https:\\\/\\\/www.aquaprofit.com\\\/en\\\/?s={search_term_string}\"},\"query-input\":{\"@type\":\"PropertyValueSpecification\",\"valueRequired\":true,\"valueName\":\"search_term_string\"}}],\"inLanguage\":\"en-US\"}]}<\/script>\n<!-- \/ Yoast SEO plugin. -->","yoast_head_json":{"title":"Sustainable water management - Aquaprofit Zrt.","description":"The drainage of surplus water must be planned in the knowledge of the water demand of the areas, we are at the disposal of our partners in performing the required design tasks","robots":{"index":"index","follow":"follow","max-snippet":"max-snippet:-1","max-image-preview":"max-image-preview:large","max-video-preview":"max-video-preview:-1"},"canonical":"https:\/\/www.aquaprofit.com\/en\/services\/sustainable-water-management\/","og_locale":"en_US","og_type":"article","og_title":"Sustainable water management - Aquaprofit Zrt.","og_description":"The drainage of surplus water must be planned in the knowledge of the water demand of the areas, we are at the disposal of our partners in performing the required design tasks","og_url":"https:\/\/www.aquaprofit.com\/en\/services\/sustainable-water-management\/","og_site_name":"Aquaprofit Zrt.","article_modified_time":"2023-11-16T09:48:36+00:00","og_image":[{"width":567,"height":847,"url":"https:\/\/www.aquaprofit.com\/files\/dreamstime_xxl_16690515.jpg","type":"image\/jpeg"}],"twitter_card":"summary_large_image","twitter_misc":{"Est. reading time":"4 minutes"},"schema":{"@context":"https:\/\/schema.org","@graph":[{"@type":"WebPage","@id":"https:\/\/www.aquaprofit.com\/en\/services\/sustainable-water-management\/","url":"https:\/\/www.aquaprofit.com\/en\/services\/sustainable-water-management\/","name":"Sustainable water management - Aquaprofit Zrt.","isPartOf":{"@id":"https:\/\/www.aquaprofit.com\/en\/#website"},"primaryImageOfPage":{"@id":"https:\/\/www.aquaprofit.com\/en\/services\/sustainable-water-management\/#primaryimage"},"image":{"@id":"https:\/\/www.aquaprofit.com\/en\/services\/sustainable-water-management\/#primaryimage"},"thumbnailUrl":"https:\/\/www.aquaprofit.com\/files\/dreamstime_xxl_16690515.jpg","datePublished":"2023-10-30T12:10:30+00:00","dateModified":"2023-11-16T09:48:36+00:00","description":"The drainage of surplus water must be planned in the knowledge of the water demand of the areas, we are at the disposal of our partners in performing the required design tasks","breadcrumb":{"@id":"https:\/\/www.aquaprofit.com\/en\/services\/sustainable-water-management\/#breadcrumb"},"inLanguage":"en-US","potentialAction":[{"@type":"ReadAction","target":["https:\/\/www.aquaprofit.com\/en\/services\/sustainable-water-management\/"]}]},{"@type":"ImageObject","inLanguage":"en-US","@id":"https:\/\/www.aquaprofit.com\/en\/services\/sustainable-water-management\/#primaryimage","url":"https:\/\/www.aquaprofit.com\/files\/dreamstime_xxl_16690515.jpg","contentUrl":"https:\/\/www.aquaprofit.com\/files\/dreamstime_xxl_16690515.jpg","width":567,"height":847},{"@type":"BreadcrumbList","@id":"https:\/\/www.aquaprofit.com\/en\/services\/sustainable-water-management\/#breadcrumb","itemListElement":[{"@type":"ListItem","position":1,"name":"Services","item":"https:\/\/www.aquaprofit.com\/en\/services\/"},{"@type":"ListItem","position":2,"name":"Sustainable water management"}]},{"@type":"WebSite","@id":"https:\/\/www.aquaprofit.com\/en\/#website","url":"https:\/\/www.aquaprofit.com\/en\/","name":"Aquaprofit Zrt.","description":"","potentialAction":[{"@type":"SearchAction","target":{"@type":"EntryPoint","urlTemplate":"https:\/\/www.aquaprofit.com\/en\/?s={search_term_string}"},"query-input":{"@type":"PropertyValueSpecification","valueRequired":true,"valueName":"search_term_string"}}],"inLanguage":"en-US"}]}},"_links":{"self":[{"href":"https:\/\/www.aquaprofit.com\/en\/wp-json\/wp\/v2\/pages\/138","targetHints":{"allow":["GET"]}}],"collection":[{"href":"https:\/\/www.aquaprofit.com\/en\/wp-json\/wp\/v2\/pages"}],"about":[{"href":"https:\/\/www.aquaprofit.com\/en\/wp-json\/wp\/v2\/types\/page"}],"author":[{"embeddable":true,"href":"https:\/\/www.aquaprofit.com\/en\/wp-json\/wp\/v2\/users\/1"}],"replies":[{"embeddable":true,"href":"https:\/\/www.aquaprofit.com\/en\/wp-json\/wp\/v2\/comments?post=138"}],"version-history":[{"count":0,"href":"https:\/\/www.aquaprofit.com\/en\/wp-json\/wp\/v2\/pages\/138\/revisions"}],"up":[{"embeddable":true,"href":"https:\/\/www.aquaprofit.com\/en\/wp-json\/wp\/v2\/pages\/120"}],"wp:featuredmedia":[{"embeddable":true,"href":"https:\/\/www.aquaprofit.com\/en\/wp-json\/wp\/v2\/media\/377"}],"wp:attachment":[{"href":"https:\/\/www.aquaprofit.com\/en\/wp-json\/wp\/v2\/media?parent=138"}],"curies":[{"name":"wp","href":"https:\/\/api.w.org\/{rel}","templated":true}]}}