{"id":139,"date":"2023-10-30T13:10:51","date_gmt":"2023-10-30T12:10:51","guid":{"rendered":"https:\/\/www.aquaprofit.com\/?page_id=139"},"modified":"2023-11-13T11:52:23","modified_gmt":"2023-11-13T10:52:23","slug":"geothermal-energy-utilization","status":"publish","type":"page","link":"https:\/\/www.aquaprofit.com\/en\/services\/geothermal-energy-utilization\/","title":{"rendered":"Geothermal energy utilization"},"content":{"rendered":"<h1>RENEWABLE ENERGY SOURCE, SUSTAINABLE FUTURE<\/h1>\n<p><strong>Hungary is uniquely rich in geothermal energy resources. The Hungarian thermal water resource offers great opportunities for the use of energy for residential, agricultural and industrial purposes.<\/strong><\/p>\n<p>The efficient use of high-energy heat sources and other forms of geothermal energy is essential for the carbon-neutral transformation of the 21st century economy. Our service serves the professional foundation of such development projects.<\/p>\n<p>For our partners, we explore the best possible local geothermal energy sources in accordance with the given project goal. The forms of this can vary depending on the customer&#8217;s needs.<\/p>\n<p>It is possible to prepare a\u00a0<em><strong>decision-making study,<\/strong><\/em>\u00a0which includes the possibilities of thermal water procurement and the heat utilization and energy utilization plan, thus providing a professionally based support for the detailed elaboration of an investment. It is also possible to prepare a\u00a0<em><strong>detailed feasibility study<\/strong><\/em>\u00a0before the planned developments, which includes for our clients the technical solutions to be implemented and their detailed description, the financial aspects of the project, complex cost-benefit analysis and other aspects of the investment (eg environmental, sustainability, marketing, social or any other compliance criteria).<\/p>\n<h2>SERVICE BENEFITS<\/h2>\n<ul>\n<li>preparation of feasibility studies required for tenders for the utilization of renewable energies<\/li>\n<li>feasibility of investments for the utilization of geothermal energy<\/li>\n<li>professional knowledge, 25 years of experience in similar procedures<\/li>\n<\/ul>\n<h2>FIELDS OF APPLICATION<\/h2>\n<ul>\n<li>exploring the possibilities of energy recovery<\/li>\n<li>exploring the possibilities of utilization for agricultural purposes<\/li>\n<li>feasibility of balneo-tourism applications<\/li>\n<\/ul>\n<h2>REFERENCES<\/h2>\n<ul>\n<li><strong>G\u00f6d\u00f6ll\u0151, complex feasibility study<\/strong>\u00a0for the utilization of geothermal energy in district heating<\/li>\n<li>Possibilities of geothermal based heat and electricity production and utilization in\u00a0<strong>R\u00e1ckeve-1 drilling<\/strong><\/li>\n<li><strong>Nagykanizsa &#8211; Complex geothermal utilization project<\/strong>\u00a0<em>(preliminary feasibility study)<\/em><\/li>\n<\/ul>\n<p><img loading=\"lazy\" decoding=\"async\" class=\"aligncenter wp-image-437 img-fluid\" src=\"https:\/\/www.aquaprofit.com\/files\/8b324677-c36c-4b40-80b1-ca58d14d1cdf_N_shutterstock_173191262.jpg\" alt=\"\" width=\"700\" height=\"466\" \/><\/p>\n<p>&nbsp;<\/p>\n","protected":false},"excerpt":{"rendered":"<p>RENEWABLE ENERGY SOURCE, SUSTAINABLE FUTURE Hungary is uniquely rich in geothermal energy resources. The Hungarian thermal water resource offers great opportunities for the use of energy for residential, agricultural and industrial purposes. The efficient use of high-energy heat sources and other forms of geothermal energy is essential for the carbon-neutral transformation of the 21st century <a href=\"https:\/\/www.aquaprofit.com\/en\/services\/geothermal-energy-utilization\/\" class=\"more-link\">&#8230;<span class=\"screen-reader-text\">  Geothermal energy utilization<\/span><\/a><\/p>\n","protected":false},"author":1,"featured_media":435,"parent":120,"menu_order":45,"comment_status":"closed","ping_status":"closed","template":"","meta":{"footnotes":""},"class_list":["post-139","page","type-page","status-publish","has-post-thumbnail","hentry"],"yoast_head":"<!-- This site is optimized with the Yoast SEO plugin v27.5 - https:\/\/yoast.com\/product\/yoast-seo-wordpress\/ -->\n<title>Geothermal energy utilization - Aquaprofit Zrt.<\/title>\n<meta name=\"robots\" content=\"index, follow, max-snippet:-1, max-image-preview:large, max-video-preview:-1\" \/>\n<link rel=\"canonical\" href=\"https:\/\/www.aquaprofit.com\/en\/services\/geothermal-energy-utilization\/\" \/>\n<meta property=\"og:locale\" content=\"en_US\" \/>\n<meta property=\"og:type\" content=\"article\" \/>\n<meta property=\"og:title\" content=\"Geothermal energy utilization - Aquaprofit Zrt.\" \/>\n<meta property=\"og:description\" content=\"RENEWABLE ENERGY SOURCE, SUSTAINABLE FUTURE Hungary is uniquely rich in geothermal energy resources. The Hungarian thermal water resource offers great opportunities for the use of energy for residential, agricultural and industrial purposes. The efficient use of high-energy heat sources and other forms of geothermal energy is essential for the carbon-neutral transformation of the 21st century ... Geothermal energy utilization\" \/>\n<meta property=\"og:url\" content=\"https:\/\/www.aquaprofit.com\/en\/services\/geothermal-energy-utilization\/\" \/>\n<meta property=\"og:site_name\" content=\"Aquaprofit Zrt.\" \/>\n<meta property=\"article:modified_time\" content=\"2023-11-13T10:52:23+00:00\" \/>\n<meta property=\"og:image\" content=\"https:\/\/www.aquaprofit.com\/files\/8b324677-c36c-4b40-80b1-ca58d14d1cdf_N_shutterstock_267544685.jpg\" \/>\n\t<meta property=\"og:image:width\" content=\"737\" \/>\n\t<meta property=\"og:image:height\" content=\"491\" \/>\n\t<meta property=\"og:image:type\" content=\"image\/jpeg\" \/>\n<meta name=\"twitter:card\" content=\"summary_large_image\" \/>\n<meta name=\"twitter:label1\" content=\"Est. reading time\" \/>\n\t<meta name=\"twitter:data1\" content=\"2 minutes\" \/>\n<script type=\"application\/ld+json\" class=\"yoast-schema-graph\">{\"@context\":\"https:\\\/\\\/schema.org\",\"@graph\":[{\"@type\":\"WebPage\",\"@id\":\"https:\\\/\\\/www.aquaprofit.com\\\/en\\\/services\\\/geothermal-energy-utilization\\\/\",\"url\":\"https:\\\/\\\/www.aquaprofit.com\\\/en\\\/services\\\/geothermal-energy-utilization\\\/\",\"name\":\"Geothermal energy utilization - Aquaprofit Zrt.\",\"isPartOf\":{\"@id\":\"https:\\\/\\\/www.aquaprofit.com\\\/en\\\/#website\"},\"primaryImageOfPage\":{\"@id\":\"https:\\\/\\\/www.aquaprofit.com\\\/en\\\/services\\\/geothermal-energy-utilization\\\/#primaryimage\"},\"image\":{\"@id\":\"https:\\\/\\\/www.aquaprofit.com\\\/en\\\/services\\\/geothermal-energy-utilization\\\/#primaryimage\"},\"thumbnailUrl\":\"https:\\\/\\\/www.aquaprofit.com\\\/files\\\/8b324677-c36c-4b40-80b1-ca58d14d1cdf_N_shutterstock_267544685.jpg\",\"datePublished\":\"2023-10-30T12:10:51+00:00\",\"dateModified\":\"2023-11-13T10:52:23+00:00\",\"breadcrumb\":{\"@id\":\"https:\\\/\\\/www.aquaprofit.com\\\/en\\\/services\\\/geothermal-energy-utilization\\\/#breadcrumb\"},\"inLanguage\":\"en-US\",\"potentialAction\":[{\"@type\":\"ReadAction\",\"target\":[\"https:\\\/\\\/www.aquaprofit.com\\\/en\\\/services\\\/geothermal-energy-utilization\\\/\"]}]},{\"@type\":\"ImageObject\",\"inLanguage\":\"en-US\",\"@id\":\"https:\\\/\\\/www.aquaprofit.com\\\/en\\\/services\\\/geothermal-energy-utilization\\\/#primaryimage\",\"url\":\"https:\\\/\\\/www.aquaprofit.com\\\/files\\\/8b324677-c36c-4b40-80b1-ca58d14d1cdf_N_shutterstock_267544685.jpg\",\"contentUrl\":\"https:\\\/\\\/www.aquaprofit.com\\\/files\\\/8b324677-c36c-4b40-80b1-ca58d14d1cdf_N_shutterstock_267544685.jpg\",\"width\":737,\"height\":491},{\"@type\":\"BreadcrumbList\",\"@id\":\"https:\\\/\\\/www.aquaprofit.com\\\/en\\\/services\\\/geothermal-energy-utilization\\\/#breadcrumb\",\"itemListElement\":[{\"@type\":\"ListItem\",\"position\":1,\"name\":\"Services\",\"item\":\"https:\\\/\\\/www.aquaprofit.com\\\/en\\\/services\\\/\"},{\"@type\":\"ListItem\",\"position\":2,\"name\":\"Geothermal energy utilization\"}]},{\"@type\":\"WebSite\",\"@id\":\"https:\\\/\\\/www.aquaprofit.com\\\/en\\\/#website\",\"url\":\"https:\\\/\\\/www.aquaprofit.com\\\/en\\\/\",\"name\":\"Aquaprofit Zrt.\",\"description\":\"\",\"potentialAction\":[{\"@type\":\"SearchAction\",\"target\":{\"@type\":\"EntryPoint\",\"urlTemplate\":\"https:\\\/\\\/www.aquaprofit.com\\\/en\\\/?s={search_term_string}\"},\"query-input\":{\"@type\":\"PropertyValueSpecification\",\"valueRequired\":true,\"valueName\":\"search_term_string\"}}],\"inLanguage\":\"en-US\"}]}<\/script>\n<!-- \/ Yoast SEO plugin. -->","yoast_head_json":{"title":"Geothermal energy utilization - Aquaprofit Zrt.","robots":{"index":"index","follow":"follow","max-snippet":"max-snippet:-1","max-image-preview":"max-image-preview:large","max-video-preview":"max-video-preview:-1"},"canonical":"https:\/\/www.aquaprofit.com\/en\/services\/geothermal-energy-utilization\/","og_locale":"en_US","og_type":"article","og_title":"Geothermal energy utilization - Aquaprofit Zrt.","og_description":"RENEWABLE ENERGY SOURCE, SUSTAINABLE FUTURE Hungary is uniquely rich in geothermal energy resources. The Hungarian thermal water resource offers great opportunities for the use of energy for residential, agricultural and industrial purposes. The efficient use of high-energy heat sources and other forms of geothermal energy is essential for the carbon-neutral transformation of the 21st century ... Geothermal energy utilization","og_url":"https:\/\/www.aquaprofit.com\/en\/services\/geothermal-energy-utilization\/","og_site_name":"Aquaprofit Zrt.","article_modified_time":"2023-11-13T10:52:23+00:00","og_image":[{"width":737,"height":491,"url":"https:\/\/www.aquaprofit.com\/files\/8b324677-c36c-4b40-80b1-ca58d14d1cdf_N_shutterstock_267544685.jpg","type":"image\/jpeg"}],"twitter_card":"summary_large_image","twitter_misc":{"Est. reading time":"2 minutes"},"schema":{"@context":"https:\/\/schema.org","@graph":[{"@type":"WebPage","@id":"https:\/\/www.aquaprofit.com\/en\/services\/geothermal-energy-utilization\/","url":"https:\/\/www.aquaprofit.com\/en\/services\/geothermal-energy-utilization\/","name":"Geothermal energy utilization - Aquaprofit Zrt.","isPartOf":{"@id":"https:\/\/www.aquaprofit.com\/en\/#website"},"primaryImageOfPage":{"@id":"https:\/\/www.aquaprofit.com\/en\/services\/geothermal-energy-utilization\/#primaryimage"},"image":{"@id":"https:\/\/www.aquaprofit.com\/en\/services\/geothermal-energy-utilization\/#primaryimage"},"thumbnailUrl":"https:\/\/www.aquaprofit.com\/files\/8b324677-c36c-4b40-80b1-ca58d14d1cdf_N_shutterstock_267544685.jpg","datePublished":"2023-10-30T12:10:51+00:00","dateModified":"2023-11-13T10:52:23+00:00","breadcrumb":{"@id":"https:\/\/www.aquaprofit.com\/en\/services\/geothermal-energy-utilization\/#breadcrumb"},"inLanguage":"en-US","potentialAction":[{"@type":"ReadAction","target":["https:\/\/www.aquaprofit.com\/en\/services\/geothermal-energy-utilization\/"]}]},{"@type":"ImageObject","inLanguage":"en-US","@id":"https:\/\/www.aquaprofit.com\/en\/services\/geothermal-energy-utilization\/#primaryimage","url":"https:\/\/www.aquaprofit.com\/files\/8b324677-c36c-4b40-80b1-ca58d14d1cdf_N_shutterstock_267544685.jpg","contentUrl":"https:\/\/www.aquaprofit.com\/files\/8b324677-c36c-4b40-80b1-ca58d14d1cdf_N_shutterstock_267544685.jpg","width":737,"height":491},{"@type":"BreadcrumbList","@id":"https:\/\/www.aquaprofit.com\/en\/services\/geothermal-energy-utilization\/#breadcrumb","itemListElement":[{"@type":"ListItem","position":1,"name":"Services","item":"https:\/\/www.aquaprofit.com\/en\/services\/"},{"@type":"ListItem","position":2,"name":"Geothermal energy utilization"}]},{"@type":"WebSite","@id":"https:\/\/www.aquaprofit.com\/en\/#website","url":"https:\/\/www.aquaprofit.com\/en\/","name":"Aquaprofit Zrt.","description":"","potentialAction":[{"@type":"SearchAction","target":{"@type":"EntryPoint","urlTemplate":"https:\/\/www.aquaprofit.com\/en\/?s={search_term_string}"},"query-input":{"@type":"PropertyValueSpecification","valueRequired":true,"valueName":"search_term_string"}}],"inLanguage":"en-US"}]}},"_links":{"self":[{"href":"https:\/\/www.aquaprofit.com\/en\/wp-json\/wp\/v2\/pages\/139","targetHints":{"allow":["GET"]}}],"collection":[{"href":"https:\/\/www.aquaprofit.com\/en\/wp-json\/wp\/v2\/pages"}],"about":[{"href":"https:\/\/www.aquaprofit.com\/en\/wp-json\/wp\/v2\/types\/page"}],"author":[{"embeddable":true,"href":"https:\/\/www.aquaprofit.com\/en\/wp-json\/wp\/v2\/users\/1"}],"replies":[{"embeddable":true,"href":"https:\/\/www.aquaprofit.com\/en\/wp-json\/wp\/v2\/comments?post=139"}],"version-history":[{"count":0,"href":"https:\/\/www.aquaprofit.com\/en\/wp-json\/wp\/v2\/pages\/139\/revisions"}],"up":[{"embeddable":true,"href":"https:\/\/www.aquaprofit.com\/en\/wp-json\/wp\/v2\/pages\/120"}],"wp:featuredmedia":[{"embeddable":true,"href":"https:\/\/www.aquaprofit.com\/en\/wp-json\/wp\/v2\/media\/435"}],"wp:attachment":[{"href":"https:\/\/www.aquaprofit.com\/en\/wp-json\/wp\/v2\/media?parent=139"}],"curies":[{"name":"wp","href":"https:\/\/api.w.org\/{rel}","templated":true}]}}