{"id":148,"date":"2023-10-30T14:47:01","date_gmt":"2023-10-30T13:47:01","guid":{"rendered":"https:\/\/www.aquaprofit.com\/?page_id=148"},"modified":"2024-04-11T13:38:42","modified_gmt":"2024-04-11T11:38:42","slug":"arsenic-free-drinking-water-supply-systems","status":"publish","type":"page","link":"https:\/\/www.aquaprofit.com\/en\/products\/arsenic-free-drinking-water-supply-systems\/","title":{"rendered":"Arsenic free drinking water supply systems"},"content":{"rendered":"<h1>ASR SYSTEM \u2013 THE ENVIRONMENTALLY FRIENDLY TECHNOLOGY<\/h1>\n<p><strong>Arsenic is a common element in the earth&#8217;s crust that is highly dangerous to the human body. The main source of pollution is sedimentary rock layers, which play a key role in the storage of groundwater and can have a high arsenic content.<\/strong><\/p>\n<p>Arsenic released from the rocks may be present in high concentrations in the drinking water strata in the southern parts of the Carpathian Basin (Southern Great Plain, Vojvodina). Arsenic removal of drinking water is a priority water quality issue to reduce human risks. According to the limits in force in the European Union, the presence of a\u00a0<strong>maximum of 0.01 mg\/l of arsenic<\/strong>\u00a0in drinking water is permitted.<\/p>\n<p><img loading=\"lazy\" decoding=\"async\" class=\"aligncenter wp-image-272 size-full img-fluid\" src=\"https:\/\/www.aquaprofit.com\/files\/arzenmentesites_2-e1699535135468.jpg\" alt=\"\" width=\"583\" height=\"531\" \/><\/p>\n<p>The technical solution offered by the engineers of AQUAPROFIT Co. is able to guarantee water quality that meets the strictest possible regulations.<\/p>\n<blockquote>The innovative ASR System, which provides an efficient solution for removing arsenic in a way that integrates well with any system.<\/blockquote>\n<p>Thanks to the flexibility of our technology, the filtration modules and water purification systems of the Aquaprofit ASR System ensures the arsenic removal of used water in many parts of the country.<\/p>\n<h2>PRODUCT BENEFITS<\/h2>\n<ul>\n<li>Size range and technology that can be adapted to the customer&#8217;s needs<\/li>\n<li>Possibility of PLC control included in individual or central system<\/li>\n<li>Easy to install, assemble, well scalable components<\/li>\n<li>Design, fitting, piping according to individual needs on request<\/li>\n<li>Optimized chemical and energy use<\/li>\n<li>Service life optimization for adsorption charges<\/li>\n<\/ul>\n<h2>CONDITIONS OF APPLICATION<\/h2>\n<ul>\n<li>Natural water source<\/li>\n<li>Volume flow: 2-100 m<sup>3<\/sup>\/h<\/li>\n<li>Filtration speed: 10 m\/h<\/li>\n<li>Operating pressure: maximum 6 bar<\/li>\n<\/ul>\n<h2>REFERENCES<\/h2>\n<ul>\n<li><strong>Northern Great Plain Region Drinking Water Quality Improvement Program<\/strong>\u00a0\/ Design and implementation of a water purification and water supply system for the implementation of Phase I (Bihartorda, Cs\u00f6km\u0151, Darvas, Mez\u0151sas, Ny\u00edradony, Pocsaj \/ Eszt\u00e1r)<\/li>\n<li><strong>Northern Great Plain Region Drinking Water Quality Improvement Program<\/strong>\u00a0\/ Design and implementation of a water purification and water supply system for the implementation of Phase I (Hajd\u00fan\u00e1n\u00e1s, Ebes)<\/li>\n<li>Design and implementation of a water purification and water supply system for the implementation of the\u00a0<strong>Northern Hajd\u00fas\u00e1g Drinking Water Quality Improvement Project<\/strong>\u00a0(G\u00f6rbeh\u00e1za, Hajd\u00fadorog, Hajd\u00fan\u00e1n\u00e1s-Tedej)<\/li>\n<li>Design and implementation of a water purification and water supply system for the implementation of the\u00a0<strong>Tiszazug Drinking Water Quality Improvement Project<\/strong>\u00a0(Cserkesz\u0151l\u0151, Cs\u00e9pa, Martf\u0171, \u00d6cs\u00f6d, Tiszaf\u00f6ldv\u00e1r)<\/li>\n<\/ul>\n<h2 class=\"fulltext_article_embedded_content_placeholder app_mediakeret\">PRODUCT LINES<\/h2>\n<div class=\"download-block\"><h1>ASR System Single and Double<\/h1><a target=\"_blank\" rel=\"noopener\" href=\"https:\/\/www.aquaprofit.com\/files\/Szurotartaly_ASR_Aquaprofit.pdf\" target=\"_blank\"><img decoding=\"async\" src=\"https:\/\/www.aquaprofit.com\/wp-content\/themes\/aquaprofit\/images\/download_doc_hu.png\" alt=\"ASR System Single and Double\"><\/a><\/p><\/div>\n","protected":false},"excerpt":{"rendered":"<p>ASR SYSTEM \u2013 THE ENVIRONMENTALLY FRIENDLY TECHNOLOGY Arsenic is a common element in the earth&#8217;s crust that is highly dangerous to the human body. The main source of pollution is sedimentary rock layers, which play a key role in the storage of groundwater and can have a high arsenic content. Arsenic released from the rocks <a href=\"https:\/\/www.aquaprofit.com\/en\/products\/arsenic-free-drinking-water-supply-systems\/\" class=\"more-link\">&#8230;<span class=\"screen-reader-text\">  Arsenic free drinking water supply systems<\/span><\/a><\/p>\n","protected":false},"author":1,"featured_media":269,"parent":125,"menu_order":1,"comment_status":"closed","ping_status":"closed","template":"","meta":{"footnotes":""},"class_list":["post-148","page","type-page","status-publish","has-post-thumbnail","hentry"],"yoast_head":"<!-- This site is optimized with the Yoast SEO plugin v27.5 - https:\/\/yoast.com\/product\/yoast-seo-wordpress\/ -->\n<title>Arsenic free drinking water supply systems - Aquaprofit Zrt.<\/title>\n<meta name=\"description\" content=\"Our innovative ASR System provides an efficient solution for removing arsenic in a way that integrates well with any system.\" \/>\n<meta name=\"robots\" content=\"index, follow, max-snippet:-1, max-image-preview:large, max-video-preview:-1\" \/>\n<link rel=\"canonical\" href=\"https:\/\/www.aquaprofit.com\/en\/products\/arsenic-free-drinking-water-supply-systems\/\" \/>\n<meta property=\"og:locale\" content=\"en_US\" \/>\n<meta property=\"og:type\" content=\"article\" \/>\n<meta property=\"og:title\" content=\"Arsenic free drinking water supply systems - Aquaprofit Zrt.\" \/>\n<meta property=\"og:description\" content=\"Our innovative ASR System provides an efficient solution for removing arsenic in a way that integrates well with any system.\" \/>\n<meta property=\"og:url\" content=\"https:\/\/www.aquaprofit.com\/en\/products\/arsenic-free-drinking-water-supply-systems\/\" \/>\n<meta property=\"og:site_name\" content=\"Aquaprofit Zrt.\" \/>\n<meta property=\"article:modified_time\" content=\"2024-04-11T11:38:42+00:00\" \/>\n<meta property=\"og:image\" content=\"https:\/\/www.aquaprofit.com\/files\/arzenmentesites.jpg\" \/>\n\t<meta property=\"og:image:width\" content=\"584\" \/>\n\t<meta property=\"og:image:height\" content=\"778\" \/>\n\t<meta property=\"og:image:type\" content=\"image\/jpeg\" \/>\n<meta name=\"twitter:card\" content=\"summary_large_image\" \/>\n<meta name=\"twitter:label1\" content=\"Est. reading time\" \/>\n\t<meta name=\"twitter:data1\" content=\"3 minutes\" \/>\n<script type=\"application\/ld+json\" class=\"yoast-schema-graph\">{\"@context\":\"https:\\\/\\\/schema.org\",\"@graph\":[{\"@type\":\"WebPage\",\"@id\":\"https:\\\/\\\/www.aquaprofit.com\\\/en\\\/products\\\/arsenic-free-drinking-water-supply-systems\\\/\",\"url\":\"https:\\\/\\\/www.aquaprofit.com\\\/en\\\/products\\\/arsenic-free-drinking-water-supply-systems\\\/\",\"name\":\"Arsenic free drinking water supply systems - Aquaprofit Zrt.\",\"isPartOf\":{\"@id\":\"https:\\\/\\\/www.aquaprofit.com\\\/en\\\/#website\"},\"primaryImageOfPage\":{\"@id\":\"https:\\\/\\\/www.aquaprofit.com\\\/en\\\/products\\\/arsenic-free-drinking-water-supply-systems\\\/#primaryimage\"},\"image\":{\"@id\":\"https:\\\/\\\/www.aquaprofit.com\\\/en\\\/products\\\/arsenic-free-drinking-water-supply-systems\\\/#primaryimage\"},\"thumbnailUrl\":\"https:\\\/\\\/www.aquaprofit.com\\\/files\\\/arzenmentesites.jpg\",\"datePublished\":\"2023-10-30T13:47:01+00:00\",\"dateModified\":\"2024-04-11T11:38:42+00:00\",\"description\":\"Our innovative ASR System provides an efficient solution for removing arsenic in a way that integrates well with any system.\",\"breadcrumb\":{\"@id\":\"https:\\\/\\\/www.aquaprofit.com\\\/en\\\/products\\\/arsenic-free-drinking-water-supply-systems\\\/#breadcrumb\"},\"inLanguage\":\"en-US\",\"potentialAction\":[{\"@type\":\"ReadAction\",\"target\":[\"https:\\\/\\\/www.aquaprofit.com\\\/en\\\/products\\\/arsenic-free-drinking-water-supply-systems\\\/\"]}]},{\"@type\":\"ImageObject\",\"inLanguage\":\"en-US\",\"@id\":\"https:\\\/\\\/www.aquaprofit.com\\\/en\\\/products\\\/arsenic-free-drinking-water-supply-systems\\\/#primaryimage\",\"url\":\"https:\\\/\\\/www.aquaprofit.com\\\/files\\\/arzenmentesites.jpg\",\"contentUrl\":\"https:\\\/\\\/www.aquaprofit.com\\\/files\\\/arzenmentesites.jpg\",\"width\":584,\"height\":778},{\"@type\":\"BreadcrumbList\",\"@id\":\"https:\\\/\\\/www.aquaprofit.com\\\/en\\\/products\\\/arsenic-free-drinking-water-supply-systems\\\/#breadcrumb\",\"itemListElement\":[{\"@type\":\"ListItem\",\"position\":1,\"name\":\"Products\",\"item\":\"https:\\\/\\\/www.aquaprofit.com\\\/en\\\/products\\\/\"},{\"@type\":\"ListItem\",\"position\":2,\"name\":\"Arsenic free drinking water supply systems\"}]},{\"@type\":\"WebSite\",\"@id\":\"https:\\\/\\\/www.aquaprofit.com\\\/en\\\/#website\",\"url\":\"https:\\\/\\\/www.aquaprofit.com\\\/en\\\/\",\"name\":\"Aquaprofit Zrt.\",\"description\":\"\",\"potentialAction\":[{\"@type\":\"SearchAction\",\"target\":{\"@type\":\"EntryPoint\",\"urlTemplate\":\"https:\\\/\\\/www.aquaprofit.com\\\/en\\\/?s={search_term_string}\"},\"query-input\":{\"@type\":\"PropertyValueSpecification\",\"valueRequired\":true,\"valueName\":\"search_term_string\"}}],\"inLanguage\":\"en-US\"}]}<\/script>\n<!-- \/ Yoast SEO plugin. -->","yoast_head_json":{"title":"Arsenic free drinking water supply systems - Aquaprofit Zrt.","description":"Our innovative ASR System provides an efficient solution for removing arsenic in a way that integrates well with any system.","robots":{"index":"index","follow":"follow","max-snippet":"max-snippet:-1","max-image-preview":"max-image-preview:large","max-video-preview":"max-video-preview:-1"},"canonical":"https:\/\/www.aquaprofit.com\/en\/products\/arsenic-free-drinking-water-supply-systems\/","og_locale":"en_US","og_type":"article","og_title":"Arsenic free drinking water supply systems - Aquaprofit Zrt.","og_description":"Our innovative ASR System provides an efficient solution for removing arsenic in a way that integrates well with any system.","og_url":"https:\/\/www.aquaprofit.com\/en\/products\/arsenic-free-drinking-water-supply-systems\/","og_site_name":"Aquaprofit Zrt.","article_modified_time":"2024-04-11T11:38:42+00:00","og_image":[{"width":584,"height":778,"url":"https:\/\/www.aquaprofit.com\/files\/arzenmentesites.jpg","type":"image\/jpeg"}],"twitter_card":"summary_large_image","twitter_misc":{"Est. reading time":"3 minutes"},"schema":{"@context":"https:\/\/schema.org","@graph":[{"@type":"WebPage","@id":"https:\/\/www.aquaprofit.com\/en\/products\/arsenic-free-drinking-water-supply-systems\/","url":"https:\/\/www.aquaprofit.com\/en\/products\/arsenic-free-drinking-water-supply-systems\/","name":"Arsenic free drinking water supply systems - Aquaprofit Zrt.","isPartOf":{"@id":"https:\/\/www.aquaprofit.com\/en\/#website"},"primaryImageOfPage":{"@id":"https:\/\/www.aquaprofit.com\/en\/products\/arsenic-free-drinking-water-supply-systems\/#primaryimage"},"image":{"@id":"https:\/\/www.aquaprofit.com\/en\/products\/arsenic-free-drinking-water-supply-systems\/#primaryimage"},"thumbnailUrl":"https:\/\/www.aquaprofit.com\/files\/arzenmentesites.jpg","datePublished":"2023-10-30T13:47:01+00:00","dateModified":"2024-04-11T11:38:42+00:00","description":"Our innovative ASR System provides an efficient solution for removing arsenic in a way that integrates well with any system.","breadcrumb":{"@id":"https:\/\/www.aquaprofit.com\/en\/products\/arsenic-free-drinking-water-supply-systems\/#breadcrumb"},"inLanguage":"en-US","potentialAction":[{"@type":"ReadAction","target":["https:\/\/www.aquaprofit.com\/en\/products\/arsenic-free-drinking-water-supply-systems\/"]}]},{"@type":"ImageObject","inLanguage":"en-US","@id":"https:\/\/www.aquaprofit.com\/en\/products\/arsenic-free-drinking-water-supply-systems\/#primaryimage","url":"https:\/\/www.aquaprofit.com\/files\/arzenmentesites.jpg","contentUrl":"https:\/\/www.aquaprofit.com\/files\/arzenmentesites.jpg","width":584,"height":778},{"@type":"BreadcrumbList","@id":"https:\/\/www.aquaprofit.com\/en\/products\/arsenic-free-drinking-water-supply-systems\/#breadcrumb","itemListElement":[{"@type":"ListItem","position":1,"name":"Products","item":"https:\/\/www.aquaprofit.com\/en\/products\/"},{"@type":"ListItem","position":2,"name":"Arsenic free drinking water supply systems"}]},{"@type":"WebSite","@id":"https:\/\/www.aquaprofit.com\/en\/#website","url":"https:\/\/www.aquaprofit.com\/en\/","name":"Aquaprofit Zrt.","description":"","potentialAction":[{"@type":"SearchAction","target":{"@type":"EntryPoint","urlTemplate":"https:\/\/www.aquaprofit.com\/en\/?s={search_term_string}"},"query-input":{"@type":"PropertyValueSpecification","valueRequired":true,"valueName":"search_term_string"}}],"inLanguage":"en-US"}]}},"_links":{"self":[{"href":"https:\/\/www.aquaprofit.com\/en\/wp-json\/wp\/v2\/pages\/148","targetHints":{"allow":["GET"]}}],"collection":[{"href":"https:\/\/www.aquaprofit.com\/en\/wp-json\/wp\/v2\/pages"}],"about":[{"href":"https:\/\/www.aquaprofit.com\/en\/wp-json\/wp\/v2\/types\/page"}],"author":[{"embeddable":true,"href":"https:\/\/www.aquaprofit.com\/en\/wp-json\/wp\/v2\/users\/1"}],"replies":[{"embeddable":true,"href":"https:\/\/www.aquaprofit.com\/en\/wp-json\/wp\/v2\/comments?post=148"}],"version-history":[{"count":0,"href":"https:\/\/www.aquaprofit.com\/en\/wp-json\/wp\/v2\/pages\/148\/revisions"}],"up":[{"embeddable":true,"href":"https:\/\/www.aquaprofit.com\/en\/wp-json\/wp\/v2\/pages\/125"}],"wp:featuredmedia":[{"embeddable":true,"href":"https:\/\/www.aquaprofit.com\/en\/wp-json\/wp\/v2\/media\/269"}],"wp:attachment":[{"href":"https:\/\/www.aquaprofit.com\/en\/wp-json\/wp\/v2\/media?parent=148"}],"curies":[{"name":"wp","href":"https:\/\/api.w.org\/{rel}","templated":true}]}}