{"id":149,"date":"2023-10-30T14:47:23","date_gmt":"2023-10-30T13:47:23","guid":{"rendered":"https:\/\/www.aquaprofit.com\/?page_id=149"},"modified":"2024-04-11T13:36:58","modified_gmt":"2024-04-11T11:36:58","slug":"iron-and-manganese-removal-technologies","status":"publish","type":"page","link":"https:\/\/www.aquaprofit.com\/en\/products\/iron-and-manganese-removal-technologies\/","title":{"rendered":"Iron and manganese removal technologies"},"content":{"rendered":"<h1>INNOVATIVE IMR SYSTEM: A TECHNOLOGY THAT HAS BEEN PROVEN IN MANY PLACES<\/h1>\n<p><strong>The presence of iron and manganese in the water is closely related. Although these metal ions are not harmful to the human body, their high concentration causes the water to turn yellow and cloudy. It is an even more serious problem if iron- and manganese-contaminated water enters the network.<\/strong><\/p>\n<p>Iron and manganese compounds that precipitate in the pipeline system allow the establishment of microorganisms that can even cause significant deterioration in water quality, so the removal of these metal compounds from the used water is a top priority for water quality. According to the limits permitted in the European Union, drinking water may contain a\u00a0<strong>maximum of 0.2 mg\/l of iron and a maximum of 0.05 mg\/l of manganese<\/strong>.<\/p>\n<p>The development engineers of AQUAPROFIT Co. have developed an efficient, economical and reliable system that can guarantee water safety in accordance with the strictest possible regulations.<\/p>\n<blockquote>The innovative IMR System can provide a state-of-the-art solution for filtering metal ions in a way that integrates well with any system.<\/blockquote>\n<p>Thanks to the flexibility of our technology, the filtration modules and water purification systems of the Aquaprofit IMR System ensure reliable iron manganese removal of used water in many parts of the country.<\/p>\n<p><img loading=\"lazy\" decoding=\"async\" class=\"aligncenter wp-image-277 img-fluid\" src=\"https:\/\/www.aquaprofit.com\/files\/vasmangantalanito_2.jpg\" alt=\"\" width=\"700\" height=\"420\" \/><\/p>\n<h2>PRODUCT BENEFITS<\/h2>\n<ul>\n<li>Drinking water safety permit<\/li>\n<li>Size range to suit customer needs<\/li>\n<li>Possibility of automatic PLC control in case of individual control valve design<\/li>\n<li>Easy to install, assemble, well scalable components<\/li>\n<li>Design, fitting, piping according to individual needs on request<\/li>\n<\/ul>\n<h2>CONDITIONS OF APPLICATION<\/h2>\n<ul>\n<li>Natural water source<\/li>\n<li>Volume flow: 2-160 m<sup>3<\/sup>\/h<\/li>\n<li>Filtration speed: 5-12 m\/h<\/li>\n<li>Operating pressure: maximum 6 bar<\/li>\n<li>Water temperature: maximum 40 \u00b0C<\/li>\n<\/ul>\n<h2>REFERENCES<\/h2>\n<ul>\n<li><strong>Heves Micro-Regional Drinking Water Quality Improvement Program II. design and implementation of a water purification and water supply system<\/strong>\u00a0(Heves, K\u00f6ml\u0151, P\u00e9ly)<\/li>\n<li><strong>\u00a0Northern Great Plain Region Drinking Water Quality Improvement Program Design and implementation of a water purification and water supply system for the implementation of Phase I<\/strong>\u00a0(Bihartorda, Cs\u00f6km\u0151, Darvas, Mez\u0151sas, Ny\u00edradony, Pocsaj \/ Eszt\u00e1r)<\/li>\n<li><strong>Northern Great Plain Region Drinking Water Quality Improvement Program Design and implementation of a water purification and water supply system for the implementation of Phase I<\/strong>\u00a0(Hajd\u00fan\u00e1n\u00e1s, Ebes)<\/li>\n<li><strong>Design and implementation of a water purification and water supply system for the implementation of the Northern Hajd\u00fas\u00e1g Drinking Water Quality Improvement Project<\/strong>\u00a0(G\u00f6rbeh\u00e1za, Hajd\u00fadorog, Hajd\u00fan\u00e1n\u00e1s-Tedej)<\/li>\n<li><strong>Carrying out the planning and implementation tasks of the Upper B\u00e1cska Drinking Water Quality Improvement Project<\/strong>\u00a0(Baja, D\u00e1vod, Hercegsz\u00e1nt\u00f3, B\u00e1csalm\u00e1s, Gara, Tatah\u00e1za, \u00c9rsekcsan\u00e1d, Nemesn\u00e1dudvar, Madaras, Cs\u00e1voly, Kunbaja, B\u00e1csbokod, \u00c9rsekhalma, Haj\u00f3s, Fels\u0151szentiv\u00e1n)<\/li>\n<li><strong>Design and implementation of a water purification and water supply system for the implementation of the Kalocsa Environmental Drinking Water Quality Improvement Project<\/strong>\u00a0(Solt, Dunatet\u00e9tlen)<\/li>\n<li><strong>Design and implementation of a water purification and water supply system for the implementation of the Tiszazug Drinking Water Quality Improvement Project<\/strong>\u00a0(Cserkesz\u0151l\u0151, Cs\u00e9pa, Martf\u0171, \u00d6cs\u00f6d, Tiszaf\u00f6ldv\u00e1r)<\/li>\n<\/ul>\n<h2>PRODUCT LINES<\/h2>\n<div class=\"download-block\"><h1>IMR System Single and Double<\/h1><a target=\"_blank\" rel=\"noopener\" href=\"https:\/\/www.aquaprofit.com\/files\/Szurotartaly_IMR_Aquaprofit.pdf\" target=\"_blank\"><img decoding=\"async\" src=\"https:\/\/www.aquaprofit.com\/wp-content\/themes\/aquaprofit\/images\/download_doc_hu.png\" alt=\"IMR System Single and Double\"><\/a><\/p><\/div>\n","protected":false},"excerpt":{"rendered":"<p>INNOVATIVE IMR SYSTEM: A TECHNOLOGY THAT HAS BEEN PROVEN IN MANY PLACES The presence of iron and manganese in the water is closely related. Although these metal ions are not harmful to the human body, their high concentration causes the water to turn yellow and cloudy. It is an even more serious problem if iron- <a href=\"https:\/\/www.aquaprofit.com\/en\/products\/iron-and-manganese-removal-technologies\/\" class=\"more-link\">&#8230;<span class=\"screen-reader-text\">  Iron and manganese removal technologies<\/span><\/a><\/p>\n","protected":false},"author":1,"featured_media":274,"parent":125,"menu_order":56,"comment_status":"closed","ping_status":"closed","template":"","meta":{"footnotes":""},"class_list":["post-149","page","type-page","status-publish","has-post-thumbnail","hentry"],"yoast_head":"<!-- This site is optimized with the Yoast SEO plugin v26.7 - https:\/\/yoast.com\/wordpress\/plugins\/seo\/ -->\n<title>Iron and manganese removal technologies - Aquaprofit Zrt.<\/title>\n<meta name=\"description\" content=\"Our innovative IMR System can provide a state-of-the-art solution for filtering metal ions in a way that integrates well with any system.\" \/>\n<meta name=\"robots\" content=\"index, follow, max-snippet:-1, max-image-preview:large, max-video-preview:-1\" \/>\n<link rel=\"canonical\" href=\"https:\/\/www.aquaprofit.com\/en\/products\/iron-and-manganese-removal-technologies\/\" \/>\n<meta property=\"og:locale\" content=\"en_US\" \/>\n<meta property=\"og:type\" content=\"article\" \/>\n<meta property=\"og:title\" content=\"Iron and manganese removal technologies - Aquaprofit Zrt.\" \/>\n<meta property=\"og:description\" content=\"Our innovative IMR System can provide a state-of-the-art solution for filtering metal ions in a way that integrates well with any system.\" \/>\n<meta property=\"og:url\" content=\"https:\/\/www.aquaprofit.com\/en\/products\/iron-and-manganese-removal-technologies\/\" \/>\n<meta property=\"og:site_name\" content=\"Aquaprofit Zrt.\" \/>\n<meta property=\"article:modified_time\" content=\"2024-04-11T11:36:58+00:00\" \/>\n<meta property=\"og:image\" content=\"https:\/\/www.aquaprofit.com\/files\/vasmangantalanito.jpg\" \/>\n\t<meta property=\"og:image:width\" content=\"922\" \/>\n\t<meta property=\"og:image:height\" content=\"519\" \/>\n\t<meta property=\"og:image:type\" content=\"image\/jpeg\" \/>\n<meta name=\"twitter:card\" content=\"summary_large_image\" \/>\n<meta name=\"twitter:label1\" content=\"Est. reading time\" \/>\n\t<meta name=\"twitter:data1\" content=\"3 minutes\" \/>\n<script type=\"application\/ld+json\" class=\"yoast-schema-graph\">{\"@context\":\"https:\/\/schema.org\",\"@graph\":[{\"@type\":\"WebPage\",\"@id\":\"https:\/\/www.aquaprofit.com\/en\/products\/iron-and-manganese-removal-technologies\/\",\"url\":\"https:\/\/www.aquaprofit.com\/en\/products\/iron-and-manganese-removal-technologies\/\",\"name\":\"Iron and manganese removal technologies - Aquaprofit Zrt.\",\"isPartOf\":{\"@id\":\"https:\/\/www.aquaprofit.com\/en\/#website\"},\"primaryImageOfPage\":{\"@id\":\"https:\/\/www.aquaprofit.com\/en\/products\/iron-and-manganese-removal-technologies\/#primaryimage\"},\"image\":{\"@id\":\"https:\/\/www.aquaprofit.com\/en\/products\/iron-and-manganese-removal-technologies\/#primaryimage\"},\"thumbnailUrl\":\"https:\/\/www.aquaprofit.com\/files\/vasmangantalanito.jpg\",\"datePublished\":\"2023-10-30T13:47:23+00:00\",\"dateModified\":\"2024-04-11T11:36:58+00:00\",\"description\":\"Our innovative IMR System can provide a state-of-the-art solution for filtering metal ions in a way that integrates well with any system.\",\"breadcrumb\":{\"@id\":\"https:\/\/www.aquaprofit.com\/en\/products\/iron-and-manganese-removal-technologies\/#breadcrumb\"},\"inLanguage\":\"en-US\",\"potentialAction\":[{\"@type\":\"ReadAction\",\"target\":[\"https:\/\/www.aquaprofit.com\/en\/products\/iron-and-manganese-removal-technologies\/\"]}]},{\"@type\":\"ImageObject\",\"inLanguage\":\"en-US\",\"@id\":\"https:\/\/www.aquaprofit.com\/en\/products\/iron-and-manganese-removal-technologies\/#primaryimage\",\"url\":\"https:\/\/www.aquaprofit.com\/files\/vasmangantalanito.jpg\",\"contentUrl\":\"https:\/\/www.aquaprofit.com\/files\/vasmangantalanito.jpg\",\"width\":922,\"height\":519},{\"@type\":\"BreadcrumbList\",\"@id\":\"https:\/\/www.aquaprofit.com\/en\/products\/iron-and-manganese-removal-technologies\/#breadcrumb\",\"itemListElement\":[{\"@type\":\"ListItem\",\"position\":1,\"name\":\"Products\",\"item\":\"https:\/\/www.aquaprofit.com\/en\/products\/\"},{\"@type\":\"ListItem\",\"position\":2,\"name\":\"Iron and manganese removal technologies\"}]},{\"@type\":\"WebSite\",\"@id\":\"https:\/\/www.aquaprofit.com\/en\/#website\",\"url\":\"https:\/\/www.aquaprofit.com\/en\/\",\"name\":\"Aquaprofit Zrt.\",\"description\":\"\",\"potentialAction\":[{\"@type\":\"SearchAction\",\"target\":{\"@type\":\"EntryPoint\",\"urlTemplate\":\"https:\/\/www.aquaprofit.com\/en\/?s={search_term_string}\"},\"query-input\":{\"@type\":\"PropertyValueSpecification\",\"valueRequired\":true,\"valueName\":\"search_term_string\"}}],\"inLanguage\":\"en-US\"}]}<\/script>\n<!-- \/ Yoast SEO plugin. -->","yoast_head_json":{"title":"Iron and manganese removal technologies - Aquaprofit Zrt.","description":"Our innovative IMR System can provide a state-of-the-art solution for filtering metal ions in a way that integrates well with any system.","robots":{"index":"index","follow":"follow","max-snippet":"max-snippet:-1","max-image-preview":"max-image-preview:large","max-video-preview":"max-video-preview:-1"},"canonical":"https:\/\/www.aquaprofit.com\/en\/products\/iron-and-manganese-removal-technologies\/","og_locale":"en_US","og_type":"article","og_title":"Iron and manganese removal technologies - Aquaprofit Zrt.","og_description":"Our innovative IMR System can provide a state-of-the-art solution for filtering metal ions in a way that integrates well with any system.","og_url":"https:\/\/www.aquaprofit.com\/en\/products\/iron-and-manganese-removal-technologies\/","og_site_name":"Aquaprofit Zrt.","article_modified_time":"2024-04-11T11:36:58+00:00","og_image":[{"width":922,"height":519,"url":"https:\/\/www.aquaprofit.com\/files\/vasmangantalanito.jpg","type":"image\/jpeg"}],"twitter_card":"summary_large_image","twitter_misc":{"Est. reading time":"3 minutes"},"schema":{"@context":"https:\/\/schema.org","@graph":[{"@type":"WebPage","@id":"https:\/\/www.aquaprofit.com\/en\/products\/iron-and-manganese-removal-technologies\/","url":"https:\/\/www.aquaprofit.com\/en\/products\/iron-and-manganese-removal-technologies\/","name":"Iron and manganese removal technologies - Aquaprofit Zrt.","isPartOf":{"@id":"https:\/\/www.aquaprofit.com\/en\/#website"},"primaryImageOfPage":{"@id":"https:\/\/www.aquaprofit.com\/en\/products\/iron-and-manganese-removal-technologies\/#primaryimage"},"image":{"@id":"https:\/\/www.aquaprofit.com\/en\/products\/iron-and-manganese-removal-technologies\/#primaryimage"},"thumbnailUrl":"https:\/\/www.aquaprofit.com\/files\/vasmangantalanito.jpg","datePublished":"2023-10-30T13:47:23+00:00","dateModified":"2024-04-11T11:36:58+00:00","description":"Our innovative IMR System can provide a state-of-the-art solution for filtering metal ions in a way that integrates well with any system.","breadcrumb":{"@id":"https:\/\/www.aquaprofit.com\/en\/products\/iron-and-manganese-removal-technologies\/#breadcrumb"},"inLanguage":"en-US","potentialAction":[{"@type":"ReadAction","target":["https:\/\/www.aquaprofit.com\/en\/products\/iron-and-manganese-removal-technologies\/"]}]},{"@type":"ImageObject","inLanguage":"en-US","@id":"https:\/\/www.aquaprofit.com\/en\/products\/iron-and-manganese-removal-technologies\/#primaryimage","url":"https:\/\/www.aquaprofit.com\/files\/vasmangantalanito.jpg","contentUrl":"https:\/\/www.aquaprofit.com\/files\/vasmangantalanito.jpg","width":922,"height":519},{"@type":"BreadcrumbList","@id":"https:\/\/www.aquaprofit.com\/en\/products\/iron-and-manganese-removal-technologies\/#breadcrumb","itemListElement":[{"@type":"ListItem","position":1,"name":"Products","item":"https:\/\/www.aquaprofit.com\/en\/products\/"},{"@type":"ListItem","position":2,"name":"Iron and manganese removal technologies"}]},{"@type":"WebSite","@id":"https:\/\/www.aquaprofit.com\/en\/#website","url":"https:\/\/www.aquaprofit.com\/en\/","name":"Aquaprofit Zrt.","description":"","potentialAction":[{"@type":"SearchAction","target":{"@type":"EntryPoint","urlTemplate":"https:\/\/www.aquaprofit.com\/en\/?s={search_term_string}"},"query-input":{"@type":"PropertyValueSpecification","valueRequired":true,"valueName":"search_term_string"}}],"inLanguage":"en-US"}]}},"_links":{"self":[{"href":"https:\/\/www.aquaprofit.com\/en\/wp-json\/wp\/v2\/pages\/149","targetHints":{"allow":["GET"]}}],"collection":[{"href":"https:\/\/www.aquaprofit.com\/en\/wp-json\/wp\/v2\/pages"}],"about":[{"href":"https:\/\/www.aquaprofit.com\/en\/wp-json\/wp\/v2\/types\/page"}],"author":[{"embeddable":true,"href":"https:\/\/www.aquaprofit.com\/en\/wp-json\/wp\/v2\/users\/1"}],"replies":[{"embeddable":true,"href":"https:\/\/www.aquaprofit.com\/en\/wp-json\/wp\/v2\/comments?post=149"}],"version-history":[{"count":0,"href":"https:\/\/www.aquaprofit.com\/en\/wp-json\/wp\/v2\/pages\/149\/revisions"}],"up":[{"embeddable":true,"href":"https:\/\/www.aquaprofit.com\/en\/wp-json\/wp\/v2\/pages\/125"}],"wp:featuredmedia":[{"embeddable":true,"href":"https:\/\/www.aquaprofit.com\/en\/wp-json\/wp\/v2\/media\/274"}],"wp:attachment":[{"href":"https:\/\/www.aquaprofit.com\/en\/wp-json\/wp\/v2\/media?parent=149"}],"curies":[{"name":"wp","href":"https:\/\/api.w.org\/{rel}","templated":true}]}}