{"id":153,"date":"2023-10-30T14:48:44","date_gmt":"2023-10-30T13:48:44","guid":{"rendered":"https:\/\/www.aquaprofit.com\/?page_id=153"},"modified":"2023-11-17T12:29:56","modified_gmt":"2023-11-17T11:29:56","slug":"ap-bt4-8-inverted-siphon-dam-hybrid-structure","status":"publish","type":"page","link":"https:\/\/www.aquaprofit.com\/en\/products\/ap-bt4-8-inverted-siphon-dam-hybrid-structure\/","title":{"rendered":"AP BT4-8 inverted siphon-dam hybrid structure"},"content":{"rendered":"<h1>SURFACE WATER CONTROL: AN INTEGRATED SOLUTION FOR CROSSING CHANNELS AND WATER FLOWS<\/h1>\n<p><strong>In case of expansion and development of surface water management systems, it may be necessary to solve the crossing of canals and watercourses.<\/strong><\/p>\n<p>AQUAPROFIT Co. has developed this concealed structure combined with a dam for such cases. The concealment structure is integrated on the upstream side with a tilting dam structure like an ear shaft.<\/p>\n<div id=\"attachment_350\" style=\"width: 710px\" class=\"wp-caption aligncenter\"><img loading=\"lazy\" decoding=\"async\" aria-describedby=\"caption-attachment-350\" class=\"wp-image-350 img-fluid\" src=\"https:\/\/www.aquaprofit.com\/files\/DJI_0373.jpg\" alt=\"D 1.800 mm b\u00fajtat\u00f3 \u00e9s t\u00e1vm\u0171k\u00f6dtet\u00e9s\u0171, vasbetonfalas duzzaszt\u00f3 kombin\u00e1lt m\u0171t\u00e1rgy, a v\u00edzp\u00f3tl\u00f3 F\u0151csatorna \u00e1tvezet\u00e9se a Korcsina csatorna alatt (Lak\u00f3csa, \u0150s-Dr\u00e1va projekt)\" width=\"700\" height=\"394\" srcset=\"https:\/\/www.aquaprofit.com\/files\/DJI_0373.jpg 800w, https:\/\/www.aquaprofit.com\/files\/DJI_0373-534x300.jpg 534w\" sizes=\"auto, (max-width: 700px) 100vw, 700px\" \/><p id=\"caption-attachment-350\" class=\"wp-caption-text\">D 1.800 mm inverted siphon and remote controlled, reinforced concrete siphon-dam hybrid structure, transitioning the water replacement Main Channel under the Korcsina canal (Lak\u00f3csa, Ancient-Dr\u00e1va Project)<\/p><\/div>\n<p>The lower plane of the base plate of the two structures is the same. The front wall of the concealed structure is made up of remaining sheet piles, which are folded down to the upper plane of the base plates on the influence side. These battens also provide an extension of the leak path.<\/p>\n<p>The battens are closed by a monolithic reinforced concrete beam on the upper plane of the structure. The front wall of the ear shaft receives the prefabricated reinforced concrete pipe of the weir. The inner diameter of the reinforced concrete pipes is 1600 mm. The element connected to the ear shaft is formed with an angular break, thus tilting the water to be passed through the enclosure under the bed of the crossed channel.<\/p>\n<h2>PRODUCT BENEFITS<\/h2>\n<ul>\n<li>standardized, economical design<\/li>\n<li>automated, remote control operation<\/li>\n<li>use of prefabricated elements, economical design<\/li>\n<li>fast construction<\/li>\n<\/ul>\n<h2>CONDITIONS OF APPLICATION, DESIGN<\/h2>\n<ul>\n<li>crossing small watercourses and canals<\/li>\n<li>maximum water flow: 8.0 m<sup>3<\/sup>\/s<\/li>\n<li>maximum swelling: 4.0 m<\/li>\n<li>locking device: tilting plate<\/li>\n<li>power supply: from a wired network<\/li>\n<\/ul>\n<h2>REFERENCES<\/h2>\n<ul>\n<li><strong>Water replacement main branch<\/strong>\u00a0(<em>Ancient-Dr\u00e1va water retention project, OVF, 2020-21.)<\/em><\/li>\n<li><strong>Korcina canal<\/strong>\u00a0<em>(Ancient-Dr\u00e1va water retention project, OVF, 2020-21.)<\/em><\/li>\n<\/ul>\n<div class=\"gallery-imgs row\">\n            <div class=\"gallery-item col-sm-6 col-lg-4\">\n                    <a href=\"https:\/\/www.aquaprofit.com\/files\/779d9e56-3114-412b-bddd-7811748d5372_N_bujtato_keresztmetszet.jpg\">\n                        <img decoding=\"async\" src=\"https:\/\/www.aquaprofit.com\/files\/779d9e56-3114-412b-bddd-7811748d5372_N_bujtato_keresztmetszet-534x300.jpg\" alt=\"\" class=\"img-fluid\">\n\t\t\t\t\t\t\t\t<span class=\"wp-caption-text\">D 1.800 mm inverted siphon and remote controlled, reinforced concrete siphon-dam hybrid structure, transitioning the water replacement Main Channel under the Korcsina canal (Lak\u00f3csa, Ancient-Dr\u00e1va Project)<\/span>\n                    <\/a>\n            <\/div>\n            <div class=\"gallery-item col-sm-6 col-lg-4\">\n                    <a href=\"https:\/\/www.aquaprofit.com\/files\/DJI_0369.jpg\">\n                        <img decoding=\"async\" src=\"https:\/\/www.aquaprofit.com\/files\/DJI_0369-534x300.jpg\" alt=\"\" class=\"img-fluid\">\n\t\t\t\t\t\t\t\t<span class=\"wp-caption-text\">1600 mm diameter inverted siphon and a tilting weir built together as a combined structure to convey the water of the main channel under channel Korcsina. (Lak\u00f3csa, Ancient-Drava project)<\/span>\n                    <\/a>\n            <\/div>\n            <div class=\"gallery-item col-sm-6 col-lg-4\">\n                    <a href=\"https:\/\/www.aquaprofit.com\/files\/bujt-0812-1.jpg\">\n                        <img decoding=\"async\" src=\"https:\/\/www.aquaprofit.com\/files\/bujt-0812-1-534x300.jpg\" alt=\"\" class=\"img-fluid\">\n\t\t\t\t\t\t\t\t<span class=\"wp-caption-text\">D 1.800 mm inverted siphon and remote controlled, reinforced concrete siphon-dam hybrid structure, transitioning the water replacement Main Channel under the Korcsina canal (Lak\u00f3csa, Ancient-Dr\u00e1va Project)<\/span>\n                    <\/a>\n            <\/div><\/div>\n","protected":false},"excerpt":{"rendered":"<p>SURFACE WATER CONTROL: AN INTEGRATED SOLUTION FOR CROSSING CHANNELS AND WATER FLOWS In case of expansion and development of surface water management systems, it may be necessary to solve the crossing of canals and watercourses. AQUAPROFIT Co. has developed this concealed structure combined with a dam for such cases. The concealment structure is integrated on <a href=\"https:\/\/www.aquaprofit.com\/en\/products\/ap-bt4-8-inverted-siphon-dam-hybrid-structure\/\" class=\"more-link\">&#8230;<span class=\"screen-reader-text\">  AP BT4-8 inverted siphon-dam hybrid structure<\/span><\/a><\/p>\n","protected":false},"author":1,"featured_media":356,"parent":125,"menu_order":64,"comment_status":"closed","ping_status":"closed","template":"","meta":{"footnotes":""},"class_list":["post-153","page","type-page","status-publish","has-post-thumbnail","hentry"],"yoast_head":"<!-- This site is optimized with the Yoast SEO plugin v26.7 - https:\/\/yoast.com\/wordpress\/plugins\/seo\/ -->\n<title>AP BT4-8 inverted siphon-dam hybrid structure - Aquaprofit Zrt.<\/title>\n<meta name=\"robots\" content=\"index, follow, max-snippet:-1, max-image-preview:large, max-video-preview:-1\" \/>\n<link rel=\"canonical\" href=\"https:\/\/www.aquaprofit.com\/en\/products\/ap-bt4-8-inverted-siphon-dam-hybrid-structure\/\" \/>\n<meta property=\"og:locale\" content=\"en_US\" \/>\n<meta property=\"og:type\" content=\"article\" \/>\n<meta property=\"og:title\" content=\"AP BT4-8 inverted siphon-dam hybrid structure - Aquaprofit Zrt.\" \/>\n<meta property=\"og:description\" content=\"SURFACE WATER CONTROL: AN INTEGRATED SOLUTION FOR CROSSING CHANNELS AND WATER FLOWS In case of expansion and development of surface water management systems, it may be necessary to solve the crossing of canals and watercourses. AQUAPROFIT Co. has developed this concealed structure combined with a dam for such cases. The concealment structure is integrated on ... AP BT4-8 inverted siphon-dam hybrid structure\" \/>\n<meta property=\"og:url\" content=\"https:\/\/www.aquaprofit.com\/en\/products\/ap-bt4-8-inverted-siphon-dam-hybrid-structure\/\" \/>\n<meta property=\"og:site_name\" content=\"Aquaprofit Zrt.\" \/>\n<meta property=\"article:modified_time\" content=\"2023-11-17T11:29:56+00:00\" \/>\n<meta property=\"og:image\" content=\"https:\/\/www.aquaprofit.com\/files\/bujt-0812.jpg\" \/>\n\t<meta property=\"og:image:width\" content=\"720\" \/>\n\t<meta property=\"og:image:height\" content=\"405\" \/>\n\t<meta property=\"og:image:type\" content=\"image\/jpeg\" \/>\n<meta name=\"twitter:card\" content=\"summary_large_image\" \/>\n<meta name=\"twitter:label1\" content=\"Est. reading time\" \/>\n\t<meta name=\"twitter:data1\" content=\"2 minutes\" \/>\n<script type=\"application\/ld+json\" class=\"yoast-schema-graph\">{\"@context\":\"https:\/\/schema.org\",\"@graph\":[{\"@type\":\"WebPage\",\"@id\":\"https:\/\/www.aquaprofit.com\/en\/products\/ap-bt4-8-inverted-siphon-dam-hybrid-structure\/\",\"url\":\"https:\/\/www.aquaprofit.com\/en\/products\/ap-bt4-8-inverted-siphon-dam-hybrid-structure\/\",\"name\":\"AP BT4-8 inverted siphon-dam hybrid structure - Aquaprofit Zrt.\",\"isPartOf\":{\"@id\":\"https:\/\/www.aquaprofit.com\/en\/#website\"},\"primaryImageOfPage\":{\"@id\":\"https:\/\/www.aquaprofit.com\/en\/products\/ap-bt4-8-inverted-siphon-dam-hybrid-structure\/#primaryimage\"},\"image\":{\"@id\":\"https:\/\/www.aquaprofit.com\/en\/products\/ap-bt4-8-inverted-siphon-dam-hybrid-structure\/#primaryimage\"},\"thumbnailUrl\":\"https:\/\/www.aquaprofit.com\/files\/bujt-0812.jpg\",\"datePublished\":\"2023-10-30T13:48:44+00:00\",\"dateModified\":\"2023-11-17T11:29:56+00:00\",\"breadcrumb\":{\"@id\":\"https:\/\/www.aquaprofit.com\/en\/products\/ap-bt4-8-inverted-siphon-dam-hybrid-structure\/#breadcrumb\"},\"inLanguage\":\"en-US\",\"potentialAction\":[{\"@type\":\"ReadAction\",\"target\":[\"https:\/\/www.aquaprofit.com\/en\/products\/ap-bt4-8-inverted-siphon-dam-hybrid-structure\/\"]}]},{\"@type\":\"ImageObject\",\"inLanguage\":\"en-US\",\"@id\":\"https:\/\/www.aquaprofit.com\/en\/products\/ap-bt4-8-inverted-siphon-dam-hybrid-structure\/#primaryimage\",\"url\":\"https:\/\/www.aquaprofit.com\/files\/bujt-0812.jpg\",\"contentUrl\":\"https:\/\/www.aquaprofit.com\/files\/bujt-0812.jpg\",\"width\":720,\"height\":405,\"caption\":\"DCIM100MEDIADJI_0367.JPG\"},{\"@type\":\"BreadcrumbList\",\"@id\":\"https:\/\/www.aquaprofit.com\/en\/products\/ap-bt4-8-inverted-siphon-dam-hybrid-structure\/#breadcrumb\",\"itemListElement\":[{\"@type\":\"ListItem\",\"position\":1,\"name\":\"Products\",\"item\":\"https:\/\/www.aquaprofit.com\/en\/products\/\"},{\"@type\":\"ListItem\",\"position\":2,\"name\":\"AP BT4-8 inverted siphon-dam hybrid structure\"}]},{\"@type\":\"WebSite\",\"@id\":\"https:\/\/www.aquaprofit.com\/en\/#website\",\"url\":\"https:\/\/www.aquaprofit.com\/en\/\",\"name\":\"Aquaprofit Zrt.\",\"description\":\"\",\"potentialAction\":[{\"@type\":\"SearchAction\",\"target\":{\"@type\":\"EntryPoint\",\"urlTemplate\":\"https:\/\/www.aquaprofit.com\/en\/?s={search_term_string}\"},\"query-input\":{\"@type\":\"PropertyValueSpecification\",\"valueRequired\":true,\"valueName\":\"search_term_string\"}}],\"inLanguage\":\"en-US\"}]}<\/script>\n<!-- \/ Yoast SEO plugin. -->","yoast_head_json":{"title":"AP BT4-8 inverted siphon-dam hybrid structure - Aquaprofit Zrt.","robots":{"index":"index","follow":"follow","max-snippet":"max-snippet:-1","max-image-preview":"max-image-preview:large","max-video-preview":"max-video-preview:-1"},"canonical":"https:\/\/www.aquaprofit.com\/en\/products\/ap-bt4-8-inverted-siphon-dam-hybrid-structure\/","og_locale":"en_US","og_type":"article","og_title":"AP BT4-8 inverted siphon-dam hybrid structure - Aquaprofit Zrt.","og_description":"SURFACE WATER CONTROL: AN INTEGRATED SOLUTION FOR CROSSING CHANNELS AND WATER FLOWS In case of expansion and development of surface water management systems, it may be necessary to solve the crossing of canals and watercourses. AQUAPROFIT Co. has developed this concealed structure combined with a dam for such cases. The concealment structure is integrated on ... AP BT4-8 inverted siphon-dam hybrid structure","og_url":"https:\/\/www.aquaprofit.com\/en\/products\/ap-bt4-8-inverted-siphon-dam-hybrid-structure\/","og_site_name":"Aquaprofit Zrt.","article_modified_time":"2023-11-17T11:29:56+00:00","og_image":[{"width":720,"height":405,"url":"https:\/\/www.aquaprofit.com\/files\/bujt-0812.jpg","type":"image\/jpeg"}],"twitter_card":"summary_large_image","twitter_misc":{"Est. reading time":"2 minutes"},"schema":{"@context":"https:\/\/schema.org","@graph":[{"@type":"WebPage","@id":"https:\/\/www.aquaprofit.com\/en\/products\/ap-bt4-8-inverted-siphon-dam-hybrid-structure\/","url":"https:\/\/www.aquaprofit.com\/en\/products\/ap-bt4-8-inverted-siphon-dam-hybrid-structure\/","name":"AP BT4-8 inverted siphon-dam hybrid structure - Aquaprofit Zrt.","isPartOf":{"@id":"https:\/\/www.aquaprofit.com\/en\/#website"},"primaryImageOfPage":{"@id":"https:\/\/www.aquaprofit.com\/en\/products\/ap-bt4-8-inverted-siphon-dam-hybrid-structure\/#primaryimage"},"image":{"@id":"https:\/\/www.aquaprofit.com\/en\/products\/ap-bt4-8-inverted-siphon-dam-hybrid-structure\/#primaryimage"},"thumbnailUrl":"https:\/\/www.aquaprofit.com\/files\/bujt-0812.jpg","datePublished":"2023-10-30T13:48:44+00:00","dateModified":"2023-11-17T11:29:56+00:00","breadcrumb":{"@id":"https:\/\/www.aquaprofit.com\/en\/products\/ap-bt4-8-inverted-siphon-dam-hybrid-structure\/#breadcrumb"},"inLanguage":"en-US","potentialAction":[{"@type":"ReadAction","target":["https:\/\/www.aquaprofit.com\/en\/products\/ap-bt4-8-inverted-siphon-dam-hybrid-structure\/"]}]},{"@type":"ImageObject","inLanguage":"en-US","@id":"https:\/\/www.aquaprofit.com\/en\/products\/ap-bt4-8-inverted-siphon-dam-hybrid-structure\/#primaryimage","url":"https:\/\/www.aquaprofit.com\/files\/bujt-0812.jpg","contentUrl":"https:\/\/www.aquaprofit.com\/files\/bujt-0812.jpg","width":720,"height":405,"caption":"DCIM100MEDIADJI_0367.JPG"},{"@type":"BreadcrumbList","@id":"https:\/\/www.aquaprofit.com\/en\/products\/ap-bt4-8-inverted-siphon-dam-hybrid-structure\/#breadcrumb","itemListElement":[{"@type":"ListItem","position":1,"name":"Products","item":"https:\/\/www.aquaprofit.com\/en\/products\/"},{"@type":"ListItem","position":2,"name":"AP BT4-8 inverted siphon-dam hybrid structure"}]},{"@type":"WebSite","@id":"https:\/\/www.aquaprofit.com\/en\/#website","url":"https:\/\/www.aquaprofit.com\/en\/","name":"Aquaprofit Zrt.","description":"","potentialAction":[{"@type":"SearchAction","target":{"@type":"EntryPoint","urlTemplate":"https:\/\/www.aquaprofit.com\/en\/?s={search_term_string}"},"query-input":{"@type":"PropertyValueSpecification","valueRequired":true,"valueName":"search_term_string"}}],"inLanguage":"en-US"}]}},"_links":{"self":[{"href":"https:\/\/www.aquaprofit.com\/en\/wp-json\/wp\/v2\/pages\/153","targetHints":{"allow":["GET"]}}],"collection":[{"href":"https:\/\/www.aquaprofit.com\/en\/wp-json\/wp\/v2\/pages"}],"about":[{"href":"https:\/\/www.aquaprofit.com\/en\/wp-json\/wp\/v2\/types\/page"}],"author":[{"embeddable":true,"href":"https:\/\/www.aquaprofit.com\/en\/wp-json\/wp\/v2\/users\/1"}],"replies":[{"embeddable":true,"href":"https:\/\/www.aquaprofit.com\/en\/wp-json\/wp\/v2\/comments?post=153"}],"version-history":[{"count":0,"href":"https:\/\/www.aquaprofit.com\/en\/wp-json\/wp\/v2\/pages\/153\/revisions"}],"up":[{"embeddable":true,"href":"https:\/\/www.aquaprofit.com\/en\/wp-json\/wp\/v2\/pages\/125"}],"wp:featuredmedia":[{"embeddable":true,"href":"https:\/\/www.aquaprofit.com\/en\/wp-json\/wp\/v2\/media\/356"}],"wp:attachment":[{"href":"https:\/\/www.aquaprofit.com\/en\/wp-json\/wp\/v2\/media?parent=153"}],"curies":[{"name":"wp","href":"https:\/\/api.w.org\/{rel}","templated":true}]}}