{"id":154,"date":"2023-10-30T14:49:13","date_gmt":"2023-10-30T13:49:13","guid":{"rendered":"https:\/\/www.aquaprofit.com\/?page_id=154"},"modified":"2023-11-17T12:34:07","modified_gmt":"2023-11-17T11:34:07","slug":"ap-sd2-1-small-dam-with-sheet-piling","status":"publish","type":"page","link":"https:\/\/www.aquaprofit.com\/en\/products\/ap-sd2-1-small-dam-with-sheet-piling\/","title":{"rendered":"AP SD2-1 small dam with sheet piling"},"content":{"rendered":"<h1>MULTIFUNCTIONAL, AUTOMATED SOLUTION, EVEN WITH CARBON-NEUTRAL POWER SUPPLY<\/h1>\n<p><strong>Climate change in the 21st century is causing more and more extreme weather, which is also fundamentally affecting our natural waters. The use of modern water management technologies is therefore essential for the sustainable ecological water management of our time.<\/strong><\/p>\n<div id=\"attachment_364\" style=\"width: 611px\" class=\"wp-caption aligncenter\"><img loading=\"lazy\" decoding=\"async\" aria-describedby=\"caption-attachment-364\" class=\"wp-image-364 img-fluid\" src=\"https:\/\/www.aquaprofit.com\/files\/36a_1-e1699611741746.jpg\" alt=\"Tipping plate dam with sheet piling on the K\u00e1polnai-G\u00fcr\u00fc canal (Dr\u00e1vakereszt\u00far, Ancient-Dr\u00e1va Project)\" width=\"601\" height=\"740\" \/><p id=\"caption-attachment-364\" class=\"wp-caption-text\">Tipping plate dam with sheet piling on the K\u00e1polnai-G\u00fcr\u00fc canal (Dr\u00e1vakereszt\u00far, Ancient-Dr\u00e1va Project)<\/p><\/div>\n<p>The AP SD2-1 small dam with sheet piling provide a solution to a number of water management problems. This technology is excellent for daming smaller watercourses, artificial canals and regulating the water level in canals. Its application also makes it possible to retain natural waters in the landscape, to maintain the water level required for water uses in the water system.<\/p>\n<blockquote>On larger water systems, it may be advantageous to build uniform, simple, quick-to-implement dams suitable for remote operation, for which the small dam structure developed by AQUAPROFIT Co. is perfectly suitable.<\/blockquote>\n<h2>PRODUCT BENEFITS<\/h2>\n<ul>\n<li>typified design, multifunctional structural elements<\/li>\n<li>the sheet metal wall provides sealing and leakage prevention at the same time<\/li>\n<li>the sheet metal head beam also provides interconnection and transverse traffic<\/li>\n<li>automated leveling, remote control and manual operation<\/li>\n<li>use of prefabricated elements, economical design<\/li>\n<li>fast construction<\/li>\n<\/ul>\n<h2>CONDITIONS OF APPLICATION, DESIGN<\/h2>\n<ul>\n<li>small watercourses, canals, smaller bed sections, less dynamically changing water flow<\/li>\n<li>maximum water flow: 1.0 m<sup>3<\/sup>\/s<\/li>\n<li>maximum swelling: 2.0 m<\/li>\n<li>locking device: tilting plate<\/li>\n<li>power supply: from a solar island or wired network<\/li>\n<\/ul>\n<h2>REFERENCES<\/h2>\n<ul>\n<li><strong>Si\u00f3puszta ditch<\/strong>\u00a0<em>(Ancient-Dr\u00e1va water retention project \/ OVF, 2017-2021.)<\/em><\/li>\n<li><strong>Kanszki Berek-Fels\u0151szentm\u00e1rton backwater connecting canal<\/strong>\u00a0<em>(Ancient-Dr\u00e1va water retention project \/ OVF, 2017-2021.)<\/em><\/li>\n<li><strong>Sellyei-G\u00fcr\u00fc canal, C\u00fani canal<\/strong>\u00a0<em>(Ancient-Dr\u00e1va water retention project \/ OVF, 2017-2021)<\/em><\/li>\n<\/ul>\n<div id=\"attachment_370\" style=\"width: 710px\" class=\"wp-caption aligncenter\"><img loading=\"lazy\" decoding=\"async\" aria-describedby=\"caption-attachment-370\" class=\"wp-image-370 img-fluid\" src=\"https:\/\/www.aquaprofit.com\/files\/33a-2.jpg\" alt=\"Remote-operated, tipping plate, reinforced concrete wall dam on the Sellyei-G\u00fcr\u00fc canal (S\u00f3svertike, Ancient-Dr\u00e1va Project)\" width=\"700\" height=\"525\" \/><p id=\"caption-attachment-370\" class=\"wp-caption-text\">Remote-operated, tipping plate, reinforced concrete wall dam on the Sellyei-G\u00fcr\u00fc canal (S\u00f3svertike, Ancient-Dr\u00e1va Project)<\/p><\/div>\n","protected":false},"excerpt":{"rendered":"<p>MULTIFUNCTIONAL, AUTOMATED SOLUTION, EVEN WITH CARBON-NEUTRAL POWER SUPPLY Climate change in the 21st century is causing more and more extreme weather, which is also fundamentally affecting our natural waters. The use of modern water management technologies is therefore essential for the sustainable ecological water management of our time. The AP SD2-1 small dam with sheet <a href=\"https:\/\/www.aquaprofit.com\/en\/products\/ap-sd2-1-small-dam-with-sheet-piling\/\" class=\"more-link\">&#8230;<span class=\"screen-reader-text\">  AP SD2-1 small dam with sheet piling<\/span><\/a><\/p>\n","protected":false},"author":1,"featured_media":374,"parent":125,"menu_order":66,"comment_status":"closed","ping_status":"closed","template":"","meta":{"footnotes":""},"class_list":["post-154","page","type-page","status-publish","has-post-thumbnail","hentry"],"yoast_head":"<!-- This site is optimized with the Yoast SEO plugin v27.5 - https:\/\/yoast.com\/product\/yoast-seo-wordpress\/ -->\n<title>AP SD2-1 small dam with sheet piling - Aquaprofit Zrt.<\/title>\n<meta name=\"description\" content=\"We provide a solution to a number of water management problems.\" \/>\n<meta name=\"robots\" content=\"index, follow, max-snippet:-1, max-image-preview:large, max-video-preview:-1\" \/>\n<link rel=\"canonical\" href=\"https:\/\/www.aquaprofit.com\/en\/products\/ap-sd2-1-small-dam-with-sheet-piling\/\" \/>\n<meta property=\"og:locale\" content=\"en_US\" \/>\n<meta property=\"og:type\" content=\"article\" \/>\n<meta property=\"og:title\" content=\"AP SD2-1 small dam with sheet piling - Aquaprofit Zrt.\" \/>\n<meta property=\"og:description\" content=\"We provide a solution to a number of water management problems.\" \/>\n<meta property=\"og:url\" content=\"https:\/\/www.aquaprofit.com\/en\/products\/ap-sd2-1-small-dam-with-sheet-piling\/\" \/>\n<meta property=\"og:site_name\" content=\"Aquaprofit Zrt.\" \/>\n<meta property=\"article:modified_time\" content=\"2023-11-17T11:34:07+00:00\" \/>\n<meta property=\"og:image\" content=\"https:\/\/www.aquaprofit.com\/files\/8-e1699611647397.jpg\" \/>\n\t<meta property=\"og:image:width\" content=\"922\" \/>\n\t<meta property=\"og:image:height\" content=\"445\" \/>\n\t<meta property=\"og:image:type\" content=\"image\/jpeg\" \/>\n<meta name=\"twitter:card\" content=\"summary_large_image\" \/>\n<meta name=\"twitter:label1\" content=\"Est. reading time\" \/>\n\t<meta name=\"twitter:data1\" content=\"2 minutes\" \/>\n<script type=\"application\/ld+json\" class=\"yoast-schema-graph\">{\"@context\":\"https:\\\/\\\/schema.org\",\"@graph\":[{\"@type\":\"WebPage\",\"@id\":\"https:\\\/\\\/www.aquaprofit.com\\\/en\\\/products\\\/ap-sd2-1-small-dam-with-sheet-piling\\\/\",\"url\":\"https:\\\/\\\/www.aquaprofit.com\\\/en\\\/products\\\/ap-sd2-1-small-dam-with-sheet-piling\\\/\",\"name\":\"AP SD2-1 small dam with sheet piling - Aquaprofit Zrt.\",\"isPartOf\":{\"@id\":\"https:\\\/\\\/www.aquaprofit.com\\\/en\\\/#website\"},\"primaryImageOfPage\":{\"@id\":\"https:\\\/\\\/www.aquaprofit.com\\\/en\\\/products\\\/ap-sd2-1-small-dam-with-sheet-piling\\\/#primaryimage\"},\"image\":{\"@id\":\"https:\\\/\\\/www.aquaprofit.com\\\/en\\\/products\\\/ap-sd2-1-small-dam-with-sheet-piling\\\/#primaryimage\"},\"thumbnailUrl\":\"https:\\\/\\\/www.aquaprofit.com\\\/files\\\/8-e1699611647397.jpg\",\"datePublished\":\"2023-10-30T13:49:13+00:00\",\"dateModified\":\"2023-11-17T11:34:07+00:00\",\"description\":\"We provide a solution to a number of water management problems.\",\"breadcrumb\":{\"@id\":\"https:\\\/\\\/www.aquaprofit.com\\\/en\\\/products\\\/ap-sd2-1-small-dam-with-sheet-piling\\\/#breadcrumb\"},\"inLanguage\":\"en-US\",\"potentialAction\":[{\"@type\":\"ReadAction\",\"target\":[\"https:\\\/\\\/www.aquaprofit.com\\\/en\\\/products\\\/ap-sd2-1-small-dam-with-sheet-piling\\\/\"]}]},{\"@type\":\"ImageObject\",\"inLanguage\":\"en-US\",\"@id\":\"https:\\\/\\\/www.aquaprofit.com\\\/en\\\/products\\\/ap-sd2-1-small-dam-with-sheet-piling\\\/#primaryimage\",\"url\":\"https:\\\/\\\/www.aquaprofit.com\\\/files\\\/8-e1699611647397.jpg\",\"contentUrl\":\"https:\\\/\\\/www.aquaprofit.com\\\/files\\\/8-e1699611647397.jpg\",\"width\":922,\"height\":445},{\"@type\":\"BreadcrumbList\",\"@id\":\"https:\\\/\\\/www.aquaprofit.com\\\/en\\\/products\\\/ap-sd2-1-small-dam-with-sheet-piling\\\/#breadcrumb\",\"itemListElement\":[{\"@type\":\"ListItem\",\"position\":1,\"name\":\"Products\",\"item\":\"https:\\\/\\\/www.aquaprofit.com\\\/en\\\/products\\\/\"},{\"@type\":\"ListItem\",\"position\":2,\"name\":\"AP SD2-1 small dam with sheet piling\"}]},{\"@type\":\"WebSite\",\"@id\":\"https:\\\/\\\/www.aquaprofit.com\\\/en\\\/#website\",\"url\":\"https:\\\/\\\/www.aquaprofit.com\\\/en\\\/\",\"name\":\"Aquaprofit Zrt.\",\"description\":\"\",\"potentialAction\":[{\"@type\":\"SearchAction\",\"target\":{\"@type\":\"EntryPoint\",\"urlTemplate\":\"https:\\\/\\\/www.aquaprofit.com\\\/en\\\/?s={search_term_string}\"},\"query-input\":{\"@type\":\"PropertyValueSpecification\",\"valueRequired\":true,\"valueName\":\"search_term_string\"}}],\"inLanguage\":\"en-US\"}]}<\/script>\n<!-- \/ Yoast SEO plugin. -->","yoast_head_json":{"title":"AP SD2-1 small dam with sheet piling - Aquaprofit Zrt.","description":"We provide a solution to a number of water management problems.","robots":{"index":"index","follow":"follow","max-snippet":"max-snippet:-1","max-image-preview":"max-image-preview:large","max-video-preview":"max-video-preview:-1"},"canonical":"https:\/\/www.aquaprofit.com\/en\/products\/ap-sd2-1-small-dam-with-sheet-piling\/","og_locale":"en_US","og_type":"article","og_title":"AP SD2-1 small dam with sheet piling - Aquaprofit Zrt.","og_description":"We provide a solution to a number of water management problems.","og_url":"https:\/\/www.aquaprofit.com\/en\/products\/ap-sd2-1-small-dam-with-sheet-piling\/","og_site_name":"Aquaprofit Zrt.","article_modified_time":"2023-11-17T11:34:07+00:00","og_image":[{"width":922,"height":445,"url":"https:\/\/www.aquaprofit.com\/files\/8-e1699611647397.jpg","type":"image\/jpeg"}],"twitter_card":"summary_large_image","twitter_misc":{"Est. reading time":"2 minutes"},"schema":{"@context":"https:\/\/schema.org","@graph":[{"@type":"WebPage","@id":"https:\/\/www.aquaprofit.com\/en\/products\/ap-sd2-1-small-dam-with-sheet-piling\/","url":"https:\/\/www.aquaprofit.com\/en\/products\/ap-sd2-1-small-dam-with-sheet-piling\/","name":"AP SD2-1 small dam with sheet piling - Aquaprofit Zrt.","isPartOf":{"@id":"https:\/\/www.aquaprofit.com\/en\/#website"},"primaryImageOfPage":{"@id":"https:\/\/www.aquaprofit.com\/en\/products\/ap-sd2-1-small-dam-with-sheet-piling\/#primaryimage"},"image":{"@id":"https:\/\/www.aquaprofit.com\/en\/products\/ap-sd2-1-small-dam-with-sheet-piling\/#primaryimage"},"thumbnailUrl":"https:\/\/www.aquaprofit.com\/files\/8-e1699611647397.jpg","datePublished":"2023-10-30T13:49:13+00:00","dateModified":"2023-11-17T11:34:07+00:00","description":"We provide a solution to a number of water management problems.","breadcrumb":{"@id":"https:\/\/www.aquaprofit.com\/en\/products\/ap-sd2-1-small-dam-with-sheet-piling\/#breadcrumb"},"inLanguage":"en-US","potentialAction":[{"@type":"ReadAction","target":["https:\/\/www.aquaprofit.com\/en\/products\/ap-sd2-1-small-dam-with-sheet-piling\/"]}]},{"@type":"ImageObject","inLanguage":"en-US","@id":"https:\/\/www.aquaprofit.com\/en\/products\/ap-sd2-1-small-dam-with-sheet-piling\/#primaryimage","url":"https:\/\/www.aquaprofit.com\/files\/8-e1699611647397.jpg","contentUrl":"https:\/\/www.aquaprofit.com\/files\/8-e1699611647397.jpg","width":922,"height":445},{"@type":"BreadcrumbList","@id":"https:\/\/www.aquaprofit.com\/en\/products\/ap-sd2-1-small-dam-with-sheet-piling\/#breadcrumb","itemListElement":[{"@type":"ListItem","position":1,"name":"Products","item":"https:\/\/www.aquaprofit.com\/en\/products\/"},{"@type":"ListItem","position":2,"name":"AP SD2-1 small dam with sheet piling"}]},{"@type":"WebSite","@id":"https:\/\/www.aquaprofit.com\/en\/#website","url":"https:\/\/www.aquaprofit.com\/en\/","name":"Aquaprofit Zrt.","description":"","potentialAction":[{"@type":"SearchAction","target":{"@type":"EntryPoint","urlTemplate":"https:\/\/www.aquaprofit.com\/en\/?s={search_term_string}"},"query-input":{"@type":"PropertyValueSpecification","valueRequired":true,"valueName":"search_term_string"}}],"inLanguage":"en-US"}]}},"_links":{"self":[{"href":"https:\/\/www.aquaprofit.com\/en\/wp-json\/wp\/v2\/pages\/154","targetHints":{"allow":["GET"]}}],"collection":[{"href":"https:\/\/www.aquaprofit.com\/en\/wp-json\/wp\/v2\/pages"}],"about":[{"href":"https:\/\/www.aquaprofit.com\/en\/wp-json\/wp\/v2\/types\/page"}],"author":[{"embeddable":true,"href":"https:\/\/www.aquaprofit.com\/en\/wp-json\/wp\/v2\/users\/1"}],"replies":[{"embeddable":true,"href":"https:\/\/www.aquaprofit.com\/en\/wp-json\/wp\/v2\/comments?post=154"}],"version-history":[{"count":0,"href":"https:\/\/www.aquaprofit.com\/en\/wp-json\/wp\/v2\/pages\/154\/revisions"}],"up":[{"embeddable":true,"href":"https:\/\/www.aquaprofit.com\/en\/wp-json\/wp\/v2\/pages\/125"}],"wp:featuredmedia":[{"embeddable":true,"href":"https:\/\/www.aquaprofit.com\/en\/wp-json\/wp\/v2\/media\/374"}],"wp:attachment":[{"href":"https:\/\/www.aquaprofit.com\/en\/wp-json\/wp\/v2\/media?parent=154"}],"curies":[{"name":"wp","href":"https:\/\/api.w.org\/{rel}","templated":true}]}}